{"id":3,"date":"2022-04-19T07:54:42","date_gmt":"2022-04-19T07:54:42","guid":{"rendered":"https:\/\/olssonjensen.se\/?page_id=3"},"modified":"2022-07-12T14:44:07","modified_gmt":"2022-07-12T14:44:07","slug":"privacy-policy-2","status":"publish","type":"page","link":"https:\/\/olssonjensen.se\/en\/privacy-policy-2\/","title":{"rendered":"Privacy Policy"},"content":{"rendered":"<section class=\"section\" id=\"section_669744437\">\n\t\t<div class=\"section-bg fill\" >\n\t\t\t\t\t\t\t\t\t\n\t\t\t\n\n\t\t<\/div>\n\n\t\t\n\n\t\t<div class=\"section-content relative\">\n\t\t\t\n\n<div class=\"row\"  id=\"row-1763964810\">\n\n\n\t<div id=\"col-1449279785\" class=\"col small-12 large-12\"  >\n\t\t\t\t<div class=\"col-inner\"  >\n\t\t\t\n\t\t\t\n\n<h1>Privacy Policy<\/h1>\n<p class=\"intro\">VERNA AB, org.nr. 556717-1953, Fabriksgatan 2, 254 74 \u00d6d\u00e5kra (\u201cOlsson &amp; Jensen\u201d) ensures that your personal data is processed in a privacy-secure manner with a good level of protection and in accordance with applicable data protection legislation.<\/p>\n<div class=\"main-text-content\">\n<p>This Privacy Policy describes how we at Verna AB \/ Olsson &amp; Jensen process personal information about you who are a customer or potential customer to us, a representative of a company that is a customer or potential customer to us, and you who visit our website.\u00a0<\/p>\n<p>If you have any questions about Olsson &amp; Jensen privacy protection, you are always welcome to contact us.<\/p>\n<h3>Personal data manager<\/h3>\n<p>Olsson &amp; Jensen is responsible for the processing of your personal data and is therefore responsible for ensuring that your data is handled in a correct and secure manner in accordance with applicable legislation.<\/p>\n<h2>What we collect and store<\/h2>\n<p>While visiting our website, we will track<\/p>\n<ul>\n<li>Products you have shown: we use this to show you products you have recently looked at, for example.<\/li>\n<li>Location information, IP address and browser type: we use this for purposes such as VAT calculation and shipping costs<\/li>\n<li>Delivery address: we ask you to enter this so that we, for example, can calculate shipping before you order, and send you the order<\/li>\n<\/ul>\n<p>We also use cookies to keep track of the contents of the shopping cart while you use our website.<\/p>\n<p>When you purchase from us, we ask you to provide us with information that includes your name, billing address, shipping address, email address, telephone number and any account information such as username and password. We use this information for purposes such as:<\/p>\n<ul>\n<li>Send information to you about your account and your order<\/li>\n<li>Answer your questions, including repurchases and complaints<\/li>\n<li>Process payments and prevent fraud<\/li>\n<li>Set up your account for our store<\/li>\n<li>Follow legal requirements we have, such as VAT calculation<\/li>\n<li>Improve our offers<\/li>\n<li>Send you marketing messages, if you choose to receive them<\/li>\n<\/ul>\n<p>If you create an account, we will store your name, address, e-mail address and telephone number, which will be used to fill in your details at the checkout for future orders.<\/p>\n<p>In general, we only store information about you as long as we need the information for the purposes for which we collect and use it, and as long as we are not legally obliged to store it. For example, we will store order information for the current time period for tax and accounting purposes. This includes your name, email address and billing and shipping addresses.<\/p>\n<p>We also store comments or reviews, if you leave them.<\/p>\n<h2>Who in our team has access<\/h2>\n<p>Members of our team have access to the information you give us:<\/p>\n<ul>\n<li>Order information such as what was bought, when it was bought and where it should be sent.<\/li>\n<li>Customer information such as your name, email address and billing and delivery information.<\/li>\n<\/ul>\n<p>Our team has access to this information to fulfill orders, make refunds and provide support.<\/p>\n<h3>Your rights<\/h3>\n<p>Verna AB \/ Olsson &amp; Jensen, as the person responsible for personal data, is responsible for ensuring that your personal data is processed in accordance with current legislation.\u00a0<\/p>\n<p>If you have an account or have written any comments on this website, you can request an export file with the personal information we have about you, including all information you have given us. You can also request that we delete all personal information we have about you. This does not include any information that we have to save for administrative, legal or security purposes.<\/p>\n<h3>The protection of your personal data<\/h3>\n<p>You can always feel safe when you submit your personal information to us. Verna AB \/ Olsson &amp; Jensen has therefore taken the necessary security measures to protect your personal data against unauthorized access, alteration and deletion. We will not disclose your information to anyone other than what is expressly stated in this Privacy Policy.<\/p>\n<h3>Changes<\/h3>\n<p>Verna AB \/ Olsson &amp; Jensen has the right to change the Privacy Policy at any time, the change will be published here on our website under the Privacy Policy.\u00a0<\/p>\n<h3>Contact information<\/h3>\n<p>You can always contact Verna AB \/ Olsson &amp; Jensen if you have any questions about this privacy policy, the processing of your personal data or if you want to exercise your rights under this privacy policy or applicable law:<\/p>\n<p><b>Email:<\/b>: gdpr@olssonjensen.com<\/p>\n<\/div>\n\n\t\t<\/div>\n\t\t\t\t\t<\/div>\n\n\t\n\n<\/div>\n<div class=\"row\"  id=\"row-1963437673\">\n\n\n\t<div id=\"col-510444617\" class=\"col small-12 large-12\"  >\n\t\t\t\t<div class=\"col-inner\"  >\n\t\t\t\n\t\t\t\n\n\n\t\t<\/div>\n\t\t\t\t\t<\/div>\n\n\t\n\n<\/div>\n\n\t\t<\/div>\n\n\t\t\n<style>\n#section_669744437 {\n  padding-top: 30px;\n  padding-bottom: 30px;\n}\n<\/style>\n\t<\/section>","protected":false},"excerpt":{"rendered":"","protected":false},"author":1,"featured_media":0,"parent":0,"menu_order":0,"comment_status":"closed","ping_status":"open","template":"","meta":{"_acf_changed":false,"footnotes":""},"class_list":["post-3","page","type-page","status-publish","hentry"],"acf":[],"yoast_head":"<!-- This site is optimized with the Yoast SEO plugin v27.3 - https:\/\/yoast.com\/product\/yoast-seo-wordpress\/ -->\n<title>Privacy Policy - Olsson &amp; Jensen<\/title>\n<meta name=\"description\" content=\"Olsson &amp; Jensen \u00e4r ett svenskt inredningsf\u00f6retag som s\u00e4ljer vintagem\u00f6bler och inredning till butiker i hela Sverige och flertalet l\u00e4nder.\" \/>\n<meta name=\"robots\" content=\"index, follow, max-snippet:-1, max-image-preview:large, max-video-preview:-1\" \/>\n<link rel=\"canonical\" href=\"https:\/\/olssonjensen.se\/en\/privacy-policy-2\/\" \/>\n<meta property=\"og:locale\" content=\"en_US\" \/>\n<meta property=\"og:type\" content=\"article\" \/>\n<meta property=\"og:title\" content=\"Privacy Policy - Olsson &amp; Jensen\" \/>\n<meta property=\"og:description\" content=\"Olsson &amp; Jensen \u00e4r ett svenskt inredningsf\u00f6retag som s\u00e4ljer vintagem\u00f6bler och inredning till butiker i hela Sverige och flertalet l\u00e4nder.\" \/>\n<meta property=\"og:url\" content=\"https:\/\/olssonjensen.se\/en\/privacy-policy-2\/\" \/>\n<meta property=\"og:site_name\" content=\"Olsson &amp; Jensen\" \/>\n<meta property=\"article:publisher\" content=\"https:\/\/www.facebook.com\/olssonjensen\" \/>\n<meta property=\"article:modified_time\" content=\"2022-07-12T14:44:07+00:00\" \/>\n<meta name=\"twitter:card\" content=\"summary_large_image\" \/>\n<meta name=\"twitter:label1\" content=\"Est. reading time\" \/>\n\t<meta name=\"twitter:data1\" content=\"4 minutes\" \/>\n<script type=\"application\/ld+json\" class=\"yoast-schema-graph\">{\"@context\":\"https:\\\/\\\/schema.org\",\"@graph\":[{\"@type\":\"WebPage\",\"@id\":\"https:\\\/\\\/olssonjensen.se\\\/privacy-policy-2\\\/\",\"url\":\"https:\\\/\\\/olssonjensen.se\\\/privacy-policy-2\\\/\",\"name\":\"Privacy Policy - Olsson &amp; Jensen\",\"isPartOf\":{\"@id\":\"https:\\\/\\\/olssonjensen.se\\\/#website\"},\"datePublished\":\"2022-04-19T07:54:42+00:00\",\"dateModified\":\"2022-07-12T14:44:07+00:00\",\"description\":\"Olsson & Jensen \u00e4r ett svenskt inredningsf\u00f6retag som s\u00e4ljer vintagem\u00f6bler och inredning till butiker i hela Sverige och flertalet l\u00e4nder.\",\"breadcrumb\":{\"@id\":\"https:\\\/\\\/olssonjensen.se\\\/privacy-policy-2\\\/#breadcrumb\"},\"inLanguage\":\"en-US\",\"potentialAction\":[{\"@type\":\"ReadAction\",\"target\":[\"https:\\\/\\\/olssonjensen.se\\\/privacy-policy-2\\\/\"]}]},{\"@type\":\"BreadcrumbList\",\"@id\":\"https:\\\/\\\/olssonjensen.se\\\/privacy-policy-2\\\/#breadcrumb\",\"itemListElement\":[{\"@type\":\"ListItem\",\"position\":1,\"name\":\"Hem\",\"item\":\"https:\\\/\\\/olssonjensen.se\\\/\"},{\"@type\":\"ListItem\",\"position\":2,\"name\":\"Privacy Policy\"}]},{\"@type\":\"WebSite\",\"@id\":\"https:\\\/\\\/olssonjensen.se\\\/#website\",\"url\":\"https:\\\/\\\/olssonjensen.se\\\/\",\"name\":\"Olsson & Jensen\",\"description\":\"Inredning, vintagem\u00f6bler och mycket mer\",\"publisher\":{\"@id\":\"https:\\\/\\\/olssonjensen.se\\\/#organization\"},\"potentialAction\":[{\"@type\":\"SearchAction\",\"target\":{\"@type\":\"EntryPoint\",\"urlTemplate\":\"https:\\\/\\\/olssonjensen.se\\\/?s={search_term_string}\"},\"query-input\":{\"@type\":\"PropertyValueSpecification\",\"valueRequired\":true,\"valueName\":\"search_term_string\"}}],\"inLanguage\":\"en-US\"},{\"@type\":\"Organization\",\"@id\":\"https:\\\/\\\/olssonjensen.se\\\/#organization\",\"name\":\"Olsson & Jensen\",\"url\":\"https:\\\/\\\/olssonjensen.se\\\/\",\"logo\":{\"@type\":\"ImageObject\",\"inLanguage\":\"en-US\",\"@id\":\"https:\\\/\\\/olssonjensen.se\\\/#\\\/schema\\\/logo\\\/image\\\/\",\"url\":\"https:\\\/\\\/olssonjensen.se\\\/wp-content\\\/uploads\\\/2022\\\/10\\\/oj_google.png\",\"contentUrl\":\"https:\\\/\\\/olssonjensen.se\\\/wp-content\\\/uploads\\\/2022\\\/10\\\/oj_google.png\",\"width\":800,\"height\":615,\"caption\":\"Olsson & Jensen\"},\"image\":{\"@id\":\"https:\\\/\\\/olssonjensen.se\\\/#\\\/schema\\\/logo\\\/image\\\/\"},\"sameAs\":[\"https:\\\/\\\/www.facebook.com\\\/olssonjensen\",\"https:\\\/\\\/www.instagram.com\\\/olssonjensen\\\/\"]}]}<\/script>\n<!-- \/ Yoast SEO plugin. -->","yoast_head_json":{"title":"Privacy Policy - Olsson &amp; Jensen","description":"Olsson & Jensen \u00e4r ett svenskt inredningsf\u00f6retag som s\u00e4ljer vintagem\u00f6bler och inredning till butiker i hela Sverige och flertalet l\u00e4nder.","robots":{"index":"index","follow":"follow","max-snippet":"max-snippet:-1","max-image-preview":"max-image-preview:large","max-video-preview":"max-video-preview:-1"},"canonical":"https:\/\/olssonjensen.se\/en\/privacy-policy-2\/","og_locale":"en_US","og_type":"article","og_title":"Privacy Policy - Olsson &amp; Jensen","og_description":"Olsson & Jensen \u00e4r ett svenskt inredningsf\u00f6retag som s\u00e4ljer vintagem\u00f6bler och inredning till butiker i hela Sverige och flertalet l\u00e4nder.","og_url":"https:\/\/olssonjensen.se\/en\/privacy-policy-2\/","og_site_name":"Olsson &amp; Jensen","article_publisher":"https:\/\/www.facebook.com\/olssonjensen","article_modified_time":"2022-07-12T14:44:07+00:00","twitter_card":"summary_large_image","twitter_misc":{"Est. reading time":"4 minutes"},"schema":{"@context":"https:\/\/schema.org","@graph":[{"@type":"WebPage","@id":"https:\/\/olssonjensen.se\/privacy-policy-2\/","url":"https:\/\/olssonjensen.se\/privacy-policy-2\/","name":"Privacy Policy - Olsson &amp; Jensen","isPartOf":{"@id":"https:\/\/olssonjensen.se\/#website"},"datePublished":"2022-04-19T07:54:42+00:00","dateModified":"2022-07-12T14:44:07+00:00","description":"Olsson & Jensen \u00e4r ett svenskt inredningsf\u00f6retag som s\u00e4ljer vintagem\u00f6bler och inredning till butiker i hela Sverige och flertalet l\u00e4nder.","breadcrumb":{"@id":"https:\/\/olssonjensen.se\/privacy-policy-2\/#breadcrumb"},"inLanguage":"en-US","potentialAction":[{"@type":"ReadAction","target":["https:\/\/olssonjensen.se\/privacy-policy-2\/"]}]},{"@type":"BreadcrumbList","@id":"https:\/\/olssonjensen.se\/privacy-policy-2\/#breadcrumb","itemListElement":[{"@type":"ListItem","position":1,"name":"Hem","item":"https:\/\/olssonjensen.se\/"},{"@type":"ListItem","position":2,"name":"Privacy Policy"}]},{"@type":"WebSite","@id":"https:\/\/olssonjensen.se\/#website","url":"https:\/\/olssonjensen.se\/","name":"Olsson &amp; Jensen","description":"Interior design, vintage furniture, and much more","publisher":{"@id":"https:\/\/olssonjensen.se\/#organization"},"potentialAction":[{"@type":"SearchAction","target":{"@type":"EntryPoint","urlTemplate":"https:\/\/olssonjensen.se\/?s={search_term_string}"},"query-input":{"@type":"PropertyValueSpecification","valueRequired":true,"valueName":"search_term_string"}}],"inLanguage":"en-US"},{"@type":"Organization","@id":"https:\/\/olssonjensen.se\/#organization","name":"Olsson &amp; Jensen","url":"https:\/\/olssonjensen.se\/","logo":{"@type":"ImageObject","inLanguage":"en-US","@id":"https:\/\/olssonjensen.se\/#\/schema\/logo\/image\/","url":"https:\/\/olssonjensen.se\/wp-content\/uploads\/2022\/10\/oj_google.png","contentUrl":"https:\/\/olssonjensen.se\/wp-content\/uploads\/2022\/10\/oj_google.png","width":800,"height":615,"caption":"Olsson & Jensen"},"image":{"@id":"https:\/\/olssonjensen.se\/#\/schema\/logo\/image\/"},"sameAs":["https:\/\/www.facebook.com\/olssonjensen","https:\/\/www.instagram.com\/olssonjensen\/"]}]}},"_links":{"self":[{"href":"https:\/\/olssonjensen.se\/en\/wp-json\/wp\/v2\/pages\/3","targetHints":{"allow":["GET"]}}],"collection":[{"href":"https:\/\/olssonjensen.se\/en\/wp-json\/wp\/v2\/pages"}],"about":[{"href":"https:\/\/olssonjensen.se\/en\/wp-json\/wp\/v2\/types\/page"}],"author":[{"embeddable":true,"href":"https:\/\/olssonjensen.se\/en\/wp-json\/wp\/v2\/users\/1"}],"replies":[{"embeddable":true,"href":"https:\/\/olssonjensen.se\/en\/wp-json\/wp\/v2\/comments?post=3"}],"version-history":[{"count":11,"href":"https:\/\/olssonjensen.se\/en\/wp-json\/wp\/v2\/pages\/3\/revisions"}],"predecessor-version":[{"id":10152,"href":"https:\/\/olssonjensen.se\/en\/wp-json\/wp\/v2\/pages\/3\/revisions\/10152"}],"wp:attachment":[{"href":"https:\/\/olssonjensen.se\/en\/wp-json\/wp\/v2\/media?parent=3"}],"curies":[{"name":"wp","href":"https:\/\/api.w.org\/{rel}","templated":true}]}}