{"id":10732,"date":"2022-08-18T12:33:39","date_gmt":"2022-08-18T10:33:39","guid":{"rendered":"https:\/\/olssonjensen.se\/produkt\/helix-ljuskopp-taupe-105-cm\/"},"modified":"2026-04-16T14:55:16","modified_gmt":"2026-04-16T12:55:16","slug":"helix-ljuskopp-taupe-105-cm","status":"publish","type":"product","link":"https:\/\/olssonjensen.se\/en\/product\/helix-ljuskopp-taupe-105-cm\/","title":{"rendered":"Helix taupe 10.5 cm"},"content":{"rendered":"<p>Helix is a heavy candle holder in mouth-blown glass. With its unique design and irregular shape, the lantern is beautiful on its own, but also in combination with other sizes and colors.<\/p>\n<p>Since the lantern is handmade, there are variations in color and shape that make each product unique.<\/p>","protected":false},"excerpt":{"rendered":"<p>Helix \u00e4r en tung ljush\u00e5llare i munbl\u00e5st glas. Med sin unika design och oregelbundna form \u00e4r lyktan st\u00e5tlig p\u00e5 egen hand, men g\u00f6r sig \u00e4ven v\u00e4ldigt vacker i kombination med andra storlekar och f\u00e4rger. D\u00e5 lyktan \u00e4r handgjord f\u00f6rekommer skiftningar i f\u00e4rg och form som g\u00f6r varje produkt unik i sitt slag.<\/p>","protected":false},"featured_media":53890,"template":"","meta":{"_acf_changed":false},"product_brand":[],"product_cat":[84,86,295],"product_tag":[348],"class_list":{"0":"post-10732","1":"product","2":"type-product","3":"status-publish","4":"has-post-thumbnail","6":"product_cat-ljus","7":"product_cat-ljuskoppar","8":"product_cat-seriehelix","9":"product_tag-hostmys","11":"first","12":"instock","13":"taxable","14":"shipping-taxable","15":"purchasable","16":"product-type-simple"},"acf":[],"meta_data":[],"shsp-ext":{"main":{},"variations":[]},"yoast_head":"<!-- This site is optimized with the Yoast SEO plugin v27.3 - https:\/\/yoast.com\/product\/yoast-seo-wordpress\/ -->\n<title>Helix taupe 10,5 cm - Olsson &amp; Jensen<\/title>\n<meta name=\"robots\" content=\"index, follow, max-snippet:-1, max-image-preview:large, max-video-preview:-1\" \/>\n<link rel=\"canonical\" href=\"https:\/\/olssonjensen.se\/en\/product\/helix-ljuskopp-taupe-105-cm\/\" \/>\n<meta property=\"og:locale\" content=\"en_US\" \/>\n<meta property=\"og:type\" content=\"article\" \/>\n<meta property=\"og:title\" content=\"Helix taupe 10,5 cm - Olsson &amp; Jensen\" \/>\n<meta property=\"og:description\" content=\"Helix \u00e4r en tung ljush\u00e5llare i munbl\u00e5st glas. Med sin unika design och oregelbundna form \u00e4r lyktan st\u00e5tlig p\u00e5 egen hand, men g\u00f6r sig \u00e4ven v\u00e4ldigt vacker i kombination med andra storlekar och f\u00e4rger. D\u00e5 lyktan \u00e4r handgjord f\u00f6rekommer skiftningar i f\u00e4rg och form som g\u00f6r varje produkt unik i sitt slag.\" \/>\n<meta property=\"og:url\" content=\"https:\/\/olssonjensen.se\/en\/product\/helix-ljuskopp-taupe-105-cm\/\" \/>\n<meta property=\"og:site_name\" content=\"Olsson &amp; Jensen\" \/>\n<meta property=\"article:publisher\" content=\"https:\/\/www.facebook.com\/olssonjensen\" \/>\n<meta property=\"article:modified_time\" content=\"2026-04-16T12:55:16+00:00\" \/>\n<meta property=\"og:image\" content=\"https:\/\/olssonjensen.se\/wp-content\/uploads\/2022\/08\/DS014664-HELIX-taupe-105-2.jpg\" \/>\n\t<meta property=\"og:image:width\" content=\"1000\" \/>\n\t<meta property=\"og:image:height\" content=\"1000\" \/>\n\t<meta property=\"og:image:type\" content=\"image\/jpeg\" \/>\n<meta name=\"twitter:card\" content=\"summary_large_image\" \/>\n<meta name=\"twitter:label1\" content=\"Est. reading time\" \/>\n\t<meta name=\"twitter:data1\" content=\"1 minute\" \/>\n<script type=\"application\/ld+json\" class=\"yoast-schema-graph\">{\"@context\":\"https:\\\/\\\/schema.org\",\"@graph\":[{\"@type\":\"WebPage\",\"@id\":\"https:\\\/\\\/olssonjensen.se\\\/produkt\\\/helix-ljuskopp-taupe-105-cm\\\/\",\"url\":\"https:\\\/\\\/olssonjensen.se\\\/produkt\\\/helix-ljuskopp-taupe-105-cm\\\/\",\"name\":\"Helix taupe 10,5 cm - Olsson &amp; Jensen\",\"isPartOf\":{\"@id\":\"https:\\\/\\\/olssonjensen.se\\\/#website\"},\"primaryImageOfPage\":{\"@id\":\"https:\\\/\\\/olssonjensen.se\\\/produkt\\\/helix-ljuskopp-taupe-105-cm\\\/#primaryimage\"},\"image\":{\"@id\":\"https:\\\/\\\/olssonjensen.se\\\/produkt\\\/helix-ljuskopp-taupe-105-cm\\\/#primaryimage\"},\"thumbnailUrl\":\"https:\\\/\\\/olssonjensen.se\\\/wp-content\\\/uploads\\\/2022\\\/08\\\/DS014664-HELIX-taupe-105-2.jpg\",\"datePublished\":\"2022-08-18T10:33:39+00:00\",\"dateModified\":\"2026-04-16T12:55:16+00:00\",\"breadcrumb\":{\"@id\":\"https:\\\/\\\/olssonjensen.se\\\/produkt\\\/helix-ljuskopp-taupe-105-cm\\\/#breadcrumb\"},\"inLanguage\":\"en-US\",\"potentialAction\":[{\"@type\":\"ReadAction\",\"target\":[\"https:\\\/\\\/olssonjensen.se\\\/produkt\\\/helix-ljuskopp-taupe-105-cm\\\/\"]}]},{\"@type\":\"ImageObject\",\"inLanguage\":\"en-US\",\"@id\":\"https:\\\/\\\/olssonjensen.se\\\/produkt\\\/helix-ljuskopp-taupe-105-cm\\\/#primaryimage\",\"url\":\"https:\\\/\\\/olssonjensen.se\\\/wp-content\\\/uploads\\\/2022\\\/08\\\/DS014664-HELIX-taupe-105-2.jpg\",\"contentUrl\":\"https:\\\/\\\/olssonjensen.se\\\/wp-content\\\/uploads\\\/2022\\\/08\\\/DS014664-HELIX-taupe-105-2.jpg\",\"width\":1000,\"height\":1000},{\"@type\":\"BreadcrumbList\",\"@id\":\"https:\\\/\\\/olssonjensen.se\\\/produkt\\\/helix-ljuskopp-taupe-105-cm\\\/#breadcrumb\",\"itemListElement\":[{\"@type\":\"ListItem\",\"position\":1,\"name\":\"Hem\",\"item\":\"https:\\\/\\\/olssonjensen.se\\\/\"},{\"@type\":\"ListItem\",\"position\":2,\"name\":\"Shop\",\"item\":\"https:\\\/\\\/olssonjensen.se\\\/shop\\\/\"},{\"@type\":\"ListItem\",\"position\":3,\"name\":\"Helix taupe 10,5 cm\"}]},{\"@type\":\"WebSite\",\"@id\":\"https:\\\/\\\/olssonjensen.se\\\/#website\",\"url\":\"https:\\\/\\\/olssonjensen.se\\\/\",\"name\":\"Olsson & Jensen\",\"description\":\"Inredning, vintagem\u00f6bler och mycket mer\",\"publisher\":{\"@id\":\"https:\\\/\\\/olssonjensen.se\\\/#organization\"},\"potentialAction\":[{\"@type\":\"SearchAction\",\"target\":{\"@type\":\"EntryPoint\",\"urlTemplate\":\"https:\\\/\\\/olssonjensen.se\\\/?s={search_term_string}\"},\"query-input\":{\"@type\":\"PropertyValueSpecification\",\"valueRequired\":true,\"valueName\":\"search_term_string\"}}],\"inLanguage\":\"en-US\"},{\"@type\":\"Organization\",\"@id\":\"https:\\\/\\\/olssonjensen.se\\\/#organization\",\"name\":\"Olsson & Jensen\",\"url\":\"https:\\\/\\\/olssonjensen.se\\\/\",\"logo\":{\"@type\":\"ImageObject\",\"inLanguage\":\"en-US\",\"@id\":\"https:\\\/\\\/olssonjensen.se\\\/#\\\/schema\\\/logo\\\/image\\\/\",\"url\":\"https:\\\/\\\/olssonjensen.se\\\/wp-content\\\/uploads\\\/2022\\\/10\\\/oj_google.png\",\"contentUrl\":\"https:\\\/\\\/olssonjensen.se\\\/wp-content\\\/uploads\\\/2022\\\/10\\\/oj_google.png\",\"width\":800,\"height\":615,\"caption\":\"Olsson & Jensen\"},\"image\":{\"@id\":\"https:\\\/\\\/olssonjensen.se\\\/#\\\/schema\\\/logo\\\/image\\\/\"},\"sameAs\":[\"https:\\\/\\\/www.facebook.com\\\/olssonjensen\",\"https:\\\/\\\/www.instagram.com\\\/olssonjensen\\\/\"]}]}<\/script>\n<!-- \/ Yoast SEO plugin. -->","yoast_head_json":{"title":"Helix taupe 10,5 cm - Olsson &amp; Jensen","robots":{"index":"index","follow":"follow","max-snippet":"max-snippet:-1","max-image-preview":"max-image-preview:large","max-video-preview":"max-video-preview:-1"},"canonical":"https:\/\/olssonjensen.se\/en\/product\/helix-ljuskopp-taupe-105-cm\/","og_locale":"en_US","og_type":"article","og_title":"Helix taupe 10,5 cm - Olsson &amp; Jensen","og_description":"Helix \u00e4r en tung ljush\u00e5llare i munbl\u00e5st glas. Med sin unika design och oregelbundna form \u00e4r lyktan st\u00e5tlig p\u00e5 egen hand, men g\u00f6r sig \u00e4ven v\u00e4ldigt vacker i kombination med andra storlekar och f\u00e4rger. D\u00e5 lyktan \u00e4r handgjord f\u00f6rekommer skiftningar i f\u00e4rg och form som g\u00f6r varje produkt unik i sitt slag.","og_url":"https:\/\/olssonjensen.se\/en\/product\/helix-ljuskopp-taupe-105-cm\/","og_site_name":"Olsson &amp; Jensen","article_publisher":"https:\/\/www.facebook.com\/olssonjensen","article_modified_time":"2026-04-16T12:55:16+00:00","og_image":[{"width":1000,"height":1000,"url":"https:\/\/olssonjensen.se\/wp-content\/uploads\/2022\/08\/DS014664-HELIX-taupe-105-2.jpg","type":"image\/jpeg"}],"twitter_card":"summary_large_image","twitter_misc":{"Est. reading time":"1 minute"},"schema":{"@context":"https:\/\/schema.org","@graph":[{"@type":"WebPage","@id":"https:\/\/olssonjensen.se\/produkt\/helix-ljuskopp-taupe-105-cm\/","url":"https:\/\/olssonjensen.se\/produkt\/helix-ljuskopp-taupe-105-cm\/","name":"Helix taupe 10,5 cm - Olsson &amp; Jensen","isPartOf":{"@id":"https:\/\/olssonjensen.se\/#website"},"primaryImageOfPage":{"@id":"https:\/\/olssonjensen.se\/produkt\/helix-ljuskopp-taupe-105-cm\/#primaryimage"},"image":{"@id":"https:\/\/olssonjensen.se\/produkt\/helix-ljuskopp-taupe-105-cm\/#primaryimage"},"thumbnailUrl":"https:\/\/olssonjensen.se\/wp-content\/uploads\/2022\/08\/DS014664-HELIX-taupe-105-2.jpg","datePublished":"2022-08-18T10:33:39+00:00","dateModified":"2026-04-16T12:55:16+00:00","breadcrumb":{"@id":"https:\/\/olssonjensen.se\/produkt\/helix-ljuskopp-taupe-105-cm\/#breadcrumb"},"inLanguage":"en-US","potentialAction":[{"@type":"ReadAction","target":["https:\/\/olssonjensen.se\/produkt\/helix-ljuskopp-taupe-105-cm\/"]}]},{"@type":"ImageObject","inLanguage":"en-US","@id":"https:\/\/olssonjensen.se\/produkt\/helix-ljuskopp-taupe-105-cm\/#primaryimage","url":"https:\/\/olssonjensen.se\/wp-content\/uploads\/2022\/08\/DS014664-HELIX-taupe-105-2.jpg","contentUrl":"https:\/\/olssonjensen.se\/wp-content\/uploads\/2022\/08\/DS014664-HELIX-taupe-105-2.jpg","width":1000,"height":1000},{"@type":"BreadcrumbList","@id":"https:\/\/olssonjensen.se\/produkt\/helix-ljuskopp-taupe-105-cm\/#breadcrumb","itemListElement":[{"@type":"ListItem","position":1,"name":"Hem","item":"https:\/\/olssonjensen.se\/"},{"@type":"ListItem","position":2,"name":"Shop","item":"https:\/\/olssonjensen.se\/shop\/"},{"@type":"ListItem","position":3,"name":"Helix taupe 10,5 cm"}]},{"@type":"WebSite","@id":"https:\/\/olssonjensen.se\/#website","url":"https:\/\/olssonjensen.se\/","name":"Olsson &amp; Jensen","description":"Interior design, vintage furniture, and much more","publisher":{"@id":"https:\/\/olssonjensen.se\/#organization"},"potentialAction":[{"@type":"SearchAction","target":{"@type":"EntryPoint","urlTemplate":"https:\/\/olssonjensen.se\/?s={search_term_string}"},"query-input":{"@type":"PropertyValueSpecification","valueRequired":true,"valueName":"search_term_string"}}],"inLanguage":"en-US"},{"@type":"Organization","@id":"https:\/\/olssonjensen.se\/#organization","name":"Olsson &amp; Jensen","url":"https:\/\/olssonjensen.se\/","logo":{"@type":"ImageObject","inLanguage":"en-US","@id":"https:\/\/olssonjensen.se\/#\/schema\/logo\/image\/","url":"https:\/\/olssonjensen.se\/wp-content\/uploads\/2022\/10\/oj_google.png","contentUrl":"https:\/\/olssonjensen.se\/wp-content\/uploads\/2022\/10\/oj_google.png","width":800,"height":615,"caption":"Olsson & Jensen"},"image":{"@id":"https:\/\/olssonjensen.se\/#\/schema\/logo\/image\/"},"sameAs":["https:\/\/www.facebook.com\/olssonjensen","https:\/\/www.instagram.com\/olssonjensen\/"]}]}},"_links":{"self":[{"href":"https:\/\/olssonjensen.se\/en\/wp-json\/wp\/v2\/product\/10732","targetHints":{"allow":["GET"]}}],"collection":[{"href":"https:\/\/olssonjensen.se\/en\/wp-json\/wp\/v2\/product"}],"about":[{"href":"https:\/\/olssonjensen.se\/en\/wp-json\/wp\/v2\/types\/product"}],"wp:featuredmedia":[{"embeddable":true,"href":"https:\/\/olssonjensen.se\/en\/wp-json\/wp\/v2\/media\/53890"}],"wp:attachment":[{"href":"https:\/\/olssonjensen.se\/en\/wp-json\/wp\/v2\/media?parent=10732"}],"wp:term":[{"taxonomy":"product_brand","embeddable":true,"href":"https:\/\/olssonjensen.se\/en\/wp-json\/wp\/v2\/product_brand?post=10732"},{"taxonomy":"product_cat","embeddable":true,"href":"https:\/\/olssonjensen.se\/en\/wp-json\/wp\/v2\/product_cat?post=10732"},{"taxonomy":"product_tag","embeddable":true,"href":"https:\/\/olssonjensen.se\/en\/wp-json\/wp\/v2\/product_tag?post=10732"}],"curies":[{"name":"wp","href":"https:\/\/api.w.org\/{rel}","templated":true}]}}