{"id":20436,"date":"2023-07-10T08:50:35","date_gmt":"2023-07-10T06:50:35","guid":{"rendered":"https:\/\/olssonjensen.se\/produkt\/nilla-skog-10cm\/"},"modified":"2026-03-31T13:58:05","modified_gmt":"2026-03-31T11:58:05","slug":"nilla-skog-10cm","status":"publish","type":"product","link":"https:\/\/olssonjensen.se\/en\/product\/nilla-skog-10cm\/","title":{"rendered":"Nilla Forest 10 cm"},"content":{"rendered":"<p>Many customers say that Nilla is the original of colored candle lanterns, we also think it's gorgeous.<\/p>\n<p>The lantern is made of mouth-blown glass, using a traditional technique that produces beautiful mottling in the glass. As it is handmade, there are shifts in color and shape that make each lantern unique. With its transparent edge at the bottom, it also gets a very exclusive expression.<\/p>\n<p>Nilla is available in several sizes and colors that are beautiful to combine with each other, and also together with our candle cups Leah and Helix.<\/p>","protected":false},"excerpt":{"rendered":"<p>M\u00e5nga kunder s\u00e4ger att Nilla \u00e4r originalet av f\u00e4rgade ljuslyktor, vi tycker ocks\u00e5 att den \u00e4r ursnygg. Lyktan \u00e4r gjord av munbl\u00e5st glas, med en traditionell teknik som ger vackra meleringar i glaset. D\u00e5 den \u00e4r handgjord f\u00f6rekommer skiftningar i f\u00e4rg och form som g\u00f6r varje lykta unik. Med sin genomskinliga kant nertill f\u00e5r den [&#8230;]\n","protected":false},"featured_media":20521,"template":"","meta":{"_acf_changed":false},"product_brand":[],"product_cat":[84,86,169],"product_tag":[348],"class_list":{"0":"post-20436","1":"product","2":"type-product","3":"status-publish","4":"has-post-thumbnail","6":"product_cat-ljus","7":"product_cat-ljuskoppar","8":"product_cat-nillafamilj","9":"product_tag-hostmys","11":"first","12":"instock","13":"taxable","14":"shipping-taxable","15":"purchasable","16":"product-type-simple"},"acf":[],"meta_data":[],"shsp-ext":{"main":{},"variations":[]},"yoast_head":"<!-- This site is optimized with the Yoast SEO plugin v27.3 - https:\/\/yoast.com\/product\/yoast-seo-wordpress\/ -->\n<title>Nilla Skog 10cm - Olsson &amp; Jensen<\/title>\n<meta name=\"robots\" content=\"index, follow, max-snippet:-1, max-image-preview:large, max-video-preview:-1\" \/>\n<link rel=\"canonical\" href=\"https:\/\/olssonjensen.se\/en\/product\/nilla-skog-10cm\/\" \/>\n<meta property=\"og:locale\" content=\"en_US\" \/>\n<meta property=\"og:type\" content=\"article\" \/>\n<meta property=\"og:title\" content=\"Nilla Skog 10cm - Olsson &amp; Jensen\" \/>\n<meta property=\"og:description\" content=\"M\u00e5nga kunder s\u00e4ger att Nilla \u00e4r originalet av f\u00e4rgade ljuslyktor, vi tycker ocks\u00e5 att den \u00e4r ursnygg. Lyktan \u00e4r gjord av munbl\u00e5st glas, med en traditionell teknik som ger vackra meleringar i glaset. D\u00e5 den \u00e4r handgjord f\u00f6rekommer skiftningar i f\u00e4rg och form som g\u00f6r varje lykta unik. Med sin genomskinliga kant nertill f\u00e5r den [...]\" \/>\n<meta property=\"og:url\" content=\"https:\/\/olssonjensen.se\/en\/product\/nilla-skog-10cm\/\" \/>\n<meta property=\"og:site_name\" content=\"Olsson &amp; Jensen\" \/>\n<meta property=\"article:publisher\" content=\"https:\/\/www.facebook.com\/olssonjensen\" \/>\n<meta property=\"article:modified_time\" content=\"2026-03-31T11:58:05+00:00\" \/>\n<meta property=\"og:image\" content=\"https:\/\/olssonjensen.se\/wp-content\/uploads\/2023\/07\/PE012619.jpg\" \/>\n\t<meta property=\"og:image:width\" content=\"1397\" \/>\n\t<meta property=\"og:image:height\" content=\"1397\" \/>\n\t<meta property=\"og:image:type\" content=\"image\/jpeg\" \/>\n<meta name=\"twitter:card\" content=\"summary_large_image\" \/>\n<meta name=\"twitter:label1\" content=\"Est. reading time\" \/>\n\t<meta name=\"twitter:data1\" content=\"1 minute\" \/>\n<script type=\"application\/ld+json\" class=\"yoast-schema-graph\">{\"@context\":\"https:\\\/\\\/schema.org\",\"@graph\":[{\"@type\":\"WebPage\",\"@id\":\"https:\\\/\\\/olssonjensen.se\\\/produkt\\\/nilla-skog-10cm\\\/\",\"url\":\"https:\\\/\\\/olssonjensen.se\\\/produkt\\\/nilla-skog-10cm\\\/\",\"name\":\"Nilla Skog 10cm - Olsson &amp; Jensen\",\"isPartOf\":{\"@id\":\"https:\\\/\\\/olssonjensen.se\\\/#website\"},\"primaryImageOfPage\":{\"@id\":\"https:\\\/\\\/olssonjensen.se\\\/produkt\\\/nilla-skog-10cm\\\/#primaryimage\"},\"image\":{\"@id\":\"https:\\\/\\\/olssonjensen.se\\\/produkt\\\/nilla-skog-10cm\\\/#primaryimage\"},\"thumbnailUrl\":\"https:\\\/\\\/olssonjensen.se\\\/wp-content\\\/uploads\\\/2023\\\/07\\\/PE012619.jpg\",\"datePublished\":\"2023-07-10T06:50:35+00:00\",\"dateModified\":\"2026-03-31T11:58:05+00:00\",\"breadcrumb\":{\"@id\":\"https:\\\/\\\/olssonjensen.se\\\/produkt\\\/nilla-skog-10cm\\\/#breadcrumb\"},\"inLanguage\":\"en-US\",\"potentialAction\":[{\"@type\":\"ReadAction\",\"target\":[\"https:\\\/\\\/olssonjensen.se\\\/produkt\\\/nilla-skog-10cm\\\/\"]}]},{\"@type\":\"ImageObject\",\"inLanguage\":\"en-US\",\"@id\":\"https:\\\/\\\/olssonjensen.se\\\/produkt\\\/nilla-skog-10cm\\\/#primaryimage\",\"url\":\"https:\\\/\\\/olssonjensen.se\\\/wp-content\\\/uploads\\\/2023\\\/07\\\/PE012619.jpg\",\"contentUrl\":\"https:\\\/\\\/olssonjensen.se\\\/wp-content\\\/uploads\\\/2023\\\/07\\\/PE012619.jpg\",\"width\":1397,\"height\":1397},{\"@type\":\"BreadcrumbList\",\"@id\":\"https:\\\/\\\/olssonjensen.se\\\/produkt\\\/nilla-skog-10cm\\\/#breadcrumb\",\"itemListElement\":[{\"@type\":\"ListItem\",\"position\":1,\"name\":\"Hem\",\"item\":\"https:\\\/\\\/olssonjensen.se\\\/\"},{\"@type\":\"ListItem\",\"position\":2,\"name\":\"Shop\",\"item\":\"https:\\\/\\\/olssonjensen.se\\\/shop\\\/\"},{\"@type\":\"ListItem\",\"position\":3,\"name\":\"Nilla Skog 10cm\"}]},{\"@type\":\"WebSite\",\"@id\":\"https:\\\/\\\/olssonjensen.se\\\/#website\",\"url\":\"https:\\\/\\\/olssonjensen.se\\\/\",\"name\":\"Olsson & Jensen\",\"description\":\"Inredning, vintagem\u00f6bler och mycket mer\",\"publisher\":{\"@id\":\"https:\\\/\\\/olssonjensen.se\\\/#organization\"},\"potentialAction\":[{\"@type\":\"SearchAction\",\"target\":{\"@type\":\"EntryPoint\",\"urlTemplate\":\"https:\\\/\\\/olssonjensen.se\\\/?s={search_term_string}\"},\"query-input\":{\"@type\":\"PropertyValueSpecification\",\"valueRequired\":true,\"valueName\":\"search_term_string\"}}],\"inLanguage\":\"en-US\"},{\"@type\":\"Organization\",\"@id\":\"https:\\\/\\\/olssonjensen.se\\\/#organization\",\"name\":\"Olsson & Jensen\",\"url\":\"https:\\\/\\\/olssonjensen.se\\\/\",\"logo\":{\"@type\":\"ImageObject\",\"inLanguage\":\"en-US\",\"@id\":\"https:\\\/\\\/olssonjensen.se\\\/#\\\/schema\\\/logo\\\/image\\\/\",\"url\":\"https:\\\/\\\/olssonjensen.se\\\/wp-content\\\/uploads\\\/2022\\\/10\\\/oj_google.png\",\"contentUrl\":\"https:\\\/\\\/olssonjensen.se\\\/wp-content\\\/uploads\\\/2022\\\/10\\\/oj_google.png\",\"width\":800,\"height\":615,\"caption\":\"Olsson & Jensen\"},\"image\":{\"@id\":\"https:\\\/\\\/olssonjensen.se\\\/#\\\/schema\\\/logo\\\/image\\\/\"},\"sameAs\":[\"https:\\\/\\\/www.facebook.com\\\/olssonjensen\",\"https:\\\/\\\/www.instagram.com\\\/olssonjensen\\\/\"]}]}<\/script>\n<!-- \/ Yoast SEO plugin. -->","yoast_head_json":{"title":"Nilla Skog 10cm - Olsson &amp; Jensen","robots":{"index":"index","follow":"follow","max-snippet":"max-snippet:-1","max-image-preview":"max-image-preview:large","max-video-preview":"max-video-preview:-1"},"canonical":"https:\/\/olssonjensen.se\/en\/product\/nilla-skog-10cm\/","og_locale":"en_US","og_type":"article","og_title":"Nilla Skog 10cm - Olsson &amp; Jensen","og_description":"M\u00e5nga kunder s\u00e4ger att Nilla \u00e4r originalet av f\u00e4rgade ljuslyktor, vi tycker ocks\u00e5 att den \u00e4r ursnygg. Lyktan \u00e4r gjord av munbl\u00e5st glas, med en traditionell teknik som ger vackra meleringar i glaset. D\u00e5 den \u00e4r handgjord f\u00f6rekommer skiftningar i f\u00e4rg och form som g\u00f6r varje lykta unik. Med sin genomskinliga kant nertill f\u00e5r den [...]","og_url":"https:\/\/olssonjensen.se\/en\/product\/nilla-skog-10cm\/","og_site_name":"Olsson &amp; Jensen","article_publisher":"https:\/\/www.facebook.com\/olssonjensen","article_modified_time":"2026-03-31T11:58:05+00:00","og_image":[{"width":1397,"height":1397,"url":"https:\/\/olssonjensen.se\/wp-content\/uploads\/2023\/07\/PE012619.jpg","type":"image\/jpeg"}],"twitter_card":"summary_large_image","twitter_misc":{"Est. reading time":"1 minute"},"schema":{"@context":"https:\/\/schema.org","@graph":[{"@type":"WebPage","@id":"https:\/\/olssonjensen.se\/produkt\/nilla-skog-10cm\/","url":"https:\/\/olssonjensen.se\/produkt\/nilla-skog-10cm\/","name":"Nilla Skog 10cm - Olsson &amp; Jensen","isPartOf":{"@id":"https:\/\/olssonjensen.se\/#website"},"primaryImageOfPage":{"@id":"https:\/\/olssonjensen.se\/produkt\/nilla-skog-10cm\/#primaryimage"},"image":{"@id":"https:\/\/olssonjensen.se\/produkt\/nilla-skog-10cm\/#primaryimage"},"thumbnailUrl":"https:\/\/olssonjensen.se\/wp-content\/uploads\/2023\/07\/PE012619.jpg","datePublished":"2023-07-10T06:50:35+00:00","dateModified":"2026-03-31T11:58:05+00:00","breadcrumb":{"@id":"https:\/\/olssonjensen.se\/produkt\/nilla-skog-10cm\/#breadcrumb"},"inLanguage":"en-US","potentialAction":[{"@type":"ReadAction","target":["https:\/\/olssonjensen.se\/produkt\/nilla-skog-10cm\/"]}]},{"@type":"ImageObject","inLanguage":"en-US","@id":"https:\/\/olssonjensen.se\/produkt\/nilla-skog-10cm\/#primaryimage","url":"https:\/\/olssonjensen.se\/wp-content\/uploads\/2023\/07\/PE012619.jpg","contentUrl":"https:\/\/olssonjensen.se\/wp-content\/uploads\/2023\/07\/PE012619.jpg","width":1397,"height":1397},{"@type":"BreadcrumbList","@id":"https:\/\/olssonjensen.se\/produkt\/nilla-skog-10cm\/#breadcrumb","itemListElement":[{"@type":"ListItem","position":1,"name":"Hem","item":"https:\/\/olssonjensen.se\/"},{"@type":"ListItem","position":2,"name":"Shop","item":"https:\/\/olssonjensen.se\/shop\/"},{"@type":"ListItem","position":3,"name":"Nilla Skog 10cm"}]},{"@type":"WebSite","@id":"https:\/\/olssonjensen.se\/#website","url":"https:\/\/olssonjensen.se\/","name":"Olsson &amp; Jensen","description":"Interior design, vintage furniture, and much more","publisher":{"@id":"https:\/\/olssonjensen.se\/#organization"},"potentialAction":[{"@type":"SearchAction","target":{"@type":"EntryPoint","urlTemplate":"https:\/\/olssonjensen.se\/?s={search_term_string}"},"query-input":{"@type":"PropertyValueSpecification","valueRequired":true,"valueName":"search_term_string"}}],"inLanguage":"en-US"},{"@type":"Organization","@id":"https:\/\/olssonjensen.se\/#organization","name":"Olsson &amp; Jensen","url":"https:\/\/olssonjensen.se\/","logo":{"@type":"ImageObject","inLanguage":"en-US","@id":"https:\/\/olssonjensen.se\/#\/schema\/logo\/image\/","url":"https:\/\/olssonjensen.se\/wp-content\/uploads\/2022\/10\/oj_google.png","contentUrl":"https:\/\/olssonjensen.se\/wp-content\/uploads\/2022\/10\/oj_google.png","width":800,"height":615,"caption":"Olsson & Jensen"},"image":{"@id":"https:\/\/olssonjensen.se\/#\/schema\/logo\/image\/"},"sameAs":["https:\/\/www.facebook.com\/olssonjensen","https:\/\/www.instagram.com\/olssonjensen\/"]}]}},"_links":{"self":[{"href":"https:\/\/olssonjensen.se\/en\/wp-json\/wp\/v2\/product\/20436","targetHints":{"allow":["GET"]}}],"collection":[{"href":"https:\/\/olssonjensen.se\/en\/wp-json\/wp\/v2\/product"}],"about":[{"href":"https:\/\/olssonjensen.se\/en\/wp-json\/wp\/v2\/types\/product"}],"wp:featuredmedia":[{"embeddable":true,"href":"https:\/\/olssonjensen.se\/en\/wp-json\/wp\/v2\/media\/20521"}],"wp:attachment":[{"href":"https:\/\/olssonjensen.se\/en\/wp-json\/wp\/v2\/media?parent=20436"}],"wp:term":[{"taxonomy":"product_brand","embeddable":true,"href":"https:\/\/olssonjensen.se\/en\/wp-json\/wp\/v2\/product_brand?post=20436"},{"taxonomy":"product_cat","embeddable":true,"href":"https:\/\/olssonjensen.se\/en\/wp-json\/wp\/v2\/product_cat?post=20436"},{"taxonomy":"product_tag","embeddable":true,"href":"https:\/\/olssonjensen.se\/en\/wp-json\/wp\/v2\/product_tag?post=20436"}],"curies":[{"name":"wp","href":"https:\/\/api.w.org\/{rel}","templated":true}]}}