{"id":2733,"date":"2022-05-18T20:01:12","date_gmt":"2022-05-18T20:01:12","guid":{"rendered":"https:\/\/olssonjensen.se\/product\/bianca-kopp-vit\/"},"modified":"2026-05-04T09:14:15","modified_gmt":"2026-05-04T07:14:15","slug":"bianca-kopp-vit","status":"publish","type":"product","link":"https:\/\/olssonjensen.se\/en\/product\/bianca-kopp-vit\/","title":{"rendered":"Bianca Cup"},"content":{"rendered":"<p>The Bianca porcelain series is one of our best sellers with its stylish design. The surface, which is somewhat irregular, creates feeling and quality when setting the table both for everyday use and for parties.<\/p>","protected":false},"excerpt":{"rendered":"<p>The Bianca porcelain series is one of our best sellers with its stylish design. The surface, which is somewhat irregular, creates feeling and quality when setting the table both for everyday use and for parties.<\/p>","protected":false},"featured_media":38006,"template":"","meta":{"_acf_changed":false},"product_brand":[],"product_cat":[172,114,78,80],"product_tag":[],"class_list":{"0":"post-2733","1":"product","2":"type-product","3":"status-publish","4":"has-post-thumbnail","6":"product_cat-biancafamilj","7":"product_cat-serier","8":"product_cat-kok","9":"product_cat-kopparmugg","11":"first","12":"instock","13":"taxable","14":"shipping-taxable","15":"purchasable","16":"product-type-simple"},"acf":[],"meta_data":[],"shsp-ext":{"main":{},"variations":[]},"yoast_head":"<!-- This site is optimized with the Yoast SEO plugin v27.4 - https:\/\/yoast.com\/product\/yoast-seo-wordpress\/ -->\n<title>Bianca Kopp - Olsson &amp; Jensen<\/title>\n<meta name=\"robots\" content=\"index, follow, max-snippet:-1, max-image-preview:large, max-video-preview:-1\" \/>\n<link rel=\"canonical\" href=\"https:\/\/olssonjensen.se\/en\/product\/bianca-kopp-vit\/\" \/>\n<meta property=\"og:locale\" content=\"en_US\" \/>\n<meta property=\"og:type\" content=\"article\" \/>\n<meta property=\"og:title\" content=\"Bianca Kopp - Olsson &amp; Jensen\" \/>\n<meta property=\"og:description\" content=\"Porslinsserien Bianca \u00e4r med sin stilrena design en av v\u00e5ra stors\u00e4ljare. Ytan som \u00e4r n\u00e5got oregelbunden skapar k\u00e4nsla och kvalitet vid dukning b\u00e5de till vardags och fest.\" \/>\n<meta property=\"og:url\" content=\"https:\/\/olssonjensen.se\/en\/product\/bianca-kopp-vit\/\" \/>\n<meta property=\"og:site_name\" content=\"Olsson &amp; Jensen\" \/>\n<meta property=\"article:publisher\" content=\"https:\/\/www.facebook.com\/olssonjensen\" \/>\n<meta property=\"article:modified_time\" content=\"2026-05-04T07:14:15+00:00\" \/>\n<meta property=\"og:image\" content=\"https:\/\/olssonjensen.se\/wp-content\/uploads\/2022\/05\/HH79310_new.jpg\" \/>\n\t<meta property=\"og:image:width\" content=\"1200\" \/>\n\t<meta property=\"og:image:height\" content=\"1800\" \/>\n\t<meta property=\"og:image:type\" content=\"image\/jpeg\" \/>\n<meta name=\"twitter:card\" content=\"summary_large_image\" \/>\n<meta name=\"twitter:label1\" content=\"Est. reading time\" \/>\n\t<meta name=\"twitter:data1\" content=\"1 minute\" \/>\n<script type=\"application\/ld+json\" class=\"yoast-schema-graph\">{\"@context\":\"https:\\\/\\\/schema.org\",\"@graph\":[{\"@type\":\"WebPage\",\"@id\":\"https:\\\/\\\/olssonjensen.se\\\/produkt\\\/bianca-kopp-vit\\\/\",\"url\":\"https:\\\/\\\/olssonjensen.se\\\/produkt\\\/bianca-kopp-vit\\\/\",\"name\":\"Bianca Kopp - Olsson &amp; Jensen\",\"isPartOf\":{\"@id\":\"https:\\\/\\\/olssonjensen.se\\\/#website\"},\"primaryImageOfPage\":{\"@id\":\"https:\\\/\\\/olssonjensen.se\\\/produkt\\\/bianca-kopp-vit\\\/#primaryimage\"},\"image\":{\"@id\":\"https:\\\/\\\/olssonjensen.se\\\/produkt\\\/bianca-kopp-vit\\\/#primaryimage\"},\"thumbnailUrl\":\"https:\\\/\\\/olssonjensen.se\\\/wp-content\\\/uploads\\\/2022\\\/05\\\/HH79310_new.jpg\",\"datePublished\":\"2022-05-18T20:01:12+00:00\",\"dateModified\":\"2026-05-04T07:14:15+00:00\",\"breadcrumb\":{\"@id\":\"https:\\\/\\\/olssonjensen.se\\\/produkt\\\/bianca-kopp-vit\\\/#breadcrumb\"},\"inLanguage\":\"en-US\",\"potentialAction\":[{\"@type\":\"ReadAction\",\"target\":[\"https:\\\/\\\/olssonjensen.se\\\/produkt\\\/bianca-kopp-vit\\\/\"]}]},{\"@type\":\"ImageObject\",\"inLanguage\":\"en-US\",\"@id\":\"https:\\\/\\\/olssonjensen.se\\\/produkt\\\/bianca-kopp-vit\\\/#primaryimage\",\"url\":\"https:\\\/\\\/olssonjensen.se\\\/wp-content\\\/uploads\\\/2022\\\/05\\\/HH79310_new.jpg\",\"contentUrl\":\"https:\\\/\\\/olssonjensen.se\\\/wp-content\\\/uploads\\\/2022\\\/05\\\/HH79310_new.jpg\",\"width\":1200,\"height\":1800},{\"@type\":\"BreadcrumbList\",\"@id\":\"https:\\\/\\\/olssonjensen.se\\\/produkt\\\/bianca-kopp-vit\\\/#breadcrumb\",\"itemListElement\":[{\"@type\":\"ListItem\",\"position\":1,\"name\":\"Hem\",\"item\":\"https:\\\/\\\/olssonjensen.se\\\/\"},{\"@type\":\"ListItem\",\"position\":2,\"name\":\"Shop\",\"item\":\"https:\\\/\\\/olssonjensen.se\\\/shop\\\/\"},{\"@type\":\"ListItem\",\"position\":3,\"name\":\"Bianca Kopp\"}]},{\"@type\":\"WebSite\",\"@id\":\"https:\\\/\\\/olssonjensen.se\\\/#website\",\"url\":\"https:\\\/\\\/olssonjensen.se\\\/\",\"name\":\"Olsson & Jensen\",\"description\":\"Inredning, vintagem\u00f6bler och mycket mer\",\"publisher\":{\"@id\":\"https:\\\/\\\/olssonjensen.se\\\/#organization\"},\"potentialAction\":[{\"@type\":\"SearchAction\",\"target\":{\"@type\":\"EntryPoint\",\"urlTemplate\":\"https:\\\/\\\/olssonjensen.se\\\/?s={search_term_string}\"},\"query-input\":{\"@type\":\"PropertyValueSpecification\",\"valueRequired\":true,\"valueName\":\"search_term_string\"}}],\"inLanguage\":\"en-US\"},{\"@type\":\"Organization\",\"@id\":\"https:\\\/\\\/olssonjensen.se\\\/#organization\",\"name\":\"Olsson & Jensen\",\"url\":\"https:\\\/\\\/olssonjensen.se\\\/\",\"logo\":{\"@type\":\"ImageObject\",\"inLanguage\":\"en-US\",\"@id\":\"https:\\\/\\\/olssonjensen.se\\\/#\\\/schema\\\/logo\\\/image\\\/\",\"url\":\"https:\\\/\\\/olssonjensen.se\\\/wp-content\\\/uploads\\\/2022\\\/10\\\/oj_google.png\",\"contentUrl\":\"https:\\\/\\\/olssonjensen.se\\\/wp-content\\\/uploads\\\/2022\\\/10\\\/oj_google.png\",\"width\":800,\"height\":615,\"caption\":\"Olsson & Jensen\"},\"image\":{\"@id\":\"https:\\\/\\\/olssonjensen.se\\\/#\\\/schema\\\/logo\\\/image\\\/\"},\"sameAs\":[\"https:\\\/\\\/www.facebook.com\\\/olssonjensen\",\"https:\\\/\\\/www.instagram.com\\\/olssonjensen\\\/\"]}]}<\/script>\n<!-- \/ Yoast SEO plugin. -->","yoast_head_json":{"title":"Bianca Kopp - Olsson &amp; Jensen","robots":{"index":"index","follow":"follow","max-snippet":"max-snippet:-1","max-image-preview":"max-image-preview:large","max-video-preview":"max-video-preview:-1"},"canonical":"https:\/\/olssonjensen.se\/en\/product\/bianca-kopp-vit\/","og_locale":"en_US","og_type":"article","og_title":"Bianca Kopp - Olsson &amp; Jensen","og_description":"Porslinsserien Bianca \u00e4r med sin stilrena design en av v\u00e5ra stors\u00e4ljare. Ytan som \u00e4r n\u00e5got oregelbunden skapar k\u00e4nsla och kvalitet vid dukning b\u00e5de till vardags och fest.","og_url":"https:\/\/olssonjensen.se\/en\/product\/bianca-kopp-vit\/","og_site_name":"Olsson &amp; Jensen","article_publisher":"https:\/\/www.facebook.com\/olssonjensen","article_modified_time":"2026-05-04T07:14:15+00:00","og_image":[{"width":1200,"height":1800,"url":"https:\/\/olssonjensen.se\/wp-content\/uploads\/2022\/05\/HH79310_new.jpg","type":"image\/jpeg"}],"twitter_card":"summary_large_image","twitter_misc":{"Est. reading time":"1 minute"},"schema":{"@context":"https:\/\/schema.org","@graph":[{"@type":"WebPage","@id":"https:\/\/olssonjensen.se\/produkt\/bianca-kopp-vit\/","url":"https:\/\/olssonjensen.se\/produkt\/bianca-kopp-vit\/","name":"Bianca Kopp - Olsson &amp; Jensen","isPartOf":{"@id":"https:\/\/olssonjensen.se\/#website"},"primaryImageOfPage":{"@id":"https:\/\/olssonjensen.se\/produkt\/bianca-kopp-vit\/#primaryimage"},"image":{"@id":"https:\/\/olssonjensen.se\/produkt\/bianca-kopp-vit\/#primaryimage"},"thumbnailUrl":"https:\/\/olssonjensen.se\/wp-content\/uploads\/2022\/05\/HH79310_new.jpg","datePublished":"2022-05-18T20:01:12+00:00","dateModified":"2026-05-04T07:14:15+00:00","breadcrumb":{"@id":"https:\/\/olssonjensen.se\/produkt\/bianca-kopp-vit\/#breadcrumb"},"inLanguage":"en-US","potentialAction":[{"@type":"ReadAction","target":["https:\/\/olssonjensen.se\/produkt\/bianca-kopp-vit\/"]}]},{"@type":"ImageObject","inLanguage":"en-US","@id":"https:\/\/olssonjensen.se\/produkt\/bianca-kopp-vit\/#primaryimage","url":"https:\/\/olssonjensen.se\/wp-content\/uploads\/2022\/05\/HH79310_new.jpg","contentUrl":"https:\/\/olssonjensen.se\/wp-content\/uploads\/2022\/05\/HH79310_new.jpg","width":1200,"height":1800},{"@type":"BreadcrumbList","@id":"https:\/\/olssonjensen.se\/produkt\/bianca-kopp-vit\/#breadcrumb","itemListElement":[{"@type":"ListItem","position":1,"name":"Hem","item":"https:\/\/olssonjensen.se\/"},{"@type":"ListItem","position":2,"name":"Shop","item":"https:\/\/olssonjensen.se\/shop\/"},{"@type":"ListItem","position":3,"name":"Bianca Kopp"}]},{"@type":"WebSite","@id":"https:\/\/olssonjensen.se\/#website","url":"https:\/\/olssonjensen.se\/","name":"Olsson &amp; Jensen","description":"Interior design, vintage furniture, and much more","publisher":{"@id":"https:\/\/olssonjensen.se\/#organization"},"potentialAction":[{"@type":"SearchAction","target":{"@type":"EntryPoint","urlTemplate":"https:\/\/olssonjensen.se\/?s={search_term_string}"},"query-input":{"@type":"PropertyValueSpecification","valueRequired":true,"valueName":"search_term_string"}}],"inLanguage":"en-US"},{"@type":"Organization","@id":"https:\/\/olssonjensen.se\/#organization","name":"Olsson &amp; Jensen","url":"https:\/\/olssonjensen.se\/","logo":{"@type":"ImageObject","inLanguage":"en-US","@id":"https:\/\/olssonjensen.se\/#\/schema\/logo\/image\/","url":"https:\/\/olssonjensen.se\/wp-content\/uploads\/2022\/10\/oj_google.png","contentUrl":"https:\/\/olssonjensen.se\/wp-content\/uploads\/2022\/10\/oj_google.png","width":800,"height":615,"caption":"Olsson & Jensen"},"image":{"@id":"https:\/\/olssonjensen.se\/#\/schema\/logo\/image\/"},"sameAs":["https:\/\/www.facebook.com\/olssonjensen","https:\/\/www.instagram.com\/olssonjensen\/"]}]}},"_links":{"self":[{"href":"https:\/\/olssonjensen.se\/en\/wp-json\/wp\/v2\/product\/2733","targetHints":{"allow":["GET"]}}],"collection":[{"href":"https:\/\/olssonjensen.se\/en\/wp-json\/wp\/v2\/product"}],"about":[{"href":"https:\/\/olssonjensen.se\/en\/wp-json\/wp\/v2\/types\/product"}],"wp:featuredmedia":[{"embeddable":true,"href":"https:\/\/olssonjensen.se\/en\/wp-json\/wp\/v2\/media\/38006"}],"wp:attachment":[{"href":"https:\/\/olssonjensen.se\/en\/wp-json\/wp\/v2\/media?parent=2733"}],"wp:term":[{"taxonomy":"product_brand","embeddable":true,"href":"https:\/\/olssonjensen.se\/en\/wp-json\/wp\/v2\/product_brand?post=2733"},{"taxonomy":"product_cat","embeddable":true,"href":"https:\/\/olssonjensen.se\/en\/wp-json\/wp\/v2\/product_cat?post=2733"},{"taxonomy":"product_tag","embeddable":true,"href":"https:\/\/olssonjensen.se\/en\/wp-json\/wp\/v2\/product_tag?post=2733"}],"curies":[{"name":"wp","href":"https:\/\/api.w.org\/{rel}","templated":true}]}}