{"id":35692,"date":"2024-11-19T16:01:14","date_gmt":"2024-11-19T14:01:14","guid":{"rendered":"https:\/\/olssonjensen.se\/produkt\/lisbon-guerlain\/"},"modified":"2026-04-28T11:44:19","modified_gmt":"2026-04-28T09:44:19","slug":"lisbon-guerlain","status":"publish","type":"product","link":"https:\/\/olssonjensen.se\/en\/product\/lisbon-guerlain\/","title":{"rendered":"Lisbon \u2013 Guerlain"},"content":{"rendered":"<p>Our scented candles are crafted from eco-friendly, plant-based wax derived from vegetable oils. The container is unique and handmade, and can be reused as a candle holder once the scented candle is finished. Burn time is approximately 50 hours.<\/p>\n<p>Top notes: Rose, Lily of the valley, Jasmine<br \/>\nHeart notes: Sandalwood, Amber<br \/>\nBase notes: Musk, Amber<\/p>","protected":false},"excerpt":{"rendered":"<p>V\u00e5ra doftljus \u00e4r tillverkade av ett milj\u00f6v\u00e4nligt, v\u00e4xtbaserat vax framst\u00e4llt fr\u00e5n vegetabiliska oljor. Beh\u00e5llaren \u00e4r unik och handgjord, den kan du med f\u00f6rdel anv\u00e4nda som ljush\u00e5llare n\u00e4r doftljuset \u00e4r slut. Brinntid cirka 50 timmar. Toppnoter: Rose, Lily of the valley, Jasmine Hj\u00e4rtnoter: Sandalwood, Amber Basnoter: Musk, Amber<\/p>","protected":false},"featured_media":22824,"template":"","meta":{"_acf_changed":false},"product_brand":[],"product_cat":[84,85,326],"product_tag":[],"class_list":{"0":"post-35692","1":"product","2":"type-product","3":"status-publish","4":"has-post-thumbnail","6":"product_cat-ljus","7":"product_cat-doftljus","8":"product_cat-holidaygifts","10":"first","11":"instock","12":"taxable","13":"shipping-taxable","14":"purchasable","15":"product-type-simple"},"acf":[],"meta_data":[],"shsp-ext":{"main":{},"variations":[]},"yoast_head":"<!-- This site is optimized with the Yoast SEO plugin v27.4 - https:\/\/yoast.com\/product\/yoast-seo-wordpress\/ -->\n<title>Lisbon - Guerlain - Olsson &amp; Jensen<\/title>\n<meta name=\"robots\" content=\"index, follow, max-snippet:-1, max-image-preview:large, max-video-preview:-1\" \/>\n<link rel=\"canonical\" href=\"https:\/\/olssonjensen.se\/en\/product\/lisbon-guerlain\/\" \/>\n<meta property=\"og:locale\" content=\"en_US\" \/>\n<meta property=\"og:type\" content=\"article\" \/>\n<meta property=\"og:title\" content=\"Lisbon - Guerlain - Olsson &amp; Jensen\" \/>\n<meta property=\"og:description\" content=\"V\u00e5ra doftljus \u00e4r tillverkade av ett milj\u00f6v\u00e4nligt, v\u00e4xtbaserat vax framst\u00e4llt fr\u00e5n vegetabiliska oljor. Beh\u00e5llaren \u00e4r unik och handgjord, den kan du med f\u00f6rdel anv\u00e4nda som ljush\u00e5llare n\u00e4r doftljuset \u00e4r slut. Brinntid cirka 50 timmar. Toppnoter: Rose, Lily of the valley, Jasmine Hj\u00e4rtnoter: Sandalwood, Amber Basnoter: Musk, Amber\" \/>\n<meta property=\"og:url\" content=\"https:\/\/olssonjensen.se\/en\/product\/lisbon-guerlain\/\" \/>\n<meta property=\"og:site_name\" content=\"Olsson &amp; Jensen\" \/>\n<meta property=\"article:publisher\" content=\"https:\/\/www.facebook.com\/olssonjensen\" \/>\n<meta property=\"article:modified_time\" content=\"2026-04-28T09:44:19+00:00\" \/>\n<meta property=\"og:image\" content=\"https:\/\/olssonjensen.se\/wp-content\/uploads\/2022\/05\/WH012051new.jpg\" \/>\n\t<meta property=\"og:image:width\" content=\"1000\" \/>\n\t<meta property=\"og:image:height\" content=\"1000\" \/>\n\t<meta property=\"og:image:type\" content=\"image\/jpeg\" \/>\n<meta name=\"twitter:card\" content=\"summary_large_image\" \/>\n<meta name=\"twitter:label1\" content=\"Est. reading time\" \/>\n\t<meta name=\"twitter:data1\" content=\"1 minute\" \/>\n<script type=\"application\/ld+json\" class=\"yoast-schema-graph\">{\"@context\":\"https:\\\/\\\/schema.org\",\"@graph\":[{\"@type\":\"WebPage\",\"@id\":\"https:\\\/\\\/olssonjensen.se\\\/produkt\\\/lisbon-guerlain\\\/\",\"url\":\"https:\\\/\\\/olssonjensen.se\\\/produkt\\\/lisbon-guerlain\\\/\",\"name\":\"Lisbon - Guerlain - Olsson &amp; Jensen\",\"isPartOf\":{\"@id\":\"https:\\\/\\\/olssonjensen.se\\\/#website\"},\"primaryImageOfPage\":{\"@id\":\"https:\\\/\\\/olssonjensen.se\\\/produkt\\\/lisbon-guerlain\\\/#primaryimage\"},\"image\":{\"@id\":\"https:\\\/\\\/olssonjensen.se\\\/produkt\\\/lisbon-guerlain\\\/#primaryimage\"},\"thumbnailUrl\":\"https:\\\/\\\/olssonjensen.se\\\/wp-content\\\/uploads\\\/2022\\\/05\\\/WH012051new.jpg\",\"datePublished\":\"2024-11-19T14:01:14+00:00\",\"dateModified\":\"2026-04-28T09:44:19+00:00\",\"breadcrumb\":{\"@id\":\"https:\\\/\\\/olssonjensen.se\\\/produkt\\\/lisbon-guerlain\\\/#breadcrumb\"},\"inLanguage\":\"en-US\",\"potentialAction\":[{\"@type\":\"ReadAction\",\"target\":[\"https:\\\/\\\/olssonjensen.se\\\/produkt\\\/lisbon-guerlain\\\/\"]}]},{\"@type\":\"ImageObject\",\"inLanguage\":\"en-US\",\"@id\":\"https:\\\/\\\/olssonjensen.se\\\/produkt\\\/lisbon-guerlain\\\/#primaryimage\",\"url\":\"https:\\\/\\\/olssonjensen.se\\\/wp-content\\\/uploads\\\/2022\\\/05\\\/WH012051new.jpg\",\"contentUrl\":\"https:\\\/\\\/olssonjensen.se\\\/wp-content\\\/uploads\\\/2022\\\/05\\\/WH012051new.jpg\",\"width\":1000,\"height\":1000},{\"@type\":\"BreadcrumbList\",\"@id\":\"https:\\\/\\\/olssonjensen.se\\\/produkt\\\/lisbon-guerlain\\\/#breadcrumb\",\"itemListElement\":[{\"@type\":\"ListItem\",\"position\":1,\"name\":\"Hem\",\"item\":\"https:\\\/\\\/olssonjensen.se\\\/\"},{\"@type\":\"ListItem\",\"position\":2,\"name\":\"Shop\",\"item\":\"https:\\\/\\\/olssonjensen.se\\\/shop\\\/\"},{\"@type\":\"ListItem\",\"position\":3,\"name\":\"Lisbon &#8211; Guerlain\"}]},{\"@type\":\"WebSite\",\"@id\":\"https:\\\/\\\/olssonjensen.se\\\/#website\",\"url\":\"https:\\\/\\\/olssonjensen.se\\\/\",\"name\":\"Olsson & Jensen\",\"description\":\"Inredning, vintagem\u00f6bler och mycket mer\",\"publisher\":{\"@id\":\"https:\\\/\\\/olssonjensen.se\\\/#organization\"},\"potentialAction\":[{\"@type\":\"SearchAction\",\"target\":{\"@type\":\"EntryPoint\",\"urlTemplate\":\"https:\\\/\\\/olssonjensen.se\\\/?s={search_term_string}\"},\"query-input\":{\"@type\":\"PropertyValueSpecification\",\"valueRequired\":true,\"valueName\":\"search_term_string\"}}],\"inLanguage\":\"en-US\"},{\"@type\":\"Organization\",\"@id\":\"https:\\\/\\\/olssonjensen.se\\\/#organization\",\"name\":\"Olsson & Jensen\",\"url\":\"https:\\\/\\\/olssonjensen.se\\\/\",\"logo\":{\"@type\":\"ImageObject\",\"inLanguage\":\"en-US\",\"@id\":\"https:\\\/\\\/olssonjensen.se\\\/#\\\/schema\\\/logo\\\/image\\\/\",\"url\":\"https:\\\/\\\/olssonjensen.se\\\/wp-content\\\/uploads\\\/2022\\\/10\\\/oj_google.png\",\"contentUrl\":\"https:\\\/\\\/olssonjensen.se\\\/wp-content\\\/uploads\\\/2022\\\/10\\\/oj_google.png\",\"width\":800,\"height\":615,\"caption\":\"Olsson & Jensen\"},\"image\":{\"@id\":\"https:\\\/\\\/olssonjensen.se\\\/#\\\/schema\\\/logo\\\/image\\\/\"},\"sameAs\":[\"https:\\\/\\\/www.facebook.com\\\/olssonjensen\",\"https:\\\/\\\/www.instagram.com\\\/olssonjensen\\\/\"]}]}<\/script>\n<!-- \/ Yoast SEO plugin. -->","yoast_head_json":{"title":"Lisbon - Guerlain - Olsson &amp; Jensen","robots":{"index":"index","follow":"follow","max-snippet":"max-snippet:-1","max-image-preview":"max-image-preview:large","max-video-preview":"max-video-preview:-1"},"canonical":"https:\/\/olssonjensen.se\/en\/product\/lisbon-guerlain\/","og_locale":"en_US","og_type":"article","og_title":"Lisbon - Guerlain - Olsson &amp; Jensen","og_description":"V\u00e5ra doftljus \u00e4r tillverkade av ett milj\u00f6v\u00e4nligt, v\u00e4xtbaserat vax framst\u00e4llt fr\u00e5n vegetabiliska oljor. Beh\u00e5llaren \u00e4r unik och handgjord, den kan du med f\u00f6rdel anv\u00e4nda som ljush\u00e5llare n\u00e4r doftljuset \u00e4r slut. Brinntid cirka 50 timmar. Toppnoter: Rose, Lily of the valley, Jasmine Hj\u00e4rtnoter: Sandalwood, Amber Basnoter: Musk, Amber","og_url":"https:\/\/olssonjensen.se\/en\/product\/lisbon-guerlain\/","og_site_name":"Olsson &amp; Jensen","article_publisher":"https:\/\/www.facebook.com\/olssonjensen","article_modified_time":"2026-04-28T09:44:19+00:00","og_image":[{"width":1000,"height":1000,"url":"https:\/\/olssonjensen.se\/wp-content\/uploads\/2022\/05\/WH012051new.jpg","type":"image\/jpeg"}],"twitter_card":"summary_large_image","twitter_misc":{"Est. reading time":"1 minute"},"schema":{"@context":"https:\/\/schema.org","@graph":[{"@type":"WebPage","@id":"https:\/\/olssonjensen.se\/produkt\/lisbon-guerlain\/","url":"https:\/\/olssonjensen.se\/produkt\/lisbon-guerlain\/","name":"Lisbon - Guerlain - Olsson &amp; Jensen","isPartOf":{"@id":"https:\/\/olssonjensen.se\/#website"},"primaryImageOfPage":{"@id":"https:\/\/olssonjensen.se\/produkt\/lisbon-guerlain\/#primaryimage"},"image":{"@id":"https:\/\/olssonjensen.se\/produkt\/lisbon-guerlain\/#primaryimage"},"thumbnailUrl":"https:\/\/olssonjensen.se\/wp-content\/uploads\/2022\/05\/WH012051new.jpg","datePublished":"2024-11-19T14:01:14+00:00","dateModified":"2026-04-28T09:44:19+00:00","breadcrumb":{"@id":"https:\/\/olssonjensen.se\/produkt\/lisbon-guerlain\/#breadcrumb"},"inLanguage":"en-US","potentialAction":[{"@type":"ReadAction","target":["https:\/\/olssonjensen.se\/produkt\/lisbon-guerlain\/"]}]},{"@type":"ImageObject","inLanguage":"en-US","@id":"https:\/\/olssonjensen.se\/produkt\/lisbon-guerlain\/#primaryimage","url":"https:\/\/olssonjensen.se\/wp-content\/uploads\/2022\/05\/WH012051new.jpg","contentUrl":"https:\/\/olssonjensen.se\/wp-content\/uploads\/2022\/05\/WH012051new.jpg","width":1000,"height":1000},{"@type":"BreadcrumbList","@id":"https:\/\/olssonjensen.se\/produkt\/lisbon-guerlain\/#breadcrumb","itemListElement":[{"@type":"ListItem","position":1,"name":"Hem","item":"https:\/\/olssonjensen.se\/"},{"@type":"ListItem","position":2,"name":"Shop","item":"https:\/\/olssonjensen.se\/shop\/"},{"@type":"ListItem","position":3,"name":"Lisbon &#8211; Guerlain"}]},{"@type":"WebSite","@id":"https:\/\/olssonjensen.se\/#website","url":"https:\/\/olssonjensen.se\/","name":"Olsson &amp; Jensen","description":"Interior design, vintage furniture, and much more","publisher":{"@id":"https:\/\/olssonjensen.se\/#organization"},"potentialAction":[{"@type":"SearchAction","target":{"@type":"EntryPoint","urlTemplate":"https:\/\/olssonjensen.se\/?s={search_term_string}"},"query-input":{"@type":"PropertyValueSpecification","valueRequired":true,"valueName":"search_term_string"}}],"inLanguage":"en-US"},{"@type":"Organization","@id":"https:\/\/olssonjensen.se\/#organization","name":"Olsson &amp; Jensen","url":"https:\/\/olssonjensen.se\/","logo":{"@type":"ImageObject","inLanguage":"en-US","@id":"https:\/\/olssonjensen.se\/#\/schema\/logo\/image\/","url":"https:\/\/olssonjensen.se\/wp-content\/uploads\/2022\/10\/oj_google.png","contentUrl":"https:\/\/olssonjensen.se\/wp-content\/uploads\/2022\/10\/oj_google.png","width":800,"height":615,"caption":"Olsson & Jensen"},"image":{"@id":"https:\/\/olssonjensen.se\/#\/schema\/logo\/image\/"},"sameAs":["https:\/\/www.facebook.com\/olssonjensen","https:\/\/www.instagram.com\/olssonjensen\/"]}]}},"_links":{"self":[{"href":"https:\/\/olssonjensen.se\/en\/wp-json\/wp\/v2\/product\/35692","targetHints":{"allow":["GET"]}}],"collection":[{"href":"https:\/\/olssonjensen.se\/en\/wp-json\/wp\/v2\/product"}],"about":[{"href":"https:\/\/olssonjensen.se\/en\/wp-json\/wp\/v2\/types\/product"}],"wp:featuredmedia":[{"embeddable":true,"href":"https:\/\/olssonjensen.se\/en\/wp-json\/wp\/v2\/media\/22824"}],"wp:attachment":[{"href":"https:\/\/olssonjensen.se\/en\/wp-json\/wp\/v2\/media?parent=35692"}],"wp:term":[{"taxonomy":"product_brand","embeddable":true,"href":"https:\/\/olssonjensen.se\/en\/wp-json\/wp\/v2\/product_brand?post=35692"},{"taxonomy":"product_cat","embeddable":true,"href":"https:\/\/olssonjensen.se\/en\/wp-json\/wp\/v2\/product_cat?post=35692"},{"taxonomy":"product_tag","embeddable":true,"href":"https:\/\/olssonjensen.se\/en\/wp-json\/wp\/v2\/product_tag?post=35692"}],"curies":[{"name":"wp","href":"https:\/\/api.w.org\/{rel}","templated":true}]}}