{"id":56943,"date":"2026-04-22T08:51:10","date_gmt":"2026-04-22T06:51:10","guid":{"rendered":"https:\/\/olssonjensen.se\/?page_id=56943"},"modified":"2026-04-22T10:21:46","modified_gmt":"2026-04-22T08:21:46","slug":"claire","status":"publish","type":"page","link":"https:\/\/olssonjensen.se\/es\/claire\/","title":{"rendered":"claire"},"content":{"rendered":"<div class=\"banner has-hover is-full-height\" id=\"banner-1830761740\">\n          <div class=\"banner-inner fill\">\n        <div class=\"banner-bg fill\" >\n            <img decoding=\"async\" width=\"1920\" height=\"1280\" src=\"https:\/\/olssonjensen.se\/wp-content\/uploads\/2026\/04\/headland-1.jpg\" class=\"bg attachment-original size-original\" alt=\"\" \/>                                    \n                    <\/div>\n\t\t\n        <div class=\"banner-layers container\">\n            <a class=\"fill\" href=\"https:\/\/olssonjensen.se\/es\/?s=claire+sand&#038;post_type=product&#038;dgwt_wcas=1\"><div class=\"fill banner-link\"><\/div><\/a>            \n\n\n        <\/div>\n      <\/div>\n\n            \n<style>\n#banner-1830761740 {\n  padding-top: 380px;\n}\n#banner-1830761740 .banner-bg img {\n  object-position: 50% 55%;\n}\n@media (min-width:550px) {\n  #banner-1830761740 {\n    padding-top: 100%;\n  }\n}\n<\/style>\n  <\/div>\n\n\n\t<div id=\"gap-1187979221\" class=\"gap-element clearfix\" style=\"display:block; height:auto;\">\n\t\t\n<style>\n#gap-1187979221 {\n  padding-top: 30px;\n}\n<\/style>\n\t<\/div>\n\t\n\n<div class=\"row row-small align-center claire-sand-row claire-sand-pair\"  id=\"row-703347541\">\n\n\n\t<div id=\"col-1011178873\" class=\"col medium-6 small-12 large-6\"  >\n\t\t\t\t<div class=\"col-inner\"  >\n\t\t\t\n\t\t\t\n\n\t<div class=\"img has-hover claire-sand-image claire-sand-image--left x md-x lg-x y md-y lg-y\" id=\"image_449183803\">\n\t\t<a class=\"\" href=\"https:\/\/olssonjensen.se\/es\/?s=claire+sand&#038;post_type=product&#038;dgwt_wcas=1\" >\t\t\t\t\t\t<div class=\"img-inner image-cover dark\" style=\"padding-top:150%;\">\n\t\t\t<img decoding=\"async\" width=\"1440\" height=\"1920\" src=\"https:\/\/olssonjensen.se\/wp-content\/uploads\/2026\/04\/Foto-2026-04-18-11-44-12.jpg\" class=\"attachment-original size-original\" alt=\"\" srcset=\"https:\/\/olssonjensen.se\/wp-content\/uploads\/2026\/04\/Foto-2026-04-18-11-44-12.jpg 1440w, https:\/\/olssonjensen.se\/wp-content\/uploads\/2026\/04\/Foto-2026-04-18-11-44-12-300x400.jpg 300w, https:\/\/olssonjensen.se\/wp-content\/uploads\/2026\/04\/Foto-2026-04-18-11-44-12-600x800.jpg 600w, https:\/\/olssonjensen.se\/wp-content\/uploads\/2026\/04\/Foto-2026-04-18-11-44-12-768x1024.jpg 768w, https:\/\/olssonjensen.se\/wp-content\/uploads\/2026\/04\/Foto-2026-04-18-11-44-12-1152x1536.jpg 1152w, https:\/\/olssonjensen.se\/wp-content\/uploads\/2026\/04\/Foto-2026-04-18-11-44-12-9x12.jpg 9w, https:\/\/olssonjensen.se\/wp-content\/uploads\/2026\/04\/Foto-2026-04-18-11-44-12-800x1067.jpg 800w, https:\/\/olssonjensen.se\/wp-content\/uploads\/2026\/04\/Foto-2026-04-18-11-44-12-30x40.jpg 30w, https:\/\/olssonjensen.se\/wp-content\/uploads\/2026\/04\/Foto-2026-04-18-11-44-12-64x85.jpg 64w\" sizes=\"(max-width: 1440px) 100vw, 1440px\" \/>\t\t\t\t\t\t\n\t\t\t\t\t<\/div>\n\t\t\t\t\t\t<\/a>\t\t\n<style>\n#image_449183803 {\n  width: 100%;\n}\n<\/style>\n\t<\/div>\n\t\n\n\n\t\t<\/div>\n\t\t\t\t\t<\/div>\n\n\t\n\n\t<div id=\"col-1485213817\" class=\"col medium-6 small-12 large-6\"  >\n\t\t\t\t<div class=\"col-inner\"  >\n\t\t\t\n\t\t\t\n\n\t<div class=\"img has-hover claire-sand-image claire-sand-image--right x md-x lg-x y md-y lg-y\" id=\"image_1338100344\">\n\t\t<a class=\"\" href=\"https:\/\/olssonjensen.se\/es\/?s=claire+sand&#038;post_type=product&#038;dgwt_wcas=1\" >\t\t\t\t\t\t<div class=\"img-inner image-cover dark\" style=\"padding-top:150%;\">\n\t\t\t<img decoding=\"async\" width=\"1440\" height=\"1920\" src=\"https:\/\/olssonjensen.se\/wp-content\/uploads\/2026\/04\/Foto-2026-04-18-12-00-01.jpg\" class=\"attachment-original size-original\" alt=\"\" srcset=\"https:\/\/olssonjensen.se\/wp-content\/uploads\/2026\/04\/Foto-2026-04-18-12-00-01.jpg 1440w, https:\/\/olssonjensen.se\/wp-content\/uploads\/2026\/04\/Foto-2026-04-18-12-00-01-300x400.jpg 300w, https:\/\/olssonjensen.se\/wp-content\/uploads\/2026\/04\/Foto-2026-04-18-12-00-01-600x800.jpg 600w, https:\/\/olssonjensen.se\/wp-content\/uploads\/2026\/04\/Foto-2026-04-18-12-00-01-768x1024.jpg 768w, https:\/\/olssonjensen.se\/wp-content\/uploads\/2026\/04\/Foto-2026-04-18-12-00-01-1152x1536.jpg 1152w, https:\/\/olssonjensen.se\/wp-content\/uploads\/2026\/04\/Foto-2026-04-18-12-00-01-9x12.jpg 9w, https:\/\/olssonjensen.se\/wp-content\/uploads\/2026\/04\/Foto-2026-04-18-12-00-01-800x1067.jpg 800w, https:\/\/olssonjensen.se\/wp-content\/uploads\/2026\/04\/Foto-2026-04-18-12-00-01-30x40.jpg 30w, https:\/\/olssonjensen.se\/wp-content\/uploads\/2026\/04\/Foto-2026-04-18-12-00-01-64x85.jpg 64w\" sizes=\"(max-width: 1440px) 100vw, 1440px\" \/>\t\t\t\t\t\t\n\t\t\t\t\t<\/div>\n\t\t\t\t\t\t<\/a>\t\t\n<style>\n#image_1338100344 {\n  width: 100%;\n}\n<\/style>\n\t<\/div>\n\t\n\n\n\t\t<\/div>\n\t\t\t\t\t<\/div>\n\n\t\n\n<\/div>\n\t<div id=\"gap-122854687\" class=\"gap-element clearfix\" style=\"display:block; height:auto;\">\n\t\t\n<style>\n#gap-122854687 {\n  padding-top: 16px;\n}\n<\/style>\n\t<\/div>\n\t\n\n<div class=\"row claire-sand-copy-row\"  id=\"row-747069673\">\n\n\n\t<div id=\"col-1014294012\" class=\"col small-12 large-12\"  >\n\t\t\t\t<div class=\"col-inner\"  >\n\t\t\t\n\t\t\t\n\n\t<div id=\"text-1425374601\" class=\"text claire-sand-caption claire-sand-caption--top\">\n\t\t\n\n<p>La serie Classic Claire presenta un nuevo color arena, inspirado en las superficies naturales y los paisajes apagados.<\/p>\n<p>La forma org\u00e1nica y estratificada permanece inalterada, pero ahora se complementa con un tono m\u00e1s c\u00e1lido y sobrio.<\/p>\n\t\t\n<style>\n#text-1425374601 {\n  text-align: center;\n}\n<\/style>\n\t<\/div>\n\t\n\n\t\t<\/div>\n\t\t\t\t\t<\/div>\n\n\t\n\n<\/div>\n<div class=\"row row-small align-center claire-sand-row claire-sand-texture-row\"  id=\"row-1003900343\">\n\n\n\t<div id=\"col-194759901\" class=\"col small-12 large-12\"  >\n\t\t\t\t<div class=\"col-inner\"  >\n\t\t\t\n\t\t\t\n\n\t<div class=\"img has-hover claire-sand-image claire-sand-image--texture x md-x lg-x y md-y lg-y\" id=\"image_224049391\">\n\t\t\t\t\t\t\t\t<div class=\"img-inner image-cover dark\" style=\"padding-top:50%;\">\n\t\t\t<img decoding=\"async\" width=\"1363\" height=\"1920\" src=\"https:\/\/olssonjensen.se\/wp-content\/uploads\/2026\/04\/2241beea-f582-4b67-be9a-90b816ad96d2-2026-04-22.jpg\" class=\"attachment-original size-original\" alt=\"\" srcset=\"https:\/\/olssonjensen.se\/wp-content\/uploads\/2026\/04\/2241beea-f582-4b67-be9a-90b816ad96d2-2026-04-22.jpg 1363w, https:\/\/olssonjensen.se\/wp-content\/uploads\/2026\/04\/2241beea-f582-4b67-be9a-90b816ad96d2-2026-04-22-284x400.jpg 284w, https:\/\/olssonjensen.se\/wp-content\/uploads\/2026\/04\/2241beea-f582-4b67-be9a-90b816ad96d2-2026-04-22-568x800.jpg 568w, https:\/\/olssonjensen.se\/wp-content\/uploads\/2026\/04\/2241beea-f582-4b67-be9a-90b816ad96d2-2026-04-22-768x1082.jpg 768w, https:\/\/olssonjensen.se\/wp-content\/uploads\/2026\/04\/2241beea-f582-4b67-be9a-90b816ad96d2-2026-04-22-1090x1536.jpg 1090w, https:\/\/olssonjensen.se\/wp-content\/uploads\/2026\/04\/2241beea-f582-4b67-be9a-90b816ad96d2-2026-04-22-9x12.jpg 9w, https:\/\/olssonjensen.se\/wp-content\/uploads\/2026\/04\/2241beea-f582-4b67-be9a-90b816ad96d2-2026-04-22-800x1127.jpg 800w, https:\/\/olssonjensen.se\/wp-content\/uploads\/2026\/04\/2241beea-f582-4b67-be9a-90b816ad96d2-2026-04-22-28x40.jpg 28w, https:\/\/olssonjensen.se\/wp-content\/uploads\/2026\/04\/2241beea-f582-4b67-be9a-90b816ad96d2-2026-04-22-64x90.jpg 64w\" sizes=\"(max-width: 1363px) 100vw, 1363px\" \/>\t\t\t\t\t\t\n\t\t\t\t\t<\/div>\n\t\t\t\t\t\t\t\t\n<style>\n#image_224049391 {\n  width: 100%;\n}\n<\/style>\n\t<\/div>\n\t\n\n\n\t\t<\/div>\n\t\t\t\t\t<\/div>\n\n\t\n\n<\/div>\n\t<div id=\"gap-932355681\" class=\"gap-element clearfix\" style=\"display:block; height:auto;\">\n\t\t\n<style>\n#gap-932355681 {\n  padding-top: 18px;\n}\n<\/style>\n\t<\/div>\n\t\n\n<div class=\"row claire-sand-copy-row\"  id=\"row-874653470\">\n\n\n\t<div id=\"col-1904733467\" class=\"col small-12 large-12\"  >\n\t\t\t\t<div class=\"col-inner\"  >\n\t\t\t\n\t\t\t\n\n\t<div id=\"text-3153908276\" class=\"text claire-sand-caption claire-sand-caption--middle\">\n\t\t\n\n<h4>Disponible en cinco tama\u00f1os<\/h4>\n<p>La serie ofrece una presencia cohesionada en todos los escenarios.<\/p>\n\t\t\n<style>\n#text-3153908276 {\n  text-align: center;\n}\n<\/style>\n\t<\/div>\n\t\n\n\t\t<\/div>\n\t\t\t\t\t<\/div>\n\n\t\n\n<\/div>\n<div class=\"row row-small align-center claire-sand-row claire-sand-product-pair\"  id=\"row-153118076\">\n\n\n\t<div id=\"col-440103533\" class=\"col medium-6 small-12 large-6\"  >\n\t\t\t\t<div class=\"col-inner\"  >\n\t\t\t\n\t\t\t\n\n\t<div class=\"img has-hover claire-sand-image claire-sand-image--product-left x md-x lg-x y md-y lg-y\" id=\"image_851585926\">\n\t\t<a class=\"\" href=\"https:\/\/olssonjensen.se\/es\/product\/claire-fat-sand-mini\/\" >\t\t\t\t\t\t<div class=\"img-inner image-cover dark\" style=\"padding-top:135%;\">\n\t\t\t<img decoding=\"async\" width=\"1281\" height=\"1920\" src=\"https:\/\/olssonjensen.se\/wp-content\/uploads\/2026\/03\/YU012910_YU012810.jpg\" class=\"attachment-original size-original\" alt=\"\" srcset=\"https:\/\/olssonjensen.se\/wp-content\/uploads\/2026\/03\/YU012910_YU012810.jpg 1281w, https:\/\/olssonjensen.se\/wp-content\/uploads\/2026\/03\/YU012910_YU012810-267x400.jpg 267w, https:\/\/olssonjensen.se\/wp-content\/uploads\/2026\/03\/YU012910_YU012810-534x800.jpg 534w, https:\/\/olssonjensen.se\/wp-content\/uploads\/2026\/03\/YU012910_YU012810-768x1151.jpg 768w, https:\/\/olssonjensen.se\/wp-content\/uploads\/2026\/03\/YU012910_YU012810-1025x1536.jpg 1025w, https:\/\/olssonjensen.se\/wp-content\/uploads\/2026\/03\/YU012910_YU012810-8x12.jpg 8w, https:\/\/olssonjensen.se\/wp-content\/uploads\/2026\/03\/YU012910_YU012810-500x750.jpg 500w, https:\/\/olssonjensen.se\/wp-content\/uploads\/2026\/03\/YU012910_YU012810-800x1199.jpg 800w, https:\/\/olssonjensen.se\/wp-content\/uploads\/2026\/03\/YU012910_YU012810-27x40.jpg 27w, https:\/\/olssonjensen.se\/wp-content\/uploads\/2026\/03\/YU012910_YU012810-64x96.jpg 64w\" sizes=\"(max-width: 1281px) 100vw, 1281px\" \/>\t\t\t\t\t\t\n\t\t\t\t\t<\/div>\n\t\t\t\t\t\t<\/a>\t\t\n<style>\n#image_851585926 {\n  width: 100%;\n}\n<\/style>\n\t<\/div>\n\t\n\n\n\t\t<\/div>\n\t\t\t\t\t<\/div>\n\n\t\n\n\t<div id=\"col-1564086516\" class=\"col medium-6 small-12 large-6\"  >\n\t\t\t\t<div class=\"col-inner\"  >\n\t\t\t\n\t\t\t\n\n\t<div class=\"img has-hover claire-sand-image claire-sand-image--product-right x md-x lg-x y md-y lg-y\" id=\"image_143226166\">\n\t\t<a class=\"\" href=\"https:\/\/olssonjensen.se\/es\/product\/claire-fat-sand-stort\/\" >\t\t\t\t\t\t<div class=\"img-inner image-cover dark\" style=\"padding-top:135%;\">\n\t\t\t<img decoding=\"async\" width=\"1281\" height=\"1920\" src=\"https:\/\/olssonjensen.se\/wp-content\/uploads\/2026\/03\/YU012510.jpg\" class=\"attachment-original size-original\" alt=\"\" srcset=\"https:\/\/olssonjensen.se\/wp-content\/uploads\/2026\/03\/YU012510.jpg 1281w, https:\/\/olssonjensen.se\/wp-content\/uploads\/2026\/03\/YU012510-267x400.jpg 267w, https:\/\/olssonjensen.se\/wp-content\/uploads\/2026\/03\/YU012510-534x800.jpg 534w, https:\/\/olssonjensen.se\/wp-content\/uploads\/2026\/03\/YU012510-768x1151.jpg 768w, https:\/\/olssonjensen.se\/wp-content\/uploads\/2026\/03\/YU012510-1025x1536.jpg 1025w, https:\/\/olssonjensen.se\/wp-content\/uploads\/2026\/03\/YU012510-8x12.jpg 8w, https:\/\/olssonjensen.se\/wp-content\/uploads\/2026\/03\/YU012510-500x750.jpg 500w, https:\/\/olssonjensen.se\/wp-content\/uploads\/2026\/03\/YU012510-800x1199.jpg 800w, https:\/\/olssonjensen.se\/wp-content\/uploads\/2026\/03\/YU012510-27x40.jpg 27w, https:\/\/olssonjensen.se\/wp-content\/uploads\/2026\/03\/YU012510-64x96.jpg 64w\" sizes=\"(max-width: 1281px) 100vw, 1281px\" \/>\t\t\t\t\t\t\n\t\t\t\t\t<\/div>\n\t\t\t\t\t\t<\/a>\t\t\n<style>\n#image_143226166 {\n  width: 100%;\n}\n<\/style>\n\t<\/div>\n\t\n\n\n\t\t<\/div>\n\t\t\t\t\t<\/div>\n\n\t\n\n<\/div>\n\t<div id=\"gap-806531240\" class=\"gap-element clearfix\" style=\"display:block; height:auto;\">\n\t\t\n<style>\n#gap-806531240 {\n  padding-top: 14px;\n}\n<\/style>\n\t<\/div>\n\t\n\n<div class=\"row row-small align-center claire-sand-row claire-sand-film-row\"  id=\"row-1696335250\">\n\n\n\t<div id=\"col-1599453130\" class=\"col small-12 large-12\"  >\n\t\t\t\t<div class=\"col-inner\"  >\n\t\t\t\n\t\t\t\n\n\n  <div class=\"banner has-hover has-video\" id=\"banner-464111775\">\n          <div class=\"banner-inner fill\">\n        <div class=\"banner-bg fill\" >\n                        \t<div class=\"video-overlay no-click fill visible\"><\/div>\n\t<video class=\"video-bg fill visible\" preload playsinline autoplay muted loop>\n\t\t<source src=\"https:\/\/olssonjensen.se\/wp-content\/uploads\/2026\/04\/Video-2026-04-18-11-49-23.mov\" type=\"video\/webm\">\t<\/video>\n                        \n                    <\/div>\n\t\t\n        <div class=\"banner-layers container\">\n            <a class=\"fill\" href=\"https:\/\/olssonjensen.se\/es\/product\/claire-fat-sand-litet\/\"><div class=\"fill banner-link\"><\/div><\/a>            \n\n\n        <\/div>\n      <\/div>\n\n            \n<style>\n#banner-464111775 {\n  padding-top: 800px;\n}\n<\/style>\n  <\/div>\n\n\n\n\t\t<\/div>\n\t\t\t\t\t<\/div>\n\n\t\n\n<\/div>\n\t<div id=\"gap-1569716067\" class=\"gap-element clearfix\" style=\"display:block; height:auto;\">\n\t\t\n<style>\n#gap-1569716067 {\n  padding-top: 30px;\n}\n<\/style>\n\t<\/div>","protected":false},"excerpt":{"rendered":"","protected":false},"author":1,"featured_media":0,"parent":0,"menu_order":0,"comment_status":"closed","ping_status":"closed","template":"","meta":{"_acf_changed":false,"footnotes":""},"class_list":["post-56943","page","type-page","status-publish","hentry"],"acf":[],"yoast_head":"<!-- This site is optimized with the Yoast SEO plugin v27.4 - https:\/\/yoast.com\/product\/yoast-seo-wordpress\/ -->\n<title>Claire sand - Olsson &amp; Jensen<\/title>\n<meta name=\"description\" content=\"The Classic Claire series introduces a new Sand colorway, inspired by natural surfaces and muted landscapes. The organic, layered form remains unchanged, now complemented by a warmer, more understated tone.\" \/>\n<meta name=\"robots\" content=\"index, follow, max-snippet:-1, max-image-preview:large, max-video-preview:-1\" \/>\n<link rel=\"canonical\" href=\"https:\/\/olssonjensen.se\/es\/claire\/\" \/>\n<meta property=\"og:locale\" content=\"es_ES\" \/>\n<meta property=\"og:type\" content=\"article\" \/>\n<meta property=\"og:title\" content=\"Claire sand - Olsson &amp; Jensen\" \/>\n<meta property=\"og:description\" content=\"The Classic Claire series introduces a new Sand colorway, inspired by natural surfaces and muted landscapes. The organic, layered form remains unchanged, now complemented by a warmer, more understated tone.\" \/>\n<meta property=\"og:url\" content=\"https:\/\/olssonjensen.se\/es\/claire\/\" \/>\n<meta property=\"og:site_name\" content=\"Olsson &amp; Jensen\" \/>\n<meta property=\"article:publisher\" content=\"https:\/\/www.facebook.com\/olssonjensen\" \/>\n<meta property=\"article:modified_time\" content=\"2026-04-22T08:21:46+00:00\" \/>\n<meta name=\"twitter:card\" content=\"summary_large_image\" \/>\n<meta name=\"twitter:label1\" content=\"Est. reading time\" \/>\n\t<meta name=\"twitter:data1\" content=\"1 minuto\" \/>\n<script type=\"application\/ld+json\" class=\"yoast-schema-graph\">{\"@context\":\"https:\\\/\\\/schema.org\",\"@graph\":[{\"@type\":\"WebPage\",\"@id\":\"https:\\\/\\\/olssonjensen.se\\\/claire\\\/\",\"url\":\"https:\\\/\\\/olssonjensen.se\\\/claire\\\/\",\"name\":\"Claire sand - Olsson &amp; Jensen\",\"isPartOf\":{\"@id\":\"https:\\\/\\\/olssonjensen.se\\\/#website\"},\"datePublished\":\"2026-04-22T06:51:10+00:00\",\"dateModified\":\"2026-04-22T08:21:46+00:00\",\"description\":\"The Classic Claire series introduces a new Sand colorway, inspired by natural surfaces and muted landscapes. The organic, layered form remains unchanged, now complemented by a warmer, more understated tone.\",\"breadcrumb\":{\"@id\":\"https:\\\/\\\/olssonjensen.se\\\/claire\\\/#breadcrumb\"},\"inLanguage\":\"es\",\"potentialAction\":[{\"@type\":\"ReadAction\",\"target\":[\"https:\\\/\\\/olssonjensen.se\\\/claire\\\/\"]}]},{\"@type\":\"BreadcrumbList\",\"@id\":\"https:\\\/\\\/olssonjensen.se\\\/claire\\\/#breadcrumb\",\"itemListElement\":[{\"@type\":\"ListItem\",\"position\":1,\"name\":\"Hem\",\"item\":\"https:\\\/\\\/olssonjensen.se\\\/\"},{\"@type\":\"ListItem\",\"position\":2,\"name\":\"claire\"}]},{\"@type\":\"WebSite\",\"@id\":\"https:\\\/\\\/olssonjensen.se\\\/#website\",\"url\":\"https:\\\/\\\/olssonjensen.se\\\/\",\"name\":\"Olsson & Jensen\",\"description\":\"Inredning, vintagem\u00f6bler och mycket mer\",\"publisher\":{\"@id\":\"https:\\\/\\\/olssonjensen.se\\\/#organization\"},\"potentialAction\":[{\"@type\":\"SearchAction\",\"target\":{\"@type\":\"EntryPoint\",\"urlTemplate\":\"https:\\\/\\\/olssonjensen.se\\\/?s={search_term_string}\"},\"query-input\":{\"@type\":\"PropertyValueSpecification\",\"valueRequired\":true,\"valueName\":\"search_term_string\"}}],\"inLanguage\":\"es\"},{\"@type\":\"Organization\",\"@id\":\"https:\\\/\\\/olssonjensen.se\\\/#organization\",\"name\":\"Olsson & Jensen\",\"url\":\"https:\\\/\\\/olssonjensen.se\\\/\",\"logo\":{\"@type\":\"ImageObject\",\"inLanguage\":\"es\",\"@id\":\"https:\\\/\\\/olssonjensen.se\\\/#\\\/schema\\\/logo\\\/image\\\/\",\"url\":\"https:\\\/\\\/olssonjensen.se\\\/wp-content\\\/uploads\\\/2022\\\/10\\\/oj_google.png\",\"contentUrl\":\"https:\\\/\\\/olssonjensen.se\\\/wp-content\\\/uploads\\\/2022\\\/10\\\/oj_google.png\",\"width\":800,\"height\":615,\"caption\":\"Olsson & Jensen\"},\"image\":{\"@id\":\"https:\\\/\\\/olssonjensen.se\\\/#\\\/schema\\\/logo\\\/image\\\/\"},\"sameAs\":[\"https:\\\/\\\/www.facebook.com\\\/olssonjensen\",\"https:\\\/\\\/www.instagram.com\\\/olssonjensen\\\/\"]}]}<\/script>\n<!-- \/ Yoast SEO plugin. -->","yoast_head_json":{"title":"Claire sand - Olsson &amp; Jensen","description":"The Classic Claire series introduces a new Sand colorway, inspired by natural surfaces and muted landscapes. The organic, layered form remains unchanged, now complemented by a warmer, more understated tone.","robots":{"index":"index","follow":"follow","max-snippet":"max-snippet:-1","max-image-preview":"max-image-preview:large","max-video-preview":"max-video-preview:-1"},"canonical":"https:\/\/olssonjensen.se\/es\/claire\/","og_locale":"es_ES","og_type":"article","og_title":"Claire sand - Olsson &amp; Jensen","og_description":"The Classic Claire series introduces a new Sand colorway, inspired by natural surfaces and muted landscapes. The organic, layered form remains unchanged, now complemented by a warmer, more understated tone.","og_url":"https:\/\/olssonjensen.se\/es\/claire\/","og_site_name":"Olsson &amp; Jensen","article_publisher":"https:\/\/www.facebook.com\/olssonjensen","article_modified_time":"2026-04-22T08:21:46+00:00","twitter_card":"summary_large_image","twitter_misc":{"Est. reading time":"1 minuto"},"schema":{"@context":"https:\/\/schema.org","@graph":[{"@type":"WebPage","@id":"https:\/\/olssonjensen.se\/claire\/","url":"https:\/\/olssonjensen.se\/claire\/","name":"Claire sand - Olsson &amp; Jensen","isPartOf":{"@id":"https:\/\/olssonjensen.se\/#website"},"datePublished":"2026-04-22T06:51:10+00:00","dateModified":"2026-04-22T08:21:46+00:00","description":"The Classic Claire series introduces a new Sand colorway, inspired by natural surfaces and muted landscapes. The organic, layered form remains unchanged, now complemented by a warmer, more understated tone.","breadcrumb":{"@id":"https:\/\/olssonjensen.se\/claire\/#breadcrumb"},"inLanguage":"es","potentialAction":[{"@type":"ReadAction","target":["https:\/\/olssonjensen.se\/claire\/"]}]},{"@type":"BreadcrumbList","@id":"https:\/\/olssonjensen.se\/claire\/#breadcrumb","itemListElement":[{"@type":"ListItem","position":1,"name":"Hem","item":"https:\/\/olssonjensen.se\/"},{"@type":"ListItem","position":2,"name":"claire"}]},{"@type":"WebSite","@id":"https:\/\/olssonjensen.se\/#website","url":"https:\/\/olssonjensen.se\/","name":"Olsson &amp; Jensen","description":"Inredning, vintagem\u00f6bler och mycket mer","publisher":{"@id":"https:\/\/olssonjensen.se\/#organization"},"potentialAction":[{"@type":"SearchAction","target":{"@type":"EntryPoint","urlTemplate":"https:\/\/olssonjensen.se\/?s={search_term_string}"},"query-input":{"@type":"PropertyValueSpecification","valueRequired":true,"valueName":"search_term_string"}}],"inLanguage":"es"},{"@type":"Organization","@id":"https:\/\/olssonjensen.se\/#organization","name":"Olsson &amp; Jensen","url":"https:\/\/olssonjensen.se\/","logo":{"@type":"ImageObject","inLanguage":"es","@id":"https:\/\/olssonjensen.se\/#\/schema\/logo\/image\/","url":"https:\/\/olssonjensen.se\/wp-content\/uploads\/2022\/10\/oj_google.png","contentUrl":"https:\/\/olssonjensen.se\/wp-content\/uploads\/2022\/10\/oj_google.png","width":800,"height":615,"caption":"Olsson & Jensen"},"image":{"@id":"https:\/\/olssonjensen.se\/#\/schema\/logo\/image\/"},"sameAs":["https:\/\/www.facebook.com\/olssonjensen","https:\/\/www.instagram.com\/olssonjensen\/"]}]}},"_links":{"self":[{"href":"https:\/\/olssonjensen.se\/es\/wp-json\/wp\/v2\/pages\/56943","targetHints":{"allow":["GET"]}}],"collection":[{"href":"https:\/\/olssonjensen.se\/es\/wp-json\/wp\/v2\/pages"}],"about":[{"href":"https:\/\/olssonjensen.se\/es\/wp-json\/wp\/v2\/types\/page"}],"author":[{"embeddable":true,"href":"https:\/\/olssonjensen.se\/es\/wp-json\/wp\/v2\/users\/1"}],"replies":[{"embeddable":true,"href":"https:\/\/olssonjensen.se\/es\/wp-json\/wp\/v2\/comments?post=56943"}],"version-history":[{"count":49,"href":"https:\/\/olssonjensen.se\/es\/wp-json\/wp\/v2\/pages\/56943\/revisions"}],"predecessor-version":[{"id":57063,"href":"https:\/\/olssonjensen.se\/es\/wp-json\/wp\/v2\/pages\/56943\/revisions\/57063"}],"wp:attachment":[{"href":"https:\/\/olssonjensen.se\/es\/wp-json\/wp\/v2\/media?parent=56943"}],"curies":[{"name":"wp","href":"https:\/\/api.w.org\/{rel}","templated":true}]}}