{"id":6937,"date":"2022-04-19T07:54:42","date_gmt":"2022-04-19T07:54:42","guid":{"rendered":"https:\/\/olssonjensen.se\/privacy-policy\/"},"modified":"2022-06-22T09:52:28","modified_gmt":"2022-06-22T09:52:28","slug":"privacy-policy","status":"publish","type":"page","link":"https:\/\/olssonjensen.se\/es\/privacy-policy\/","title":{"rendered":"Pol\u00edtica de privacidad"},"content":{"rendered":"<section class=\"section\" id=\"section_1636858505\">\n\t\t<div class=\"section-bg fill\" >\n\t\t\t\t\t\t\t\t\t\n\t\t\t\n\n\t\t<\/div>\n\n\t\t\n\n\t\t<div class=\"section-content relative\">\n\t\t\t\n\n<div class=\"row\"  id=\"row-306154606\">\n\n\n\t<div id=\"col-1899824725\" class=\"col small-12 large-12\"  >\n\t\t\t\t<div class=\"col-inner\"  >\n\t\t\t\n\t\t\t\n\n<h1>Pol\u00edtica de privacidad<\/h1>\n<p class=\"intro\">VERNA AB, org.nr. 556717-1953, Fabriksgatan 2, 254 74 \u00d6d\u00e5kra (\u201cOlsson &amp; Jensen\u201d) garantiza que sus datos personales se procesan de forma segura para la privacidad, con un buen nivel de protecci\u00f3n y de conformidad con la legislaci\u00f3n aplicable en materia de protecci\u00f3n de datos.<\/p>\n<div class=\"main-text-content\">\n<p>Esta Pol\u00edtica de Privacidad describe c\u00f3mo tratamos en Verna AB \/ Olsson &amp; Jensen la informaci\u00f3n personal sobre usted que es cliente o potencial cliente nuestro, representante de una empresa que es cliente o potencial cliente nuestro, y usted que visita nuestra p\u00e1gina web. <\/p>\n<p>Si tiene alguna pregunta sobre la protecci\u00f3n de la intimidad en Olsson &amp; Jensen, no dude en ponerse en contacto con nosotros.<\/p>\n<h3>Gestor de datos personales<\/h3>\n<p>Olsson &amp; Jensen es responsable del tratamiento de sus datos personales y, por lo tanto, es responsable de garantizar que sus datos se traten de forma correcta y segura de conformidad con la legislaci\u00f3n aplicable.<\/p>\n<h2>Qu\u00e9 recopilamos y almacenamos<\/h2>\n<p>Cuando visite nuestro sitio web, realizaremos un seguimiento:<\/p>\n<ul>\n<li>Productos que ha mostrado: lo utilizamos para mostrarle productos que ha mirado recientemente, por ejemplo.<\/li>\n<li>Informaci\u00f3n de localizaci\u00f3n, direcci\u00f3n IP y tipo de navegador: la utilizamos para fines como el c\u00e1lculo del IVA y los gastos de env\u00edo.<\/li>\n<li>Direcci\u00f3n de entrega: te pedimos que la introduzcas para que, por ejemplo, podamos calcular el env\u00edo antes de que hagas el pedido y envi\u00e1rtelo.<\/li>\n<\/ul>\n<p>Tambi\u00e9n utilizamos cookies para hacer un seguimiento del contenido de la cesta de la compra mientras utiliza nuestro sitio web.<\/p>\n<p>Cuando usted nos compra, le pedimos que nos proporcione informaci\u00f3n que incluye su nombre, direcci\u00f3n de facturaci\u00f3n, direcci\u00f3n de env\u00edo, direcci\u00f3n de correo electr\u00f3nico, n\u00famero de tel\u00e9fono y cualquier informaci\u00f3n de la cuenta, como nombre de usuario y contrase\u00f1a. Utilizamos esta informaci\u00f3n para fines tales como:<\/p>\n<ul>\n<li>Enviarle informaci\u00f3n sobre su cuenta y su pedido<\/li>\n<li>Responder a sus preguntas, incluidas las recompras y reclamaciones<\/li>\n<li>Procese los pagos y evite el fraude<\/li>\n<li>Crear una cuenta en nuestra tienda<\/li>\n<li>Cumplir los requisitos legales que tenemos, como el c\u00e1lculo del IVA<\/li>\n<li>Mejorar nuestras ofertas<\/li>\n<li>Enviarle mensajes de marketing, si decide recibirlos<\/li>\n<\/ul>\n<p>Si crea una cuenta, almacenaremos su nombre, direcci\u00f3n, direcci\u00f3n de correo electr\u00f3nico y n\u00famero de tel\u00e9fono, que se utilizar\u00e1n para rellenar sus datos en la caja para futuros pedidos.<\/p>\n<p>En general, s\u00f3lo almacenamos informaci\u00f3n sobre usted mientras la necesitemos para los fines para los que la recopilamos y utilizamos, y mientras no estemos legalmente obligados a almacenarla. Por ejemplo, almacenaremos la informaci\u00f3n de los pedidos para el per\u00edodo de tiempo actual a efectos fiscales y contables. Esto incluye su nombre, direcci\u00f3n de correo electr\u00f3nico y direcciones de facturaci\u00f3n y env\u00edo.<\/p>\n<p>Tambi\u00e9n almacenamos comentarios o rese\u00f1as, si los deja.<\/p>\n<h2>Qui\u00e9n de nuestro equipo tiene acceso<\/h2>\n<p>Los miembros de nuestro equipo tienen acceso a la informaci\u00f3n que nos facilite:<\/p>\n<ul>\n<li>Informaci\u00f3n sobre pedidos, como qu\u00e9 se compr\u00f3, cu\u00e1ndo se compr\u00f3 y ad\u00f3nde debe enviarse, as\u00ed como<\/li>\n<li>Informaci\u00f3n del cliente, como su nombre, direcci\u00f3n de correo electr\u00f3nico e informaci\u00f3n de facturaci\u00f3n y entrega.<\/li>\n<\/ul>\n<p>Nuestro equipo tiene acceso a esta informaci\u00f3n para tramitar pedidos, realizar reembolsos y prestar asistencia.<\/p>\n<h3>Sus derechos<\/h3>\n<p>Verna AB \/ Olsson &amp; Jensen, como responsable de los datos personales, es responsable de garantizar que sus datos personales se procesen de conformidad con la legislaci\u00f3n vigente. <\/p>\n<p>Si tiene una cuenta o ha escrito alg\u00fan comentario en este sitio web, puede solicitar un archivo de exportaci\u00f3n con la informaci\u00f3n personal que tenemos sobre usted, incluida toda la informaci\u00f3n que nos ha facilitado. Tambi\u00e9n puede solicitar que eliminemos toda la informaci\u00f3n personal que tengamos sobre usted. Esto no incluye ninguna informaci\u00f3n que tengamos que guardar con fines administrativos, legales o de seguridad.<\/p>\n<h3>La protecci\u00f3n de sus datos personales<\/h3>\n<p>Siempre puede sentirse seguro cuando nos facilite sus datos personales. Por ello, Verna AB \/ Olsson &amp; Jensen ha adoptado las medidas de seguridad necesarias para proteger sus datos personales contra el acceso no autorizado, la alteraci\u00f3n y la eliminaci\u00f3n. No revelaremos su informaci\u00f3n a nadie m\u00e1s que a quien se indique expresamente en esta Pol\u00edtica de Privacidad.<\/p>\n<h3>Cambios<\/h3>\n<p>Verna AB \/ Olsson &amp; Jensen tiene derecho a cambiar la Pol\u00edtica de Privacidad en cualquier momento, el cambio ser\u00e1 publicado aqu\u00ed en nuestro sitio web bajo la Pol\u00edtica de Privacidad. <\/p>\n<h3>Informaci\u00f3n de contacto<\/h3>\n<p>Siempre puede ponerse en contacto con Verna AB \/ Olsson &amp; Jensen si tiene alguna pregunta sobre esta pol\u00edtica de privacidad, el tratamiento de sus datos personales o si desea ejercer sus derechos en virtud de esta pol\u00edtica de privacidad o de la legislaci\u00f3n aplicable:<br><br><b>Correo electr\u00f3nico<\/b> : gdpr@olssonjensen.com<br><br><\/p>\n<\/div>\n\n\t\t<\/div>\n\t\t\t\t\t<\/div>\n\n\t\n\n<\/div>\n<div class=\"row\"  id=\"row-2025206669\">\n\n\n\t<div id=\"col-127069043\" class=\"col small-12 large-12\"  >\n\t\t\t\t<div class=\"col-inner\"  >\n\t\t\t\n\t\t\t\n\n\n\t\t<\/div>\n\t\t\t\t\t<\/div>\n\n\t\n\n<\/div>\n\n\t\t<\/div>\n\n\t\t\n<style>\n#section_1636858505 {\n  padding-top: 30px;\n  padding-bottom: 30px;\n}\n<\/style>\n\t<\/section>","protected":false},"excerpt":{"rendered":"","protected":false},"author":1,"featured_media":0,"parent":0,"menu_order":0,"comment_status":"closed","ping_status":"open","template":"","meta":{"_acf_changed":false,"footnotes":""},"class_list":["post-6937","page","type-page","status-publish","hentry"],"acf":[],"yoast_head":"<!-- This site is optimized with the Yoast SEO plugin v27.4 - https:\/\/yoast.com\/product\/yoast-seo-wordpress\/ -->\n<title>Privacy Policy - Olsson &amp; Jensen<\/title>\n<meta name=\"description\" content=\"Olsson &amp; Jensen \u00e4r ett svenskt inredningsf\u00f6retag som s\u00e4ljer vintagem\u00f6bler och inredning till butiker i hela Sverige och flertalet l\u00e4nder.\" \/>\n<meta name=\"robots\" content=\"index, follow, max-snippet:-1, max-image-preview:large, max-video-preview:-1\" \/>\n<link rel=\"canonical\" href=\"https:\/\/olssonjensen.se\/es\/privacy-policy\/\" \/>\n<meta property=\"og:locale\" content=\"es_ES\" \/>\n<meta property=\"og:type\" content=\"article\" \/>\n<meta property=\"og:title\" content=\"Privacy Policy - Olsson &amp; Jensen\" \/>\n<meta property=\"og:description\" content=\"Olsson &amp; Jensen \u00e4r ett svenskt inredningsf\u00f6retag som s\u00e4ljer vintagem\u00f6bler och inredning till butiker i hela Sverige och flertalet l\u00e4nder.\" \/>\n<meta property=\"og:url\" content=\"https:\/\/olssonjensen.se\/es\/privacy-policy\/\" \/>\n<meta property=\"og:site_name\" content=\"Olsson &amp; Jensen\" \/>\n<meta property=\"article:publisher\" content=\"https:\/\/www.facebook.com\/olssonjensen\" \/>\n<meta property=\"article:modified_time\" content=\"2022-06-22T09:52:28+00:00\" \/>\n<meta name=\"twitter:card\" content=\"summary_large_image\" \/>\n<meta name=\"twitter:label1\" content=\"Tiempo de lectura\" \/>\n\t<meta name=\"twitter:data1\" content=\"4 minutos\" \/>\n<script type=\"application\/ld+json\" class=\"yoast-schema-graph\">{\"@context\":\"https:\\\/\\\/schema.org\",\"@graph\":[{\"@type\":\"WebPage\",\"@id\":\"https:\\\/\\\/olssonjensen.se\\\/privacy-policy\\\/\",\"url\":\"https:\\\/\\\/olssonjensen.se\\\/privacy-policy\\\/\",\"name\":\"Privacy Policy - Olsson &amp; Jensen\",\"isPartOf\":{\"@id\":\"https:\\\/\\\/olssonjensen.se\\\/#website\"},\"datePublished\":\"2022-04-19T07:54:42+00:00\",\"dateModified\":\"2022-06-22T09:52:28+00:00\",\"description\":\"Olsson & Jensen \u00e4r ett svenskt inredningsf\u00f6retag som s\u00e4ljer vintagem\u00f6bler och inredning till butiker i hela Sverige och flertalet l\u00e4nder.\",\"breadcrumb\":{\"@id\":\"https:\\\/\\\/olssonjensen.se\\\/privacy-policy\\\/#breadcrumb\"},\"inLanguage\":\"es\",\"potentialAction\":[{\"@type\":\"ReadAction\",\"target\":[\"https:\\\/\\\/olssonjensen.se\\\/privacy-policy\\\/\"]}]},{\"@type\":\"BreadcrumbList\",\"@id\":\"https:\\\/\\\/olssonjensen.se\\\/privacy-policy\\\/#breadcrumb\",\"itemListElement\":[{\"@type\":\"ListItem\",\"position\":1,\"name\":\"Hem\",\"item\":\"https:\\\/\\\/olssonjensen.se\\\/\"},{\"@type\":\"ListItem\",\"position\":2,\"name\":\"Privacy Policy\"}]},{\"@type\":\"WebSite\",\"@id\":\"https:\\\/\\\/olssonjensen.se\\\/#website\",\"url\":\"https:\\\/\\\/olssonjensen.se\\\/\",\"name\":\"Olsson & Jensen\",\"description\":\"Inredning, vintagem\u00f6bler och mycket mer\",\"publisher\":{\"@id\":\"https:\\\/\\\/olssonjensen.se\\\/#organization\"},\"potentialAction\":[{\"@type\":\"SearchAction\",\"target\":{\"@type\":\"EntryPoint\",\"urlTemplate\":\"https:\\\/\\\/olssonjensen.se\\\/?s={search_term_string}\"},\"query-input\":{\"@type\":\"PropertyValueSpecification\",\"valueRequired\":true,\"valueName\":\"search_term_string\"}}],\"inLanguage\":\"es\"},{\"@type\":\"Organization\",\"@id\":\"https:\\\/\\\/olssonjensen.se\\\/#organization\",\"name\":\"Olsson & Jensen\",\"url\":\"https:\\\/\\\/olssonjensen.se\\\/\",\"logo\":{\"@type\":\"ImageObject\",\"inLanguage\":\"es\",\"@id\":\"https:\\\/\\\/olssonjensen.se\\\/#\\\/schema\\\/logo\\\/image\\\/\",\"url\":\"https:\\\/\\\/olssonjensen.se\\\/wp-content\\\/uploads\\\/2022\\\/10\\\/oj_google.png\",\"contentUrl\":\"https:\\\/\\\/olssonjensen.se\\\/wp-content\\\/uploads\\\/2022\\\/10\\\/oj_google.png\",\"width\":800,\"height\":615,\"caption\":\"Olsson & Jensen\"},\"image\":{\"@id\":\"https:\\\/\\\/olssonjensen.se\\\/#\\\/schema\\\/logo\\\/image\\\/\"},\"sameAs\":[\"https:\\\/\\\/www.facebook.com\\\/olssonjensen\",\"https:\\\/\\\/www.instagram.com\\\/olssonjensen\\\/\"]}]}<\/script>\n<!-- \/ Yoast SEO plugin. -->","yoast_head_json":{"title":"Privacy Policy - Olsson &amp; Jensen","description":"Olsson & Jensen \u00e4r ett svenskt inredningsf\u00f6retag som s\u00e4ljer vintagem\u00f6bler och inredning till butiker i hela Sverige och flertalet l\u00e4nder.","robots":{"index":"index","follow":"follow","max-snippet":"max-snippet:-1","max-image-preview":"max-image-preview:large","max-video-preview":"max-video-preview:-1"},"canonical":"https:\/\/olssonjensen.se\/es\/privacy-policy\/","og_locale":"es_ES","og_type":"article","og_title":"Privacy Policy - Olsson &amp; Jensen","og_description":"Olsson & Jensen \u00e4r ett svenskt inredningsf\u00f6retag som s\u00e4ljer vintagem\u00f6bler och inredning till butiker i hela Sverige och flertalet l\u00e4nder.","og_url":"https:\/\/olssonjensen.se\/es\/privacy-policy\/","og_site_name":"Olsson &amp; Jensen","article_publisher":"https:\/\/www.facebook.com\/olssonjensen","article_modified_time":"2022-06-22T09:52:28+00:00","twitter_card":"summary_large_image","twitter_misc":{"Tiempo de lectura":"4 minutos"},"schema":{"@context":"https:\/\/schema.org","@graph":[{"@type":"WebPage","@id":"https:\/\/olssonjensen.se\/privacy-policy\/","url":"https:\/\/olssonjensen.se\/privacy-policy\/","name":"Privacy Policy - Olsson &amp; Jensen","isPartOf":{"@id":"https:\/\/olssonjensen.se\/#website"},"datePublished":"2022-04-19T07:54:42+00:00","dateModified":"2022-06-22T09:52:28+00:00","description":"Olsson & Jensen \u00e4r ett svenskt inredningsf\u00f6retag som s\u00e4ljer vintagem\u00f6bler och inredning till butiker i hela Sverige och flertalet l\u00e4nder.","breadcrumb":{"@id":"https:\/\/olssonjensen.se\/privacy-policy\/#breadcrumb"},"inLanguage":"es","potentialAction":[{"@type":"ReadAction","target":["https:\/\/olssonjensen.se\/privacy-policy\/"]}]},{"@type":"BreadcrumbList","@id":"https:\/\/olssonjensen.se\/privacy-policy\/#breadcrumb","itemListElement":[{"@type":"ListItem","position":1,"name":"Hem","item":"https:\/\/olssonjensen.se\/"},{"@type":"ListItem","position":2,"name":"Privacy Policy"}]},{"@type":"WebSite","@id":"https:\/\/olssonjensen.se\/#website","url":"https:\/\/olssonjensen.se\/","name":"Olsson &amp; Jensen","description":"Inredning, vintagem\u00f6bler och mycket mer","publisher":{"@id":"https:\/\/olssonjensen.se\/#organization"},"potentialAction":[{"@type":"SearchAction","target":{"@type":"EntryPoint","urlTemplate":"https:\/\/olssonjensen.se\/?s={search_term_string}"},"query-input":{"@type":"PropertyValueSpecification","valueRequired":true,"valueName":"search_term_string"}}],"inLanguage":"es"},{"@type":"Organization","@id":"https:\/\/olssonjensen.se\/#organization","name":"Olsson &amp; Jensen","url":"https:\/\/olssonjensen.se\/","logo":{"@type":"ImageObject","inLanguage":"es","@id":"https:\/\/olssonjensen.se\/#\/schema\/logo\/image\/","url":"https:\/\/olssonjensen.se\/wp-content\/uploads\/2022\/10\/oj_google.png","contentUrl":"https:\/\/olssonjensen.se\/wp-content\/uploads\/2022\/10\/oj_google.png","width":800,"height":615,"caption":"Olsson & Jensen"},"image":{"@id":"https:\/\/olssonjensen.se\/#\/schema\/logo\/image\/"},"sameAs":["https:\/\/www.facebook.com\/olssonjensen","https:\/\/www.instagram.com\/olssonjensen\/"]}]}},"_links":{"self":[{"href":"https:\/\/olssonjensen.se\/es\/wp-json\/wp\/v2\/pages\/6937","targetHints":{"allow":["GET"]}}],"collection":[{"href":"https:\/\/olssonjensen.se\/es\/wp-json\/wp\/v2\/pages"}],"about":[{"href":"https:\/\/olssonjensen.se\/es\/wp-json\/wp\/v2\/types\/page"}],"author":[{"embeddable":true,"href":"https:\/\/olssonjensen.se\/es\/wp-json\/wp\/v2\/users\/1"}],"replies":[{"embeddable":true,"href":"https:\/\/olssonjensen.se\/es\/wp-json\/wp\/v2\/comments?post=6937"}],"version-history":[{"count":1,"href":"https:\/\/olssonjensen.se\/es\/wp-json\/wp\/v2\/pages\/6937\/revisions"}],"predecessor-version":[{"id":6938,"href":"https:\/\/olssonjensen.se\/es\/wp-json\/wp\/v2\/pages\/6937\/revisions\/6938"}],"wp:attachment":[{"href":"https:\/\/olssonjensen.se\/es\/wp-json\/wp\/v2\/media?parent=6937"}],"curies":[{"name":"wp","href":"https:\/\/api.w.org\/{rel}","templated":true}]}}