{"id":20411,"date":"2023-07-07T14:31:02","date_gmt":"2023-07-07T12:31:02","guid":{"rendered":"https:\/\/olssonjensen.se\/produkt\/marwin-marmor-bord-sand\/"},"modified":"2026-04-23T14:20:24","modified_gmt":"2026-04-23T12:20:24","slug":"marwin-marmor-bord-sand","status":"publish","type":"product","link":"https:\/\/olssonjensen.se\/es\/product\/marwin-marmor-bord-sand\/","title":{"rendered":"Mesa auxiliar Marwin arena"},"content":{"rendered":"","protected":false},"excerpt":{"rendered":"<p>Marwin es una mesa auxiliar de m\u00e1rmol color arena con base de hierro. El veteado de diferentes colores que recorre la piedra pulida hace que cada mesa sea \u00fanica: la naturaleza se ha encargado de ello.<\/p>","protected":false},"featured_media":22882,"template":"","meta":{"_acf_changed":false},"product_brand":[],"product_cat":[89,90],"product_tag":[],"class_list":{"0":"post-20411","1":"product","2":"type-product","3":"status-publish","4":"has-post-thumbnail","6":"product_cat-mobler","7":"product_cat-sidobord","9":"first","10":"instock","11":"taxable","12":"shipping-taxable","13":"purchasable","14":"product-type-simple"},"acf":[],"meta_data":[],"shsp-ext":{"main":{},"variations":[]},"yoast_head":"<!-- This site is optimized with the Yoast SEO plugin v27.4 - https:\/\/yoast.com\/product\/yoast-seo-wordpress\/ -->\n<title>Marwin sidobord sand - Olsson &amp; Jensen<\/title>\n<meta name=\"robots\" content=\"index, follow, max-snippet:-1, max-image-preview:large, max-video-preview:-1\" \/>\n<link rel=\"canonical\" href=\"https:\/\/olssonjensen.se\/es\/product\/marwin-marmor-bord-sand\/\" \/>\n<meta property=\"og:locale\" content=\"es_ES\" \/>\n<meta property=\"og:type\" content=\"article\" \/>\n<meta property=\"og:title\" content=\"Marwin sidobord sand - Olsson &amp; Jensen\" \/>\n<meta property=\"og:description\" content=\"Marwin \u00e4r ett sidobord av sandf\u00e4rgad marmor med underrede av j\u00e4rn. \u00c5dringen i olika nyanser som l\u00f6per genom den polerade stenen g\u00f6r varje bord unikt - det har naturen sett till.\" \/>\n<meta property=\"og:url\" content=\"https:\/\/olssonjensen.se\/es\/product\/marwin-marmor-bord-sand\/\" \/>\n<meta property=\"og:site_name\" content=\"Olsson &amp; Jensen\" \/>\n<meta property=\"article:publisher\" content=\"https:\/\/www.facebook.com\/olssonjensen\" \/>\n<meta property=\"article:modified_time\" content=\"2026-04-23T12:20:24+00:00\" \/>\n<meta property=\"og:image\" content=\"https:\/\/olssonjensen.se\/wp-content\/uploads\/2023\/07\/AE0101310_2.jpg\" \/>\n\t<meta property=\"og:image:width\" content=\"1776\" \/>\n\t<meta property=\"og:image:height\" content=\"1776\" \/>\n\t<meta property=\"og:image:type\" content=\"image\/jpeg\" \/>\n<meta name=\"twitter:card\" content=\"summary_large_image\" \/>\n<meta name=\"twitter:label1\" content=\"Est. reading time\" \/>\n\t<meta name=\"twitter:data1\" content=\"1 minuto\" \/>\n<script type=\"application\/ld+json\" class=\"yoast-schema-graph\">{\"@context\":\"https:\\\/\\\/schema.org\",\"@graph\":[{\"@type\":\"WebPage\",\"@id\":\"https:\\\/\\\/olssonjensen.se\\\/produkt\\\/marwin-marmor-bord-sand\\\/\",\"url\":\"https:\\\/\\\/olssonjensen.se\\\/produkt\\\/marwin-marmor-bord-sand\\\/\",\"name\":\"Marwin sidobord sand - Olsson &amp; Jensen\",\"isPartOf\":{\"@id\":\"https:\\\/\\\/olssonjensen.se\\\/#website\"},\"primaryImageOfPage\":{\"@id\":\"https:\\\/\\\/olssonjensen.se\\\/produkt\\\/marwin-marmor-bord-sand\\\/#primaryimage\"},\"image\":{\"@id\":\"https:\\\/\\\/olssonjensen.se\\\/produkt\\\/marwin-marmor-bord-sand\\\/#primaryimage\"},\"thumbnailUrl\":\"https:\\\/\\\/olssonjensen.se\\\/wp-content\\\/uploads\\\/2023\\\/07\\\/AE0101310_2.jpg\",\"datePublished\":\"2023-07-07T12:31:02+00:00\",\"dateModified\":\"2026-04-23T12:20:24+00:00\",\"breadcrumb\":{\"@id\":\"https:\\\/\\\/olssonjensen.se\\\/produkt\\\/marwin-marmor-bord-sand\\\/#breadcrumb\"},\"inLanguage\":\"es\",\"potentialAction\":[{\"@type\":\"ReadAction\",\"target\":[\"https:\\\/\\\/olssonjensen.se\\\/produkt\\\/marwin-marmor-bord-sand\\\/\"]}]},{\"@type\":\"ImageObject\",\"inLanguage\":\"es\",\"@id\":\"https:\\\/\\\/olssonjensen.se\\\/produkt\\\/marwin-marmor-bord-sand\\\/#primaryimage\",\"url\":\"https:\\\/\\\/olssonjensen.se\\\/wp-content\\\/uploads\\\/2023\\\/07\\\/AE0101310_2.jpg\",\"contentUrl\":\"https:\\\/\\\/olssonjensen.se\\\/wp-content\\\/uploads\\\/2023\\\/07\\\/AE0101310_2.jpg\",\"width\":1776,\"height\":1776},{\"@type\":\"BreadcrumbList\",\"@id\":\"https:\\\/\\\/olssonjensen.se\\\/produkt\\\/marwin-marmor-bord-sand\\\/#breadcrumb\",\"itemListElement\":[{\"@type\":\"ListItem\",\"position\":1,\"name\":\"Hem\",\"item\":\"https:\\\/\\\/olssonjensen.se\\\/\"},{\"@type\":\"ListItem\",\"position\":2,\"name\":\"Shop\",\"item\":\"https:\\\/\\\/olssonjensen.se\\\/shop\\\/\"},{\"@type\":\"ListItem\",\"position\":3,\"name\":\"Marwin sidobord sand\"}]},{\"@type\":\"WebSite\",\"@id\":\"https:\\\/\\\/olssonjensen.se\\\/#website\",\"url\":\"https:\\\/\\\/olssonjensen.se\\\/\",\"name\":\"Olsson & Jensen\",\"description\":\"Inredning, vintagem\u00f6bler och mycket mer\",\"publisher\":{\"@id\":\"https:\\\/\\\/olssonjensen.se\\\/#organization\"},\"potentialAction\":[{\"@type\":\"SearchAction\",\"target\":{\"@type\":\"EntryPoint\",\"urlTemplate\":\"https:\\\/\\\/olssonjensen.se\\\/?s={search_term_string}\"},\"query-input\":{\"@type\":\"PropertyValueSpecification\",\"valueRequired\":true,\"valueName\":\"search_term_string\"}}],\"inLanguage\":\"es\"},{\"@type\":\"Organization\",\"@id\":\"https:\\\/\\\/olssonjensen.se\\\/#organization\",\"name\":\"Olsson & Jensen\",\"url\":\"https:\\\/\\\/olssonjensen.se\\\/\",\"logo\":{\"@type\":\"ImageObject\",\"inLanguage\":\"es\",\"@id\":\"https:\\\/\\\/olssonjensen.se\\\/#\\\/schema\\\/logo\\\/image\\\/\",\"url\":\"https:\\\/\\\/olssonjensen.se\\\/wp-content\\\/uploads\\\/2022\\\/10\\\/oj_google.png\",\"contentUrl\":\"https:\\\/\\\/olssonjensen.se\\\/wp-content\\\/uploads\\\/2022\\\/10\\\/oj_google.png\",\"width\":800,\"height\":615,\"caption\":\"Olsson & Jensen\"},\"image\":{\"@id\":\"https:\\\/\\\/olssonjensen.se\\\/#\\\/schema\\\/logo\\\/image\\\/\"},\"sameAs\":[\"https:\\\/\\\/www.facebook.com\\\/olssonjensen\",\"https:\\\/\\\/www.instagram.com\\\/olssonjensen\\\/\"]}]}<\/script>\n<!-- \/ Yoast SEO plugin. -->","yoast_head_json":{"title":"Marwin sidobord sand - Olsson &amp; Jensen","robots":{"index":"index","follow":"follow","max-snippet":"max-snippet:-1","max-image-preview":"max-image-preview:large","max-video-preview":"max-video-preview:-1"},"canonical":"https:\/\/olssonjensen.se\/es\/product\/marwin-marmor-bord-sand\/","og_locale":"es_ES","og_type":"article","og_title":"Marwin sidobord sand - Olsson &amp; Jensen","og_description":"Marwin \u00e4r ett sidobord av sandf\u00e4rgad marmor med underrede av j\u00e4rn. \u00c5dringen i olika nyanser som l\u00f6per genom den polerade stenen g\u00f6r varje bord unikt - det har naturen sett till.","og_url":"https:\/\/olssonjensen.se\/es\/product\/marwin-marmor-bord-sand\/","og_site_name":"Olsson &amp; Jensen","article_publisher":"https:\/\/www.facebook.com\/olssonjensen","article_modified_time":"2026-04-23T12:20:24+00:00","og_image":[{"width":1776,"height":1776,"url":"https:\/\/olssonjensen.se\/wp-content\/uploads\/2023\/07\/AE0101310_2.jpg","type":"image\/jpeg"}],"twitter_card":"summary_large_image","twitter_misc":{"Est. reading time":"1 minuto"},"schema":{"@context":"https:\/\/schema.org","@graph":[{"@type":"WebPage","@id":"https:\/\/olssonjensen.se\/produkt\/marwin-marmor-bord-sand\/","url":"https:\/\/olssonjensen.se\/produkt\/marwin-marmor-bord-sand\/","name":"Marwin sidobord sand - Olsson &amp; Jensen","isPartOf":{"@id":"https:\/\/olssonjensen.se\/#website"},"primaryImageOfPage":{"@id":"https:\/\/olssonjensen.se\/produkt\/marwin-marmor-bord-sand\/#primaryimage"},"image":{"@id":"https:\/\/olssonjensen.se\/produkt\/marwin-marmor-bord-sand\/#primaryimage"},"thumbnailUrl":"https:\/\/olssonjensen.se\/wp-content\/uploads\/2023\/07\/AE0101310_2.jpg","datePublished":"2023-07-07T12:31:02+00:00","dateModified":"2026-04-23T12:20:24+00:00","breadcrumb":{"@id":"https:\/\/olssonjensen.se\/produkt\/marwin-marmor-bord-sand\/#breadcrumb"},"inLanguage":"es","potentialAction":[{"@type":"ReadAction","target":["https:\/\/olssonjensen.se\/produkt\/marwin-marmor-bord-sand\/"]}]},{"@type":"ImageObject","inLanguage":"es","@id":"https:\/\/olssonjensen.se\/produkt\/marwin-marmor-bord-sand\/#primaryimage","url":"https:\/\/olssonjensen.se\/wp-content\/uploads\/2023\/07\/AE0101310_2.jpg","contentUrl":"https:\/\/olssonjensen.se\/wp-content\/uploads\/2023\/07\/AE0101310_2.jpg","width":1776,"height":1776},{"@type":"BreadcrumbList","@id":"https:\/\/olssonjensen.se\/produkt\/marwin-marmor-bord-sand\/#breadcrumb","itemListElement":[{"@type":"ListItem","position":1,"name":"Hem","item":"https:\/\/olssonjensen.se\/"},{"@type":"ListItem","position":2,"name":"Shop","item":"https:\/\/olssonjensen.se\/shop\/"},{"@type":"ListItem","position":3,"name":"Marwin sidobord sand"}]},{"@type":"WebSite","@id":"https:\/\/olssonjensen.se\/#website","url":"https:\/\/olssonjensen.se\/","name":"Olsson &amp; Jensen","description":"Inredning, vintagem\u00f6bler och mycket mer","publisher":{"@id":"https:\/\/olssonjensen.se\/#organization"},"potentialAction":[{"@type":"SearchAction","target":{"@type":"EntryPoint","urlTemplate":"https:\/\/olssonjensen.se\/?s={search_term_string}"},"query-input":{"@type":"PropertyValueSpecification","valueRequired":true,"valueName":"search_term_string"}}],"inLanguage":"es"},{"@type":"Organization","@id":"https:\/\/olssonjensen.se\/#organization","name":"Olsson &amp; Jensen","url":"https:\/\/olssonjensen.se\/","logo":{"@type":"ImageObject","inLanguage":"es","@id":"https:\/\/olssonjensen.se\/#\/schema\/logo\/image\/","url":"https:\/\/olssonjensen.se\/wp-content\/uploads\/2022\/10\/oj_google.png","contentUrl":"https:\/\/olssonjensen.se\/wp-content\/uploads\/2022\/10\/oj_google.png","width":800,"height":615,"caption":"Olsson & Jensen"},"image":{"@id":"https:\/\/olssonjensen.se\/#\/schema\/logo\/image\/"},"sameAs":["https:\/\/www.facebook.com\/olssonjensen","https:\/\/www.instagram.com\/olssonjensen\/"]}]}},"_links":{"self":[{"href":"https:\/\/olssonjensen.se\/es\/wp-json\/wp\/v2\/product\/20411","targetHints":{"allow":["GET"]}}],"collection":[{"href":"https:\/\/olssonjensen.se\/es\/wp-json\/wp\/v2\/product"}],"about":[{"href":"https:\/\/olssonjensen.se\/es\/wp-json\/wp\/v2\/types\/product"}],"wp:featuredmedia":[{"embeddable":true,"href":"https:\/\/olssonjensen.se\/es\/wp-json\/wp\/v2\/media\/22882"}],"wp:attachment":[{"href":"https:\/\/olssonjensen.se\/es\/wp-json\/wp\/v2\/media?parent=20411"}],"wp:term":[{"taxonomy":"product_brand","embeddable":true,"href":"https:\/\/olssonjensen.se\/es\/wp-json\/wp\/v2\/product_brand?post=20411"},{"taxonomy":"product_cat","embeddable":true,"href":"https:\/\/olssonjensen.se\/es\/wp-json\/wp\/v2\/product_cat?post=20411"},{"taxonomy":"product_tag","embeddable":true,"href":"https:\/\/olssonjensen.se\/es\/wp-json\/wp\/v2\/product_tag?post=20411"}],"curies":[{"name":"wp","href":"https:\/\/api.w.org\/{rel}","templated":true}]}}