{"id":3102,"date":"2022-05-18T20:05:54","date_gmt":"2022-05-18T18:05:54","guid":{"rendered":"https:\/\/olssonjensen.se\/product\/nilla-ljuskopp-brungra-10-cm\/"},"modified":"2026-04-17T11:46:47","modified_gmt":"2026-04-17T09:46:47","slug":"nilla-ljuskopp-brungra-10-cm","status":"publish","type":"product","link":"https:\/\/olssonjensen.se\/es\/product\/nilla-ljuskopp-brungra-10-cm\/","title":{"rendered":"Nilla Brungr\u00e5 10 cm"},"content":{"rendered":"<p>Muchos clientes dicen que Nilla es el farolillo de vela de colores original, nosotros tambi\u00e9n pensamos que es precioso.<\/p>\n<p>El farol est\u00e1 hecho de vidrio soplado con una t\u00e9cnica tradicional que produce hermosas variaciones de color en el vidrio. Al estar hecho a mano, hay variaciones de color y forma que hacen que cada farolillo sea \u00fanico. Con su borde transparente en la parte inferior, tambi\u00e9n tiene un aspecto muy exclusivo.<\/p>\n<p>Nilla est\u00e1 disponible en varios tama\u00f1os y colores que son ideales para combinar entre s\u00ed, y tambi\u00e9n con nuestras copas ligeras Leah y Helix.<\/p>","protected":false},"excerpt":{"rendered":"<p>M\u00e5nga kunder s\u00e4ger att Nilla \u00e4r originalet av f\u00e4rgade ljuslyktor, vi tycker ocks\u00e5 att den \u00e4r ursnygg. Lyktan \u00e4r gjord av munbl\u00e5st glas, med en traditionell teknik som ger vackra meleringar i glaset. D\u00e5 den \u00e4r handgjord f\u00f6rekommer skiftningar i f\u00e4rg och form som g\u00f6r varje lykta unik. Med sin genomskinliga kant nertill f\u00e5r den [&#8230;]\n","protected":false},"featured_media":4949,"template":"","meta":{"_acf_changed":false},"product_brand":[],"product_cat":[84,86,169],"product_tag":[348,240],"class_list":{"0":"post-3102","1":"product","2":"type-product","3":"status-publish","4":"has-post-thumbnail","6":"product_cat-ljus","7":"product_cat-ljuskoppar","8":"product_cat-nillafamilj","9":"product_tag-hostmys","10":"product_tag-nilla-en","12":"first","13":"instock","14":"featured","15":"taxable","16":"shipping-taxable","17":"purchasable","18":"product-type-simple"},"acf":[],"meta_data":[],"shsp-ext":{"main":{},"variations":[]},"yoast_head":"<!-- This site is optimized with the Yoast SEO plugin v27.4 - https:\/\/yoast.com\/product\/yoast-seo-wordpress\/ -->\n<title>Nilla Brungr\u00e5 10 cm - Olsson &amp; Jensen<\/title>\n<meta name=\"robots\" content=\"index, follow, max-snippet:-1, max-image-preview:large, max-video-preview:-1\" \/>\n<link rel=\"canonical\" href=\"https:\/\/olssonjensen.se\/es\/product\/nilla-ljuskopp-brungra-10-cm\/\" \/>\n<meta property=\"og:locale\" content=\"es_ES\" \/>\n<meta property=\"og:type\" content=\"article\" \/>\n<meta property=\"og:title\" content=\"Nilla Brungr\u00e5 10 cm - Olsson &amp; Jensen\" \/>\n<meta property=\"og:description\" content=\"M\u00e5nga kunder s\u00e4ger att Nilla \u00e4r originalet av f\u00e4rgade ljuslyktor, vi tycker ocks\u00e5 att den \u00e4r ursnygg. Lyktan \u00e4r gjord av munbl\u00e5st glas, med en traditionell teknik som ger vackra meleringar i glaset. D\u00e5 den \u00e4r handgjord f\u00f6rekommer skiftningar i f\u00e4rg och form som g\u00f6r varje lykta unik. Med sin genomskinliga kant nertill f\u00e5r den [...]\" \/>\n<meta property=\"og:url\" content=\"https:\/\/olssonjensen.se\/es\/product\/nilla-ljuskopp-brungra-10-cm\/\" \/>\n<meta property=\"og:site_name\" content=\"Olsson &amp; Jensen\" \/>\n<meta property=\"article:publisher\" content=\"https:\/\/www.facebook.com\/olssonjensen\" \/>\n<meta property=\"article:modified_time\" content=\"2026-04-17T09:46:47+00:00\" \/>\n<meta property=\"og:image\" content=\"https:\/\/olssonjensen.se\/wp-content\/uploads\/2022\/05\/PE012364.jpeg\" \/>\n\t<meta property=\"og:image:width\" content=\"1000\" \/>\n\t<meta property=\"og:image:height\" content=\"1000\" \/>\n\t<meta property=\"og:image:type\" content=\"image\/jpeg\" \/>\n<meta name=\"twitter:card\" content=\"summary_large_image\" \/>\n<meta name=\"twitter:label1\" content=\"Est. reading time\" \/>\n\t<meta name=\"twitter:data1\" content=\"1 minuto\" \/>\n<script type=\"application\/ld+json\" class=\"yoast-schema-graph\">{\"@context\":\"https:\\\/\\\/schema.org\",\"@graph\":[{\"@type\":\"WebPage\",\"@id\":\"https:\\\/\\\/olssonjensen.se\\\/produkt\\\/nilla-ljuskopp-brungra-10-cm\\\/\",\"url\":\"https:\\\/\\\/olssonjensen.se\\\/produkt\\\/nilla-ljuskopp-brungra-10-cm\\\/\",\"name\":\"Nilla Brungr\u00e5 10 cm - Olsson &amp; Jensen\",\"isPartOf\":{\"@id\":\"https:\\\/\\\/olssonjensen.se\\\/#website\"},\"primaryImageOfPage\":{\"@id\":\"https:\\\/\\\/olssonjensen.se\\\/produkt\\\/nilla-ljuskopp-brungra-10-cm\\\/#primaryimage\"},\"image\":{\"@id\":\"https:\\\/\\\/olssonjensen.se\\\/produkt\\\/nilla-ljuskopp-brungra-10-cm\\\/#primaryimage\"},\"thumbnailUrl\":\"https:\\\/\\\/olssonjensen.se\\\/wp-content\\\/uploads\\\/2022\\\/05\\\/PE012364.jpeg\",\"datePublished\":\"2022-05-18T18:05:54+00:00\",\"dateModified\":\"2026-04-17T09:46:47+00:00\",\"breadcrumb\":{\"@id\":\"https:\\\/\\\/olssonjensen.se\\\/produkt\\\/nilla-ljuskopp-brungra-10-cm\\\/#breadcrumb\"},\"inLanguage\":\"es\",\"potentialAction\":[{\"@type\":\"ReadAction\",\"target\":[\"https:\\\/\\\/olssonjensen.se\\\/produkt\\\/nilla-ljuskopp-brungra-10-cm\\\/\"]}]},{\"@type\":\"ImageObject\",\"inLanguage\":\"es\",\"@id\":\"https:\\\/\\\/olssonjensen.se\\\/produkt\\\/nilla-ljuskopp-brungra-10-cm\\\/#primaryimage\",\"url\":\"https:\\\/\\\/olssonjensen.se\\\/wp-content\\\/uploads\\\/2022\\\/05\\\/PE012364.jpeg\",\"contentUrl\":\"https:\\\/\\\/olssonjensen.se\\\/wp-content\\\/uploads\\\/2022\\\/05\\\/PE012364.jpeg\",\"width\":1000,\"height\":1000},{\"@type\":\"BreadcrumbList\",\"@id\":\"https:\\\/\\\/olssonjensen.se\\\/produkt\\\/nilla-ljuskopp-brungra-10-cm\\\/#breadcrumb\",\"itemListElement\":[{\"@type\":\"ListItem\",\"position\":1,\"name\":\"Hem\",\"item\":\"https:\\\/\\\/olssonjensen.se\\\/\"},{\"@type\":\"ListItem\",\"position\":2,\"name\":\"Shop\",\"item\":\"https:\\\/\\\/olssonjensen.se\\\/shop\\\/\"},{\"@type\":\"ListItem\",\"position\":3,\"name\":\"Nilla Brungr\u00e5 10 cm\"}]},{\"@type\":\"WebSite\",\"@id\":\"https:\\\/\\\/olssonjensen.se\\\/#website\",\"url\":\"https:\\\/\\\/olssonjensen.se\\\/\",\"name\":\"Olsson & Jensen\",\"description\":\"Inredning, vintagem\u00f6bler och mycket mer\",\"publisher\":{\"@id\":\"https:\\\/\\\/olssonjensen.se\\\/#organization\"},\"potentialAction\":[{\"@type\":\"SearchAction\",\"target\":{\"@type\":\"EntryPoint\",\"urlTemplate\":\"https:\\\/\\\/olssonjensen.se\\\/?s={search_term_string}\"},\"query-input\":{\"@type\":\"PropertyValueSpecification\",\"valueRequired\":true,\"valueName\":\"search_term_string\"}}],\"inLanguage\":\"es\"},{\"@type\":\"Organization\",\"@id\":\"https:\\\/\\\/olssonjensen.se\\\/#organization\",\"name\":\"Olsson & Jensen\",\"url\":\"https:\\\/\\\/olssonjensen.se\\\/\",\"logo\":{\"@type\":\"ImageObject\",\"inLanguage\":\"es\",\"@id\":\"https:\\\/\\\/olssonjensen.se\\\/#\\\/schema\\\/logo\\\/image\\\/\",\"url\":\"https:\\\/\\\/olssonjensen.se\\\/wp-content\\\/uploads\\\/2022\\\/10\\\/oj_google.png\",\"contentUrl\":\"https:\\\/\\\/olssonjensen.se\\\/wp-content\\\/uploads\\\/2022\\\/10\\\/oj_google.png\",\"width\":800,\"height\":615,\"caption\":\"Olsson & Jensen\"},\"image\":{\"@id\":\"https:\\\/\\\/olssonjensen.se\\\/#\\\/schema\\\/logo\\\/image\\\/\"},\"sameAs\":[\"https:\\\/\\\/www.facebook.com\\\/olssonjensen\",\"https:\\\/\\\/www.instagram.com\\\/olssonjensen\\\/\"]}]}<\/script>\n<!-- \/ Yoast SEO plugin. -->","yoast_head_json":{"title":"Nilla Brungr\u00e5 10 cm - Olsson &amp; Jensen","robots":{"index":"index","follow":"follow","max-snippet":"max-snippet:-1","max-image-preview":"max-image-preview:large","max-video-preview":"max-video-preview:-1"},"canonical":"https:\/\/olssonjensen.se\/es\/product\/nilla-ljuskopp-brungra-10-cm\/","og_locale":"es_ES","og_type":"article","og_title":"Nilla Brungr\u00e5 10 cm - Olsson &amp; Jensen","og_description":"M\u00e5nga kunder s\u00e4ger att Nilla \u00e4r originalet av f\u00e4rgade ljuslyktor, vi tycker ocks\u00e5 att den \u00e4r ursnygg. Lyktan \u00e4r gjord av munbl\u00e5st glas, med en traditionell teknik som ger vackra meleringar i glaset. D\u00e5 den \u00e4r handgjord f\u00f6rekommer skiftningar i f\u00e4rg och form som g\u00f6r varje lykta unik. Med sin genomskinliga kant nertill f\u00e5r den [...]","og_url":"https:\/\/olssonjensen.se\/es\/product\/nilla-ljuskopp-brungra-10-cm\/","og_site_name":"Olsson &amp; Jensen","article_publisher":"https:\/\/www.facebook.com\/olssonjensen","article_modified_time":"2026-04-17T09:46:47+00:00","og_image":[{"width":1000,"height":1000,"url":"https:\/\/olssonjensen.se\/wp-content\/uploads\/2022\/05\/PE012364.jpeg","type":"image\/jpeg"}],"twitter_card":"summary_large_image","twitter_misc":{"Est. reading time":"1 minuto"},"schema":{"@context":"https:\/\/schema.org","@graph":[{"@type":"WebPage","@id":"https:\/\/olssonjensen.se\/produkt\/nilla-ljuskopp-brungra-10-cm\/","url":"https:\/\/olssonjensen.se\/produkt\/nilla-ljuskopp-brungra-10-cm\/","name":"Nilla Brungr\u00e5 10 cm - Olsson &amp; Jensen","isPartOf":{"@id":"https:\/\/olssonjensen.se\/#website"},"primaryImageOfPage":{"@id":"https:\/\/olssonjensen.se\/produkt\/nilla-ljuskopp-brungra-10-cm\/#primaryimage"},"image":{"@id":"https:\/\/olssonjensen.se\/produkt\/nilla-ljuskopp-brungra-10-cm\/#primaryimage"},"thumbnailUrl":"https:\/\/olssonjensen.se\/wp-content\/uploads\/2022\/05\/PE012364.jpeg","datePublished":"2022-05-18T18:05:54+00:00","dateModified":"2026-04-17T09:46:47+00:00","breadcrumb":{"@id":"https:\/\/olssonjensen.se\/produkt\/nilla-ljuskopp-brungra-10-cm\/#breadcrumb"},"inLanguage":"es","potentialAction":[{"@type":"ReadAction","target":["https:\/\/olssonjensen.se\/produkt\/nilla-ljuskopp-brungra-10-cm\/"]}]},{"@type":"ImageObject","inLanguage":"es","@id":"https:\/\/olssonjensen.se\/produkt\/nilla-ljuskopp-brungra-10-cm\/#primaryimage","url":"https:\/\/olssonjensen.se\/wp-content\/uploads\/2022\/05\/PE012364.jpeg","contentUrl":"https:\/\/olssonjensen.se\/wp-content\/uploads\/2022\/05\/PE012364.jpeg","width":1000,"height":1000},{"@type":"BreadcrumbList","@id":"https:\/\/olssonjensen.se\/produkt\/nilla-ljuskopp-brungra-10-cm\/#breadcrumb","itemListElement":[{"@type":"ListItem","position":1,"name":"Hem","item":"https:\/\/olssonjensen.se\/"},{"@type":"ListItem","position":2,"name":"Shop","item":"https:\/\/olssonjensen.se\/shop\/"},{"@type":"ListItem","position":3,"name":"Nilla Brungr\u00e5 10 cm"}]},{"@type":"WebSite","@id":"https:\/\/olssonjensen.se\/#website","url":"https:\/\/olssonjensen.se\/","name":"Olsson &amp; Jensen","description":"Inredning, vintagem\u00f6bler och mycket mer","publisher":{"@id":"https:\/\/olssonjensen.se\/#organization"},"potentialAction":[{"@type":"SearchAction","target":{"@type":"EntryPoint","urlTemplate":"https:\/\/olssonjensen.se\/?s={search_term_string}"},"query-input":{"@type":"PropertyValueSpecification","valueRequired":true,"valueName":"search_term_string"}}],"inLanguage":"es"},{"@type":"Organization","@id":"https:\/\/olssonjensen.se\/#organization","name":"Olsson &amp; Jensen","url":"https:\/\/olssonjensen.se\/","logo":{"@type":"ImageObject","inLanguage":"es","@id":"https:\/\/olssonjensen.se\/#\/schema\/logo\/image\/","url":"https:\/\/olssonjensen.se\/wp-content\/uploads\/2022\/10\/oj_google.png","contentUrl":"https:\/\/olssonjensen.se\/wp-content\/uploads\/2022\/10\/oj_google.png","width":800,"height":615,"caption":"Olsson & Jensen"},"image":{"@id":"https:\/\/olssonjensen.se\/#\/schema\/logo\/image\/"},"sameAs":["https:\/\/www.facebook.com\/olssonjensen","https:\/\/www.instagram.com\/olssonjensen\/"]}]}},"_links":{"self":[{"href":"https:\/\/olssonjensen.se\/es\/wp-json\/wp\/v2\/product\/3102","targetHints":{"allow":["GET"]}}],"collection":[{"href":"https:\/\/olssonjensen.se\/es\/wp-json\/wp\/v2\/product"}],"about":[{"href":"https:\/\/olssonjensen.se\/es\/wp-json\/wp\/v2\/types\/product"}],"wp:featuredmedia":[{"embeddable":true,"href":"https:\/\/olssonjensen.se\/es\/wp-json\/wp\/v2\/media\/4949"}],"wp:attachment":[{"href":"https:\/\/olssonjensen.se\/es\/wp-json\/wp\/v2\/media?parent=3102"}],"wp:term":[{"taxonomy":"product_brand","embeddable":true,"href":"https:\/\/olssonjensen.se\/es\/wp-json\/wp\/v2\/product_brand?post=3102"},{"taxonomy":"product_cat","embeddable":true,"href":"https:\/\/olssonjensen.se\/es\/wp-json\/wp\/v2\/product_cat?post=3102"},{"taxonomy":"product_tag","embeddable":true,"href":"https:\/\/olssonjensen.se\/es\/wp-json\/wp\/v2\/product_tag?post=3102"}],"curies":[{"name":"wp","href":"https:\/\/api.w.org\/{rel}","templated":true}]}}