{"id":55587,"date":"2026-03-30T10:42:16","date_gmt":"2026-03-30T08:42:16","guid":{"rendered":"https:\/\/olssonjensen.se\/produkt\/caramel-ljuskopp-taupe\/"},"modified":"2026-04-28T12:57:50","modified_gmt":"2026-04-28T10:57:50","slug":"caramel-ljuskopp-taupe","status":"publish","type":"product","link":"https:\/\/olssonjensen.se\/es\/product\/caramel-ljuskopp-taupe\/","title":{"rendered":"Caramelo claro taza topo"},"content":{"rendered":"<div class=\"flex flex-col text-sm pb-25\">\n<section class=\"text-token-text-primary w-full focus:outline-none [--shadow-height:45px] has-data-writing-block:pointer-events-none has-data-writing-block:-mt-(--shadow-height) has-data-writing-block:pt-(--shadow-height) [&amp;:has([data-writing-block])&gt;*]:pointer-events-auto scroll-mt-[calc(var(--header-height)+min(200px,max(70px,20svh)))]\" dir=\"auto\" data-turn-id=\"request-69c26621-6b54-8328-8745-a0adc5fa598e-9\" data-testid=\"conversation-turn-104\" data-scroll-anchor=\"true\" data-turn=\"assistant\">\n<div class=\"text-base my-auto mx-auto pb-10 [--thread-content-margin:var(--thread-content-margin-xs,calc(var(--spacing)*4))] @w-sm\/main:[--thread-content-margin:var(--thread-content-margin-sm,calc(var(--spacing)*6))] @w-lg\/main:[--thread-content-margin:var(--thread-content-margin-lg,calc(var(--spacing)*16))] px-(--thread-content-margin)\">\n<div class=\"[--thread-content-max-width:40rem] @w-lg\/main:[--thread-content-max-width:48rem] mx-auto max-w-(--thread-content-max-width) flex-1 group\/turn-messages focus-visible:outline-hidden relative flex w-full min-w-0 flex-col agent-turn\">\n<div class=\"flex max-w-full flex-col gap-4 grow\">\n<div class=\"min-h-8 text-message relative flex w-full flex-col items-end gap-2 text-start break-words whitespace-normal outline-none keyboard-focused:focus-ring [.text-message+&amp;]:mt-1\" dir=\"auto\" tabindex=\"0\" data-message-author-role=\"assistant\" data-message-id=\"d572ede3-fd5c-4a1f-b29c-9e5b2177b5a7\" data-message-model-slug=\"gpt-5-3\" data-turn-start-message=\"true\">\n<div class=\"flex w-full flex-col gap-1 empty:hidden\">\n<div class=\"markdown prose dark:prose-invert w-full wrap-break-word light markdown-new-styling\">\n<p data-start=\"265\" data-end=\"520\" data-is-last-node=\"\" data-is-only-node=\"\">Finns i tre f\u00e4rger som \u00e4r framtagna f\u00f6r att passa tillsammans och enkelt kunna kombineras. Varje exemplar \u00e4r handgjort, vilket g\u00f6r att variationer f\u00f6rekommer och g\u00f6r varje ljuskopp unik. Perfekt f\u00f6r att skapa en personlig och lyxig k\u00e4nsla i hemmet.<\/p>\n<\/div>\n<\/div>\n<\/div>\n<\/div>\n<div class=\"z-0 flex min-h-[46px] justify-start\"><\/div>\n<div class=\"mt-3 w-full empty:hidden\">\n<div class=\"text-center\"><\/div>\n<\/div>\n<\/div>\n<\/div>\n<\/section>\n<\/div>\n<div class=\"pointer-events-none h-px w-px absolute bottom-0\" aria-hidden=\"true\" data-edge=\"true\"><\/div>\n","protected":false},"excerpt":{"rendered":"<p>Vaso de cristal para velas, \u00fanico y hecho a mano.<\/p>","protected":false},"featured_media":55878,"template":"","meta":{"_acf_changed":false},"product_brand":[],"product_cat":[355],"product_tag":[],"class_list":{"0":"post-55587","1":"product","2":"type-product","3":"status-publish","4":"has-post-thumbnail","6":"product_cat-aw26","8":"first","9":"outofstock","10":"taxable","11":"shipping-taxable","12":"purchasable","13":"product-type-simple"},"acf":[],"meta_data":[],"shsp-ext":{"main":{},"variations":[]},"yoast_head":"<!-- This site is optimized with the Yoast SEO plugin v27.4 - https:\/\/yoast.com\/product\/yoast-seo-wordpress\/ -->\n<title>Caramel ljuskopp taupe - Olsson &amp; Jensen<\/title>\n<meta name=\"robots\" content=\"index, follow, max-snippet:-1, max-image-preview:large, max-video-preview:-1\" \/>\n<link rel=\"canonical\" href=\"https:\/\/olssonjensen.se\/es\/product\/caramel-ljuskopp-taupe\/\" \/>\n<meta property=\"og:locale\" content=\"es_ES\" \/>\n<meta property=\"og:type\" content=\"article\" \/>\n<meta property=\"og:title\" content=\"Caramel ljuskopp taupe - Olsson &amp; Jensen\" \/>\n<meta property=\"og:description\" content=\"Handjord och unik ljuskopp i glas.\" \/>\n<meta property=\"og:url\" content=\"https:\/\/olssonjensen.se\/es\/product\/caramel-ljuskopp-taupe\/\" \/>\n<meta property=\"og:site_name\" content=\"Olsson &amp; Jensen\" \/>\n<meta property=\"article:publisher\" content=\"https:\/\/www.facebook.com\/olssonjensen\" \/>\n<meta property=\"article:modified_time\" content=\"2026-04-28T10:57:50+00:00\" \/>\n<meta property=\"og:image\" content=\"https:\/\/olssonjensen.se\/wp-content\/uploads\/2026\/03\/DS019264.jpg\" \/>\n\t<meta property=\"og:image:width\" content=\"1281\" \/>\n\t<meta property=\"og:image:height\" content=\"1920\" \/>\n\t<meta property=\"og:image:type\" content=\"image\/jpeg\" \/>\n<meta name=\"twitter:card\" content=\"summary_large_image\" \/>\n<meta name=\"twitter:label1\" content=\"Est. reading time\" \/>\n\t<meta name=\"twitter:data1\" content=\"1 minuto\" \/>\n<script type=\"application\/ld+json\" class=\"yoast-schema-graph\">{\"@context\":\"https:\\\/\\\/schema.org\",\"@graph\":[{\"@type\":\"WebPage\",\"@id\":\"https:\\\/\\\/olssonjensen.se\\\/produkt\\\/caramel-ljuskopp-taupe\\\/\",\"url\":\"https:\\\/\\\/olssonjensen.se\\\/produkt\\\/caramel-ljuskopp-taupe\\\/\",\"name\":\"Caramel ljuskopp taupe - Olsson &amp; Jensen\",\"isPartOf\":{\"@id\":\"https:\\\/\\\/olssonjensen.se\\\/#website\"},\"primaryImageOfPage\":{\"@id\":\"https:\\\/\\\/olssonjensen.se\\\/produkt\\\/caramel-ljuskopp-taupe\\\/#primaryimage\"},\"image\":{\"@id\":\"https:\\\/\\\/olssonjensen.se\\\/produkt\\\/caramel-ljuskopp-taupe\\\/#primaryimage\"},\"thumbnailUrl\":\"https:\\\/\\\/olssonjensen.se\\\/wp-content\\\/uploads\\\/2026\\\/03\\\/DS019264.jpg\",\"datePublished\":\"2026-03-30T08:42:16+00:00\",\"dateModified\":\"2026-04-28T10:57:50+00:00\",\"breadcrumb\":{\"@id\":\"https:\\\/\\\/olssonjensen.se\\\/produkt\\\/caramel-ljuskopp-taupe\\\/#breadcrumb\"},\"inLanguage\":\"es\",\"potentialAction\":[{\"@type\":\"ReadAction\",\"target\":[\"https:\\\/\\\/olssonjensen.se\\\/produkt\\\/caramel-ljuskopp-taupe\\\/\"]}]},{\"@type\":\"ImageObject\",\"inLanguage\":\"es\",\"@id\":\"https:\\\/\\\/olssonjensen.se\\\/produkt\\\/caramel-ljuskopp-taupe\\\/#primaryimage\",\"url\":\"https:\\\/\\\/olssonjensen.se\\\/wp-content\\\/uploads\\\/2026\\\/03\\\/DS019264.jpg\",\"contentUrl\":\"https:\\\/\\\/olssonjensen.se\\\/wp-content\\\/uploads\\\/2026\\\/03\\\/DS019264.jpg\",\"width\":1281,\"height\":1920},{\"@type\":\"BreadcrumbList\",\"@id\":\"https:\\\/\\\/olssonjensen.se\\\/produkt\\\/caramel-ljuskopp-taupe\\\/#breadcrumb\",\"itemListElement\":[{\"@type\":\"ListItem\",\"position\":1,\"name\":\"Hem\",\"item\":\"https:\\\/\\\/olssonjensen.se\\\/\"},{\"@type\":\"ListItem\",\"position\":2,\"name\":\"Shop\",\"item\":\"https:\\\/\\\/olssonjensen.se\\\/shop\\\/\"},{\"@type\":\"ListItem\",\"position\":3,\"name\":\"Caramel ljuskopp taupe\"}]},{\"@type\":\"WebSite\",\"@id\":\"https:\\\/\\\/olssonjensen.se\\\/#website\",\"url\":\"https:\\\/\\\/olssonjensen.se\\\/\",\"name\":\"Olsson & Jensen\",\"description\":\"Inredning, vintagem\u00f6bler och mycket mer\",\"publisher\":{\"@id\":\"https:\\\/\\\/olssonjensen.se\\\/#organization\"},\"potentialAction\":[{\"@type\":\"SearchAction\",\"target\":{\"@type\":\"EntryPoint\",\"urlTemplate\":\"https:\\\/\\\/olssonjensen.se\\\/?s={search_term_string}\"},\"query-input\":{\"@type\":\"PropertyValueSpecification\",\"valueRequired\":true,\"valueName\":\"search_term_string\"}}],\"inLanguage\":\"es\"},{\"@type\":\"Organization\",\"@id\":\"https:\\\/\\\/olssonjensen.se\\\/#organization\",\"name\":\"Olsson & Jensen\",\"url\":\"https:\\\/\\\/olssonjensen.se\\\/\",\"logo\":{\"@type\":\"ImageObject\",\"inLanguage\":\"es\",\"@id\":\"https:\\\/\\\/olssonjensen.se\\\/#\\\/schema\\\/logo\\\/image\\\/\",\"url\":\"https:\\\/\\\/olssonjensen.se\\\/wp-content\\\/uploads\\\/2022\\\/10\\\/oj_google.png\",\"contentUrl\":\"https:\\\/\\\/olssonjensen.se\\\/wp-content\\\/uploads\\\/2022\\\/10\\\/oj_google.png\",\"width\":800,\"height\":615,\"caption\":\"Olsson & Jensen\"},\"image\":{\"@id\":\"https:\\\/\\\/olssonjensen.se\\\/#\\\/schema\\\/logo\\\/image\\\/\"},\"sameAs\":[\"https:\\\/\\\/www.facebook.com\\\/olssonjensen\",\"https:\\\/\\\/www.instagram.com\\\/olssonjensen\\\/\"]}]}<\/script>\n<!-- \/ Yoast SEO plugin. -->","yoast_head_json":{"title":"Caramel ljuskopp taupe - Olsson &amp; Jensen","robots":{"index":"index","follow":"follow","max-snippet":"max-snippet:-1","max-image-preview":"max-image-preview:large","max-video-preview":"max-video-preview:-1"},"canonical":"https:\/\/olssonjensen.se\/es\/product\/caramel-ljuskopp-taupe\/","og_locale":"es_ES","og_type":"article","og_title":"Caramel ljuskopp taupe - Olsson &amp; Jensen","og_description":"Handjord och unik ljuskopp i glas.","og_url":"https:\/\/olssonjensen.se\/es\/product\/caramel-ljuskopp-taupe\/","og_site_name":"Olsson &amp; Jensen","article_publisher":"https:\/\/www.facebook.com\/olssonjensen","article_modified_time":"2026-04-28T10:57:50+00:00","og_image":[{"width":1281,"height":1920,"url":"https:\/\/olssonjensen.se\/wp-content\/uploads\/2026\/03\/DS019264.jpg","type":"image\/jpeg"}],"twitter_card":"summary_large_image","twitter_misc":{"Est. reading time":"1 minuto"},"schema":{"@context":"https:\/\/schema.org","@graph":[{"@type":"WebPage","@id":"https:\/\/olssonjensen.se\/produkt\/caramel-ljuskopp-taupe\/","url":"https:\/\/olssonjensen.se\/produkt\/caramel-ljuskopp-taupe\/","name":"Caramel ljuskopp taupe - Olsson &amp; Jensen","isPartOf":{"@id":"https:\/\/olssonjensen.se\/#website"},"primaryImageOfPage":{"@id":"https:\/\/olssonjensen.se\/produkt\/caramel-ljuskopp-taupe\/#primaryimage"},"image":{"@id":"https:\/\/olssonjensen.se\/produkt\/caramel-ljuskopp-taupe\/#primaryimage"},"thumbnailUrl":"https:\/\/olssonjensen.se\/wp-content\/uploads\/2026\/03\/DS019264.jpg","datePublished":"2026-03-30T08:42:16+00:00","dateModified":"2026-04-28T10:57:50+00:00","breadcrumb":{"@id":"https:\/\/olssonjensen.se\/produkt\/caramel-ljuskopp-taupe\/#breadcrumb"},"inLanguage":"es","potentialAction":[{"@type":"ReadAction","target":["https:\/\/olssonjensen.se\/produkt\/caramel-ljuskopp-taupe\/"]}]},{"@type":"ImageObject","inLanguage":"es","@id":"https:\/\/olssonjensen.se\/produkt\/caramel-ljuskopp-taupe\/#primaryimage","url":"https:\/\/olssonjensen.se\/wp-content\/uploads\/2026\/03\/DS019264.jpg","contentUrl":"https:\/\/olssonjensen.se\/wp-content\/uploads\/2026\/03\/DS019264.jpg","width":1281,"height":1920},{"@type":"BreadcrumbList","@id":"https:\/\/olssonjensen.se\/produkt\/caramel-ljuskopp-taupe\/#breadcrumb","itemListElement":[{"@type":"ListItem","position":1,"name":"Hem","item":"https:\/\/olssonjensen.se\/"},{"@type":"ListItem","position":2,"name":"Shop","item":"https:\/\/olssonjensen.se\/shop\/"},{"@type":"ListItem","position":3,"name":"Caramel ljuskopp taupe"}]},{"@type":"WebSite","@id":"https:\/\/olssonjensen.se\/#website","url":"https:\/\/olssonjensen.se\/","name":"Olsson &amp; Jensen","description":"Inredning, vintagem\u00f6bler och mycket mer","publisher":{"@id":"https:\/\/olssonjensen.se\/#organization"},"potentialAction":[{"@type":"SearchAction","target":{"@type":"EntryPoint","urlTemplate":"https:\/\/olssonjensen.se\/?s={search_term_string}"},"query-input":{"@type":"PropertyValueSpecification","valueRequired":true,"valueName":"search_term_string"}}],"inLanguage":"es"},{"@type":"Organization","@id":"https:\/\/olssonjensen.se\/#organization","name":"Olsson &amp; Jensen","url":"https:\/\/olssonjensen.se\/","logo":{"@type":"ImageObject","inLanguage":"es","@id":"https:\/\/olssonjensen.se\/#\/schema\/logo\/image\/","url":"https:\/\/olssonjensen.se\/wp-content\/uploads\/2022\/10\/oj_google.png","contentUrl":"https:\/\/olssonjensen.se\/wp-content\/uploads\/2022\/10\/oj_google.png","width":800,"height":615,"caption":"Olsson & Jensen"},"image":{"@id":"https:\/\/olssonjensen.se\/#\/schema\/logo\/image\/"},"sameAs":["https:\/\/www.facebook.com\/olssonjensen","https:\/\/www.instagram.com\/olssonjensen\/"]}]}},"_links":{"self":[{"href":"https:\/\/olssonjensen.se\/es\/wp-json\/wp\/v2\/product\/55587","targetHints":{"allow":["GET"]}}],"collection":[{"href":"https:\/\/olssonjensen.se\/es\/wp-json\/wp\/v2\/product"}],"about":[{"href":"https:\/\/olssonjensen.se\/es\/wp-json\/wp\/v2\/types\/product"}],"wp:featuredmedia":[{"embeddable":true,"href":"https:\/\/olssonjensen.se\/es\/wp-json\/wp\/v2\/media\/55878"}],"wp:attachment":[{"href":"https:\/\/olssonjensen.se\/es\/wp-json\/wp\/v2\/media?parent=55587"}],"wp:term":[{"taxonomy":"product_brand","embeddable":true,"href":"https:\/\/olssonjensen.se\/es\/wp-json\/wp\/v2\/product_brand?post=55587"},{"taxonomy":"product_cat","embeddable":true,"href":"https:\/\/olssonjensen.se\/es\/wp-json\/wp\/v2\/product_cat?post=55587"},{"taxonomy":"product_tag","embeddable":true,"href":"https:\/\/olssonjensen.se\/es\/wp-json\/wp\/v2\/product_tag?post=55587"}],"curies":[{"name":"wp","href":"https:\/\/api.w.org\/{rel}","templated":true}]}}