{"id":55700,"date":"2026-03-30T11:49:19","date_gmt":"2026-03-30T09:49:19","guid":{"rendered":"https:\/\/olssonjensen.se\/produkt\/zora-serveringsfat\/"},"modified":"2026-04-27T14:51:17","modified_gmt":"2026-04-27T12:51:17","slug":"zora-serveringsfat","status":"publish","type":"product","link":"https:\/\/olssonjensen.se\/es\/producto\/zora-serveringsfat\/","title":{"rendered":"Zora serveringsfat"},"content":{"rendered":"<p>Denna serveringsbr\u00e4da i mangotr\u00e4 har en avl\u00e5ng form med fyra sammansatta sk\u00e5lar. Detta g\u00f6r den idealisk f\u00f6r n\u00f6tter eller annat tilltugg som inte inneh\u00e5ller olja eller liknande.<\/p>\n<p>La madera de mango es una opci\u00f3n respetuosa con el medio ambiente, ya que el \u00e1rbol se cultiva principalmente por sus frutos. Cuando los \u00e1rboles llegan al final de su vida fruct\u00edfera, se talan y se sustituyen por otros nuevos. Esto garantiza un suministro sostenible de material sin contribuir a la deforestaci\u00f3n.<\/p>\n<p>La superficie de la tabla de servir est\u00e1 quemada, lo que le da vida y car\u00e1cter. Para preservar su belleza y longevidad, se recomienda limpiarla con un pa\u00f1o h\u00famedo y detergente suave despu\u00e9s de cada uso.<\/p>\n<p>Limpie el tablero antes de utilizarlo para evitar que se decolore.<\/p>","protected":false},"excerpt":{"rendered":"<p>Serveringsbr\u00e4da i mangotr\u00e4.<\/p>","protected":false},"featured_media":56095,"template":"","meta":{"_acf_changed":false},"product_brand":[],"product_cat":[355],"product_tag":[],"class_list":{"0":"post-55700","1":"product","2":"type-product","3":"status-publish","4":"has-post-thumbnail","6":"product_cat-aw26","8":"first","9":"outofstock","10":"taxable","11":"shipping-taxable","12":"purchasable","13":"product-type-simple"},"acf":[],"meta_data":[],"shsp-ext":{"main":{},"variations":[]},"yoast_head":"<!-- This site is optimized with the Yoast SEO plugin v27.4 - https:\/\/yoast.com\/product\/yoast-seo-wordpress\/ -->\n<title>Zora serveringsfat - Olsson &amp; Jensen<\/title>\n<meta name=\"robots\" content=\"index, follow, max-snippet:-1, max-image-preview:large, max-video-preview:-1\" \/>\n<link rel=\"canonical\" href=\"https:\/\/olssonjensen.se\/es\/producto\/zora-serveringsfat\/\" \/>\n<meta property=\"og:locale\" content=\"es_ES\" \/>\n<meta property=\"og:type\" content=\"article\" \/>\n<meta property=\"og:title\" content=\"Zora serveringsfat - Olsson &amp; Jensen\" \/>\n<meta property=\"og:description\" content=\"Serveringsbr\u00e4da i mangotr\u00e4.\" \/>\n<meta property=\"og:url\" content=\"https:\/\/olssonjensen.se\/es\/producto\/zora-serveringsfat\/\" \/>\n<meta property=\"og:site_name\" content=\"Olsson &amp; Jensen\" \/>\n<meta property=\"article:publisher\" content=\"https:\/\/www.facebook.com\/olssonjensen\" \/>\n<meta property=\"article:modified_time\" content=\"2026-04-27T12:51:17+00:00\" \/>\n<meta property=\"og:image\" content=\"https:\/\/olssonjensen.se\/wp-content\/uploads\/2026\/03\/MI010914.jpg\" \/>\n\t<meta property=\"og:image:width\" content=\"1280\" \/>\n\t<meta property=\"og:image:height\" content=\"1920\" \/>\n\t<meta property=\"og:image:type\" content=\"image\/jpeg\" \/>\n<meta name=\"twitter:card\" content=\"summary_large_image\" \/>\n<meta name=\"twitter:label1\" content=\"Tiempo de lectura\" \/>\n\t<meta name=\"twitter:data1\" content=\"1 minuto\" \/>\n<script type=\"application\/ld+json\" class=\"yoast-schema-graph\">{\"@context\":\"https:\\\/\\\/schema.org\",\"@graph\":[{\"@type\":\"WebPage\",\"@id\":\"https:\\\/\\\/olssonjensen.se\\\/produkt\\\/zora-serveringsfat\\\/\",\"url\":\"https:\\\/\\\/olssonjensen.se\\\/produkt\\\/zora-serveringsfat\\\/\",\"name\":\"Zora serveringsfat - Olsson &amp; Jensen\",\"isPartOf\":{\"@id\":\"https:\\\/\\\/olssonjensen.se\\\/#website\"},\"primaryImageOfPage\":{\"@id\":\"https:\\\/\\\/olssonjensen.se\\\/produkt\\\/zora-serveringsfat\\\/#primaryimage\"},\"image\":{\"@id\":\"https:\\\/\\\/olssonjensen.se\\\/produkt\\\/zora-serveringsfat\\\/#primaryimage\"},\"thumbnailUrl\":\"https:\\\/\\\/olssonjensen.se\\\/wp-content\\\/uploads\\\/2026\\\/03\\\/MI010914.jpg\",\"datePublished\":\"2026-03-30T09:49:19+00:00\",\"dateModified\":\"2026-04-27T12:51:17+00:00\",\"breadcrumb\":{\"@id\":\"https:\\\/\\\/olssonjensen.se\\\/produkt\\\/zora-serveringsfat\\\/#breadcrumb\"},\"inLanguage\":\"es\",\"potentialAction\":[{\"@type\":\"ReadAction\",\"target\":[\"https:\\\/\\\/olssonjensen.se\\\/produkt\\\/zora-serveringsfat\\\/\"]}]},{\"@type\":\"ImageObject\",\"inLanguage\":\"es\",\"@id\":\"https:\\\/\\\/olssonjensen.se\\\/produkt\\\/zora-serveringsfat\\\/#primaryimage\",\"url\":\"https:\\\/\\\/olssonjensen.se\\\/wp-content\\\/uploads\\\/2026\\\/03\\\/MI010914.jpg\",\"contentUrl\":\"https:\\\/\\\/olssonjensen.se\\\/wp-content\\\/uploads\\\/2026\\\/03\\\/MI010914.jpg\",\"width\":1280,\"height\":1920},{\"@type\":\"BreadcrumbList\",\"@id\":\"https:\\\/\\\/olssonjensen.se\\\/produkt\\\/zora-serveringsfat\\\/#breadcrumb\",\"itemListElement\":[{\"@type\":\"ListItem\",\"position\":1,\"name\":\"Hem\",\"item\":\"https:\\\/\\\/olssonjensen.se\\\/\"},{\"@type\":\"ListItem\",\"position\":2,\"name\":\"Shop\",\"item\":\"https:\\\/\\\/olssonjensen.se\\\/shop\\\/\"},{\"@type\":\"ListItem\",\"position\":3,\"name\":\"Zora serveringsfat\"}]},{\"@type\":\"WebSite\",\"@id\":\"https:\\\/\\\/olssonjensen.se\\\/#website\",\"url\":\"https:\\\/\\\/olssonjensen.se\\\/\",\"name\":\"Olsson & Jensen\",\"description\":\"Inredning, vintagem\u00f6bler och mycket mer\",\"publisher\":{\"@id\":\"https:\\\/\\\/olssonjensen.se\\\/#organization\"},\"potentialAction\":[{\"@type\":\"SearchAction\",\"target\":{\"@type\":\"EntryPoint\",\"urlTemplate\":\"https:\\\/\\\/olssonjensen.se\\\/?s={search_term_string}\"},\"query-input\":{\"@type\":\"PropertyValueSpecification\",\"valueRequired\":true,\"valueName\":\"search_term_string\"}}],\"inLanguage\":\"es\"},{\"@type\":\"Organization\",\"@id\":\"https:\\\/\\\/olssonjensen.se\\\/#organization\",\"name\":\"Olsson & Jensen\",\"url\":\"https:\\\/\\\/olssonjensen.se\\\/\",\"logo\":{\"@type\":\"ImageObject\",\"inLanguage\":\"es\",\"@id\":\"https:\\\/\\\/olssonjensen.se\\\/#\\\/schema\\\/logo\\\/image\\\/\",\"url\":\"https:\\\/\\\/olssonjensen.se\\\/wp-content\\\/uploads\\\/2022\\\/10\\\/oj_google.png\",\"contentUrl\":\"https:\\\/\\\/olssonjensen.se\\\/wp-content\\\/uploads\\\/2022\\\/10\\\/oj_google.png\",\"width\":800,\"height\":615,\"caption\":\"Olsson & Jensen\"},\"image\":{\"@id\":\"https:\\\/\\\/olssonjensen.se\\\/#\\\/schema\\\/logo\\\/image\\\/\"},\"sameAs\":[\"https:\\\/\\\/www.facebook.com\\\/olssonjensen\",\"https:\\\/\\\/www.instagram.com\\\/olssonjensen\\\/\"]}]}<\/script>\n<!-- \/ Yoast SEO plugin. -->","yoast_head_json":{"title":"Zora serveringsfat - Olsson &amp; Jensen","robots":{"index":"index","follow":"follow","max-snippet":"max-snippet:-1","max-image-preview":"max-image-preview:large","max-video-preview":"max-video-preview:-1"},"canonical":"https:\/\/olssonjensen.se\/es\/producto\/zora-serveringsfat\/","og_locale":"es_ES","og_type":"article","og_title":"Zora serveringsfat - Olsson &amp; Jensen","og_description":"Serveringsbr\u00e4da i mangotr\u00e4.","og_url":"https:\/\/olssonjensen.se\/es\/producto\/zora-serveringsfat\/","og_site_name":"Olsson &amp; Jensen","article_publisher":"https:\/\/www.facebook.com\/olssonjensen","article_modified_time":"2026-04-27T12:51:17+00:00","og_image":[{"width":1280,"height":1920,"url":"https:\/\/olssonjensen.se\/wp-content\/uploads\/2026\/03\/MI010914.jpg","type":"image\/jpeg"}],"twitter_card":"summary_large_image","twitter_misc":{"Tiempo de lectura":"1 minuto"},"schema":{"@context":"https:\/\/schema.org","@graph":[{"@type":"WebPage","@id":"https:\/\/olssonjensen.se\/produkt\/zora-serveringsfat\/","url":"https:\/\/olssonjensen.se\/produkt\/zora-serveringsfat\/","name":"Zora serveringsfat - Olsson &amp; Jensen","isPartOf":{"@id":"https:\/\/olssonjensen.se\/#website"},"primaryImageOfPage":{"@id":"https:\/\/olssonjensen.se\/produkt\/zora-serveringsfat\/#primaryimage"},"image":{"@id":"https:\/\/olssonjensen.se\/produkt\/zora-serveringsfat\/#primaryimage"},"thumbnailUrl":"https:\/\/olssonjensen.se\/wp-content\/uploads\/2026\/03\/MI010914.jpg","datePublished":"2026-03-30T09:49:19+00:00","dateModified":"2026-04-27T12:51:17+00:00","breadcrumb":{"@id":"https:\/\/olssonjensen.se\/produkt\/zora-serveringsfat\/#breadcrumb"},"inLanguage":"es","potentialAction":[{"@type":"ReadAction","target":["https:\/\/olssonjensen.se\/produkt\/zora-serveringsfat\/"]}]},{"@type":"ImageObject","inLanguage":"es","@id":"https:\/\/olssonjensen.se\/produkt\/zora-serveringsfat\/#primaryimage","url":"https:\/\/olssonjensen.se\/wp-content\/uploads\/2026\/03\/MI010914.jpg","contentUrl":"https:\/\/olssonjensen.se\/wp-content\/uploads\/2026\/03\/MI010914.jpg","width":1280,"height":1920},{"@type":"BreadcrumbList","@id":"https:\/\/olssonjensen.se\/produkt\/zora-serveringsfat\/#breadcrumb","itemListElement":[{"@type":"ListItem","position":1,"name":"Hem","item":"https:\/\/olssonjensen.se\/"},{"@type":"ListItem","position":2,"name":"Shop","item":"https:\/\/olssonjensen.se\/shop\/"},{"@type":"ListItem","position":3,"name":"Zora serveringsfat"}]},{"@type":"WebSite","@id":"https:\/\/olssonjensen.se\/#website","url":"https:\/\/olssonjensen.se\/","name":"Olsson &amp; Jensen","description":"Inredning, vintagem\u00f6bler och mycket mer","publisher":{"@id":"https:\/\/olssonjensen.se\/#organization"},"potentialAction":[{"@type":"SearchAction","target":{"@type":"EntryPoint","urlTemplate":"https:\/\/olssonjensen.se\/?s={search_term_string}"},"query-input":{"@type":"PropertyValueSpecification","valueRequired":true,"valueName":"search_term_string"}}],"inLanguage":"es"},{"@type":"Organization","@id":"https:\/\/olssonjensen.se\/#organization","name":"Olsson &amp; Jensen","url":"https:\/\/olssonjensen.se\/","logo":{"@type":"ImageObject","inLanguage":"es","@id":"https:\/\/olssonjensen.se\/#\/schema\/logo\/image\/","url":"https:\/\/olssonjensen.se\/wp-content\/uploads\/2022\/10\/oj_google.png","contentUrl":"https:\/\/olssonjensen.se\/wp-content\/uploads\/2022\/10\/oj_google.png","width":800,"height":615,"caption":"Olsson & Jensen"},"image":{"@id":"https:\/\/olssonjensen.se\/#\/schema\/logo\/image\/"},"sameAs":["https:\/\/www.facebook.com\/olssonjensen","https:\/\/www.instagram.com\/olssonjensen\/"]}]}},"_links":{"self":[{"href":"https:\/\/olssonjensen.se\/es\/wp-json\/wp\/v2\/product\/55700","targetHints":{"allow":["GET"]}}],"collection":[{"href":"https:\/\/olssonjensen.se\/es\/wp-json\/wp\/v2\/product"}],"about":[{"href":"https:\/\/olssonjensen.se\/es\/wp-json\/wp\/v2\/types\/product"}],"wp:featuredmedia":[{"embeddable":true,"href":"https:\/\/olssonjensen.se\/es\/wp-json\/wp\/v2\/media\/56095"}],"wp:attachment":[{"href":"https:\/\/olssonjensen.se\/es\/wp-json\/wp\/v2\/media?parent=55700"}],"wp:term":[{"taxonomy":"product_brand","embeddable":true,"href":"https:\/\/olssonjensen.se\/es\/wp-json\/wp\/v2\/product_brand?post=55700"},{"taxonomy":"product_cat","embeddable":true,"href":"https:\/\/olssonjensen.se\/es\/wp-json\/wp\/v2\/product_cat?post=55700"},{"taxonomy":"product_tag","embeddable":true,"href":"https:\/\/olssonjensen.se\/es\/wp-json\/wp\/v2\/product_tag?post=55700"}],"curies":[{"name":"wp","href":"https:\/\/api.w.org\/{rel}","templated":true}]}}