{"id":2544,"date":"2022-05-10T11:34:45","date_gmt":"2022-05-10T11:34:45","guid":{"rendered":"https:\/\/olssonjensen.se\/?page_id=2544"},"modified":"2022-05-10T11:35:28","modified_gmt":"2022-05-10T11:35:28","slug":"cookie-policy","status":"publish","type":"page","link":"https:\/\/olssonjensen.se\/fr\/cookie-policy\/","title":{"rendered":"Politique en mati\u00e8re de cookies"},"content":{"rendered":"<section class=\"section\" id=\"section_344210615\">\n\t\t<div class=\"section-bg fill\" >\n\t\t\t\t\t\t\t\t\t\n\t\t\t\n\n\t\t<\/div>\n\n\t\t\n\n\t\t<div class=\"section-content relative\">\n\t\t\t\n\n<div class=\"row\"  id=\"row-379984402\">\n\n\n\t<div id=\"col-112149560\" class=\"col small-12 large-12\"  >\n\t\t\t\t<div class=\"col-inner\"  >\n\t\t\t\n\t\t\t\n\n<h3>Cookies<\/h3>\n<p><strong>Qu'est-ce qu'un cookie<\/strong><\/p>\n<p>Un cookie est un fichier texte que le site Internet que vous visitez demande \u00e0 enregistrer sur votre ordinateur (attention : ordinateur d\u00e9signe \u00e9galement tablette et smartphone sauf indication contraire) et qui permet de vous identifier en tant que visiteur d'un site Internet. Les informations contenues dans le cookie peuvent \u00eatre utilis\u00e9es pour suivre votre navigation sur des sites Web qui utilisent le m\u00eame type de cookie et ainsi, par exemple, les offres affich\u00e9es peuvent \u00eatre personnalis\u00e9es pour vous.<\/p>\n<p>Il existe deux types diff\u00e9rents de cookies. Un type est plus permanent et enregistre un fichier texte pendant une p\u00e9riode plus longue sur votre ordinateur. Ce type de cookie a une date d'expiration sp\u00e9cifique et est utilis\u00e9, par exemple, pour des fonctions qui vous informent des nouveaut\u00e9s depuis votre derni\u00e8re visite sur le site Web en question. Une fois la date d'expiration du cookie actuel d\u00e9pass\u00e9e, il est supprim\u00e9 de votre ordinateur lorsque vous visitez \u00e0 nouveau le site Web qui a plac\u00e9 le cookie sur votre ordinateur.<\/p>\n<p>Le deuxi\u00e8me type de cookies est plus \u00e9ph\u00e9m\u00e8re (appel\u00e9s cookies de session) et est stock\u00e9 temporairement dans vos moyens de communication pendant la dur\u00e9e de votre visite sur un site Internet. Ce type de cookie est utilis\u00e9, par exemple, pour savoir quelle langue vous avez choisie pour le site Web actuel et dispara\u00eet d\u00e8s que vous fermez votre navigateur.<\/p>\n<p><strong>Quels types de cookies utilisons-nous et \u00e0 quelles fins ?<\/strong><\/p>\n<p>Nous utilisons \u00e0 la fois des cookies plus permanents et des cookies \u00e0 court terme. Le but principal de notre utilisation des cookies est de permettre le commerce dans notre boutique en ligne et de faciliter l'analyse du trafic sur notre site Web ainsi que d'am\u00e9liorer notre service client.<\/p>\n<p>Gr\u00e2ce \u00e0 nos cookies, nous enregistrons \u00e9galement des informations sur, entre autres, les pages de notre site Internet et de notre boutique en ligne que vous avez visit\u00e9es. Nous faisons cela pour pouvoir adapter nos offres et publicit\u00e9s sur notre site Internet en fonction de ce qui vous int\u00e9resse. Nous utilisons Google Analytics, un outil d'analyse bas\u00e9 sur le Web fourni par Google Inc., 1600 Amphitheatre Parkway, Mountain View, CA 94043, \u00c9tats-Unis (\u00ab Google \u00bb). Google utilise les informations actuelles pour \u00e9valuer l'utilisation du site Web par les visiteurs, pour \u00e9tablir des rapports sur l'utilisation du site Web et pour fournir des services li\u00e9s aux activit\u00e9s du site Web et \u00e0 l'utilisation d'Internet. Par ailleurs, Google peut adapter les publicit\u00e9s qui vous sont pr\u00e9sent\u00e9es en fonction des informations relatives \u00e0 votre navigation pr\u00e9c\u00e9dente. Les informations enregistr\u00e9es dans les cookies utilis\u00e9s par les outils de Google (telles que les adresses IP) sont transmises et stock\u00e9es sur les serveurs de Google situ\u00e9s dans le monde entier. Par cons\u00e9quent, les informations peuvent \u00eatre trait\u00e9es sur un serveur situ\u00e9 dans un pays diff\u00e9rent de celui o\u00f9 vous vivez. Google peut \u00e9galement transf\u00e9rer les informations \u00e0 des tiers si la loi l'exige ou lorsque ces tiers traitent les informations pour le compte de Google. Google ne relie pas votre adresse IP \u00e0 d'autres informations stock\u00e9es par Google.<\/p>\n<p><strong>Votre consentement \u00e0 notre utilisation des cookies<\/strong><\/p>\n<p>En param\u00e9trant votre ordinateur pour autoriser les cookies, vous consentez \u00e0 notre utilisation et \u00e0 celle de Google de cookies sur notre site Web et dans notre boutique en ligne, comme d\u00e9crit dans ces informations. Si vous acceptez notre utilisation des cookies, vous aurez acc\u00e8s \u00e0 toutes les fonctions de notre site Web et de notre boutique en ligne qui n\u00e9cessitent l'utilisation de cookies.<\/p>\n<p>Vous avez la possibilit\u00e9 de refuser de donner votre consentement et \u00e9galement de retirer votre consentement, ce que vous faites en modifiant les param\u00e8tres de votre ordinateur afin que celui-ci ne permette plus l'utilisation de cookies. Vous pouvez \u00e9galement configurer le navigateur de votre ordinateur de mani\u00e8re \u00e0 ce qu'un avertissement soit \u00e9mis chaque fois que le site Web tente de placer un cookie sur votre ordinateur. Gr\u00e2ce aux param\u00e8tres du navigateur, vous pouvez \u00e9galement supprimer les cookies. Si vous utilisez un ordinateur, les param\u00e8tres des cookies peuvent normalement \u00eatre modifi\u00e9s via les param\u00e8tres de votre navigateur, si vous utilisez une tablette, vous pouvez normalement le faire en modifiant les param\u00e8tres du syst\u00e8me d'exploitation et si vous utilisez un smartphone, vous pouvez normalement le faire en modifier les param\u00e8tres du navigateur du smartphone.<\/p>\n\n\t\t<\/div>\n\t\t\t\t\t<\/div>\n\n\t\n\n<\/div>\n\n\t\t<\/div>\n\n\t\t\n<style>\n#section_344210615 {\n  padding-top: 30px;\n  padding-bottom: 30px;\n}\n<\/style>\n\t<\/section>","protected":false},"excerpt":{"rendered":"","protected":false},"author":1,"featured_media":0,"parent":0,"menu_order":0,"comment_status":"closed","ping_status":"closed","template":"","meta":{"_acf_changed":false,"footnotes":""},"class_list":["post-2544","page","type-page","status-publish","hentry"],"acf":[],"yoast_head":"<!-- This site is optimized with the Yoast SEO plugin v27.4 - https:\/\/yoast.com\/product\/yoast-seo-wordpress\/ -->\n<title>Cookie-policy - Olsson &amp; Jensen<\/title>\n<meta name=\"description\" content=\"Olsson &amp; Jensen \u00e4r ett svenskt inredningsf\u00f6retag som s\u00e4ljer vintagem\u00f6bler och inredning till butiker i hela Sverige och flertalet l\u00e4nder.\" \/>\n<meta name=\"robots\" content=\"index, follow, max-snippet:-1, max-image-preview:large, max-video-preview:-1\" \/>\n<link rel=\"canonical\" href=\"https:\/\/olssonjensen.se\/fr\/cookie-policy\/\" \/>\n<meta property=\"og:locale\" content=\"fr_FR\" \/>\n<meta property=\"og:type\" content=\"article\" \/>\n<meta property=\"og:title\" content=\"Cookie-policy - Olsson &amp; Jensen\" \/>\n<meta property=\"og:description\" content=\"Olsson &amp; Jensen \u00e4r ett svenskt inredningsf\u00f6retag som s\u00e4ljer vintagem\u00f6bler och inredning till butiker i hela Sverige och flertalet l\u00e4nder.\" \/>\n<meta property=\"og:url\" content=\"https:\/\/olssonjensen.se\/fr\/cookie-policy\/\" \/>\n<meta property=\"og:site_name\" content=\"Olsson &amp; Jensen\" \/>\n<meta property=\"article:publisher\" content=\"https:\/\/www.facebook.com\/olssonjensen\" \/>\n<meta property=\"article:modified_time\" content=\"2022-05-10T11:35:28+00:00\" \/>\n<meta name=\"twitter:card\" content=\"summary_large_image\" \/>\n<meta name=\"twitter:label1\" content=\"Dur\u00e9e de lecture estim\u00e9e\" \/>\n\t<meta name=\"twitter:data1\" content=\"4 minutes\" \/>\n<script type=\"application\/ld+json\" class=\"yoast-schema-graph\">{\"@context\":\"https:\\\/\\\/schema.org\",\"@graph\":[{\"@type\":\"WebPage\",\"@id\":\"https:\\\/\\\/olssonjensen.se\\\/cookie-policy\\\/\",\"url\":\"https:\\\/\\\/olssonjensen.se\\\/cookie-policy\\\/\",\"name\":\"Cookie-policy - Olsson &amp; Jensen\",\"isPartOf\":{\"@id\":\"https:\\\/\\\/olssonjensen.se\\\/#website\"},\"datePublished\":\"2022-05-10T11:34:45+00:00\",\"dateModified\":\"2022-05-10T11:35:28+00:00\",\"description\":\"Olsson & Jensen \u00e4r ett svenskt inredningsf\u00f6retag som s\u00e4ljer vintagem\u00f6bler och inredning till butiker i hela Sverige och flertalet l\u00e4nder.\",\"breadcrumb\":{\"@id\":\"https:\\\/\\\/olssonjensen.se\\\/cookie-policy\\\/#breadcrumb\"},\"inLanguage\":\"fr-FR\",\"potentialAction\":[{\"@type\":\"ReadAction\",\"target\":[\"https:\\\/\\\/olssonjensen.se\\\/cookie-policy\\\/\"]}]},{\"@type\":\"BreadcrumbList\",\"@id\":\"https:\\\/\\\/olssonjensen.se\\\/cookie-policy\\\/#breadcrumb\",\"itemListElement\":[{\"@type\":\"ListItem\",\"position\":1,\"name\":\"Hem\",\"item\":\"https:\\\/\\\/olssonjensen.se\\\/\"},{\"@type\":\"ListItem\",\"position\":2,\"name\":\"Cookie-policy\"}]},{\"@type\":\"WebSite\",\"@id\":\"https:\\\/\\\/olssonjensen.se\\\/#website\",\"url\":\"https:\\\/\\\/olssonjensen.se\\\/\",\"name\":\"Olsson & Jensen\",\"description\":\"Inredning, vintagem\u00f6bler och mycket mer\",\"publisher\":{\"@id\":\"https:\\\/\\\/olssonjensen.se\\\/#organization\"},\"potentialAction\":[{\"@type\":\"SearchAction\",\"target\":{\"@type\":\"EntryPoint\",\"urlTemplate\":\"https:\\\/\\\/olssonjensen.se\\\/?s={search_term_string}\"},\"query-input\":{\"@type\":\"PropertyValueSpecification\",\"valueRequired\":true,\"valueName\":\"search_term_string\"}}],\"inLanguage\":\"fr-FR\"},{\"@type\":\"Organization\",\"@id\":\"https:\\\/\\\/olssonjensen.se\\\/#organization\",\"name\":\"Olsson & Jensen\",\"url\":\"https:\\\/\\\/olssonjensen.se\\\/\",\"logo\":{\"@type\":\"ImageObject\",\"inLanguage\":\"fr-FR\",\"@id\":\"https:\\\/\\\/olssonjensen.se\\\/#\\\/schema\\\/logo\\\/image\\\/\",\"url\":\"https:\\\/\\\/olssonjensen.se\\\/wp-content\\\/uploads\\\/2022\\\/10\\\/oj_google.png\",\"contentUrl\":\"https:\\\/\\\/olssonjensen.se\\\/wp-content\\\/uploads\\\/2022\\\/10\\\/oj_google.png\",\"width\":800,\"height\":615,\"caption\":\"Olsson & Jensen\"},\"image\":{\"@id\":\"https:\\\/\\\/olssonjensen.se\\\/#\\\/schema\\\/logo\\\/image\\\/\"},\"sameAs\":[\"https:\\\/\\\/www.facebook.com\\\/olssonjensen\",\"https:\\\/\\\/www.instagram.com\\\/olssonjensen\\\/\"]}]}<\/script>\n<!-- \/ Yoast SEO plugin. -->","yoast_head_json":{"title":"Cookie-policy - Olsson &amp; Jensen","description":"Olsson & Jensen \u00e4r ett svenskt inredningsf\u00f6retag som s\u00e4ljer vintagem\u00f6bler och inredning till butiker i hela Sverige och flertalet l\u00e4nder.","robots":{"index":"index","follow":"follow","max-snippet":"max-snippet:-1","max-image-preview":"max-image-preview:large","max-video-preview":"max-video-preview:-1"},"canonical":"https:\/\/olssonjensen.se\/fr\/cookie-policy\/","og_locale":"fr_FR","og_type":"article","og_title":"Cookie-policy - Olsson &amp; Jensen","og_description":"Olsson & Jensen \u00e4r ett svenskt inredningsf\u00f6retag som s\u00e4ljer vintagem\u00f6bler och inredning till butiker i hela Sverige och flertalet l\u00e4nder.","og_url":"https:\/\/olssonjensen.se\/fr\/cookie-policy\/","og_site_name":"Olsson &amp; Jensen","article_publisher":"https:\/\/www.facebook.com\/olssonjensen","article_modified_time":"2022-05-10T11:35:28+00:00","twitter_card":"summary_large_image","twitter_misc":{"Dur\u00e9e de lecture estim\u00e9e":"4 minutes"},"schema":{"@context":"https:\/\/schema.org","@graph":[{"@type":"WebPage","@id":"https:\/\/olssonjensen.se\/cookie-policy\/","url":"https:\/\/olssonjensen.se\/cookie-policy\/","name":"Cookie-policy - Olsson &amp; Jensen","isPartOf":{"@id":"https:\/\/olssonjensen.se\/#website"},"datePublished":"2022-05-10T11:34:45+00:00","dateModified":"2022-05-10T11:35:28+00:00","description":"Olsson & Jensen \u00e4r ett svenskt inredningsf\u00f6retag som s\u00e4ljer vintagem\u00f6bler och inredning till butiker i hela Sverige och flertalet l\u00e4nder.","breadcrumb":{"@id":"https:\/\/olssonjensen.se\/cookie-policy\/#breadcrumb"},"inLanguage":"fr-FR","potentialAction":[{"@type":"ReadAction","target":["https:\/\/olssonjensen.se\/cookie-policy\/"]}]},{"@type":"BreadcrumbList","@id":"https:\/\/olssonjensen.se\/cookie-policy\/#breadcrumb","itemListElement":[{"@type":"ListItem","position":1,"name":"Hem","item":"https:\/\/olssonjensen.se\/"},{"@type":"ListItem","position":2,"name":"Cookie-policy"}]},{"@type":"WebSite","@id":"https:\/\/olssonjensen.se\/#website","url":"https:\/\/olssonjensen.se\/","name":"Olsson &amp; Jensen","description":"Inredning, vintagem\u00f6bler och mycket mer","publisher":{"@id":"https:\/\/olssonjensen.se\/#organization"},"potentialAction":[{"@type":"SearchAction","target":{"@type":"EntryPoint","urlTemplate":"https:\/\/olssonjensen.se\/?s={search_term_string}"},"query-input":{"@type":"PropertyValueSpecification","valueRequired":true,"valueName":"search_term_string"}}],"inLanguage":"fr-FR"},{"@type":"Organization","@id":"https:\/\/olssonjensen.se\/#organization","name":"Olsson &amp; Jensen","url":"https:\/\/olssonjensen.se\/","logo":{"@type":"ImageObject","inLanguage":"fr-FR","@id":"https:\/\/olssonjensen.se\/#\/schema\/logo\/image\/","url":"https:\/\/olssonjensen.se\/wp-content\/uploads\/2022\/10\/oj_google.png","contentUrl":"https:\/\/olssonjensen.se\/wp-content\/uploads\/2022\/10\/oj_google.png","width":800,"height":615,"caption":"Olsson & Jensen"},"image":{"@id":"https:\/\/olssonjensen.se\/#\/schema\/logo\/image\/"},"sameAs":["https:\/\/www.facebook.com\/olssonjensen","https:\/\/www.instagram.com\/olssonjensen\/"]}]}},"_links":{"self":[{"href":"https:\/\/olssonjensen.se\/fr\/wp-json\/wp\/v2\/pages\/2544","targetHints":{"allow":["GET"]}}],"collection":[{"href":"https:\/\/olssonjensen.se\/fr\/wp-json\/wp\/v2\/pages"}],"about":[{"href":"https:\/\/olssonjensen.se\/fr\/wp-json\/wp\/v2\/types\/page"}],"author":[{"embeddable":true,"href":"https:\/\/olssonjensen.se\/fr\/wp-json\/wp\/v2\/users\/1"}],"replies":[{"embeddable":true,"href":"https:\/\/olssonjensen.se\/fr\/wp-json\/wp\/v2\/comments?post=2544"}],"version-history":[{"count":2,"href":"https:\/\/olssonjensen.se\/fr\/wp-json\/wp\/v2\/pages\/2544\/revisions"}],"predecessor-version":[{"id":2546,"href":"https:\/\/olssonjensen.se\/fr\/wp-json\/wp\/v2\/pages\/2544\/revisions\/2546"}],"wp:attachment":[{"href":"https:\/\/olssonjensen.se\/fr\/wp-json\/wp\/v2\/media?parent=2544"}],"curies":[{"name":"wp","href":"https:\/\/api.w.org\/{rel}","templated":true}]}}