{"id":2616,"date":"2022-05-17T09:29:14","date_gmt":"2022-05-17T09:29:14","guid":{"rendered":"https:\/\/olssonjensen.se\/?page_id=2616"},"modified":"2026-02-05T14:13:00","modified_gmt":"2026-02-05T12:13:00","slug":"kop-leveransvillkor","status":"publish","type":"page","link":"https:\/\/olssonjensen.se\/fr\/kop-leveransvillkor\/","title":{"rendered":"K\u00f6p &#038; Leveransvillkor"},"content":{"rendered":"<section class=\"section\" id=\"section_1427943919\">\n\t\t<div class=\"section-bg fill\" >\n\t\t\t\t\t\t\t\t\t\n\t\t\t\n\n\t\t<\/div>\n\n\t\t\n\n\t\t<div class=\"section-content relative\">\n\t\t\t\n\n<div class=\"row\"  id=\"row-2094201267\">\n\n\n\t<div id=\"col-419110147\" class=\"col small-12 large-12\"  >\n\t\t\t\t<div class=\"col-inner\"  >\n\t\t\t\n\t\t\t\n\n<div class=\"translation-block\">\n<h3>Conditions d'achat et de livraison<\/h3>\n\n  <p>Olsson &amp; Jensen est l'un des principaux grossistes en d\u00e9coration d'int\u00e9rieur en Su\u00e8de et est actif depuis 2006. Pour acheter dans notre boutique en ligne, vous devez \u00eatre un revendeur agr\u00e9\u00e9 et enregistr\u00e9.<\/p>\n\n  <p><strong>Conditions d'achat<\/strong><br \/>\n    Bienvenue sur notre boutique en ligne o\u00f9 vous pouvez passer une commande 24h\/24. Inscrivez-vous sur notre site Web pour obtenir vos informations de connexion personnelles. Si vous avez oubli\u00e9 votre mot de passe, appuyez sur \u00ab Mot de passe oubli\u00e9 \u00bb et saisissez votre adresse e-mail. Un lien de r\u00e9initialisation sera automatiquement envoy\u00e9 dans votre bo\u00eete de r\u00e9ception.\n  <\/p>\n\n  <p><strong>Pour les nouveaux clients<\/strong>, le montant minimum de commande est de 1\u00a0000\u00a0\u20ac pour la premi\u00e8re commande, hors frais de port.<\/p>\n\n  <p><strong>Pour les nouveaux clients en Norv\u00e8ge<\/strong>, le montant minimum de commande est de 1\u00a0500\u00a0\u20ac pour la premi\u00e8re commande, hors frais de port.<\/p>\n\n  <p>Tous les prix sont des prix unitaires et la TVA sera ajout\u00e9e en Su\u00e8de. Lorsque des produits qui ne sont pas en stock sont ajout\u00e9s \u00e0 une commande, celle-ci sera divis\u00e9e en deux parties. Une commande avec des produits en stock et une avec des produits en rupture de stock. Nous nous r\u00e9servons le droit de ne pas exp\u00e9dier de commandes inf\u00e9rieures \u00e0 300 euros hors frais de port. Une commande en souffrance en attente depuis plus de quatre mois sera annul\u00e9e.<\/p>\n\n  <p>Toutes les commandes ont un montant minimum de \u20ac500 hors frais de port.<\/p>\n\n  <p>La vente est uniquement autoris\u00e9e \u00e0 l\u2019adresse enregistr\u00e9e dans la fiche client. En cas de d\u00e9m\u00e9nagement ou d\u2019ouverture de points de vente suppl\u00e9mentaires, cela doit nous \u00eatre communiqu\u00e9 \u00e0 l\u2019avance et approuv\u00e9 par nos soins.<\/p>\n  <p>Nous nous r\u00e9servons le droit de mettre fin \u00e0 la collaboration avec effet imm\u00e9diat si nous estimons qu\u2019elle ne fonctionne pas de mani\u00e8re satisfaisante.<\/p>\n<\/div>\n<\/div>\n<div class=\"translation-block\">\n<p><strong>Conditions de livraison<\/strong><\/p>\n  <p>Nous livrons uniquement aux adresses des entreprises. Si personne n'est sur place au moment de la livraison, des frais suppl\u00e9mentaires pourront \u00eatre appliqu\u00e9s aupr\u00e8s du transporteur. Les heures d'ouverture diff\u00e9rentes doivent \u00eatre annonc\u00e9es lors de la commande.<\/p>\n  <p>Les frais d'exp\u00e9dition sont de 90 EUR par livraison au sein de l'UE, \u00e0 l'exception des \u00eeles, o\u00f9 les frais d'exp\u00e9dition sont de 150 EUR. Le Danemark a les m\u00eames conditions que la Su\u00e8de. Pour la Norv\u00e8ge, la Suisse, l'Irlande, le Royaume-Uni et les autres \u00eeles europ\u00e9ennes, les frais de port sont de 150 EUR.<\/p>\n  <p>Les commandes \u00e0 partir de 1 500 EUR b\u00e9n\u00e9ficient de la livraison gratuite, sauf en Norv\u00e8ge, en Suisse, au Royaume-Uni, en Irlande et dans les autres \u00eeles europ\u00e9ennes. Les prix d'exp\u00e9dition ne s'appliquent pas aux meubles, pots et produits vintage. Pour ces marchandises, les frais d'exp\u00e9dition r\u00e9els sont calcul\u00e9s. Les produits vintage sont uniques et ne sont g\u00e9n\u00e9ralement disponibles qu'en un seul exemplaire. Ils sont donc vendus dans leur \u00e9tat actuel.<\/p>\n\n  <p><strong>Conditions de paiement<\/strong><\/p>\n  <p>Nous livrons uniquement aux adresses des entreprises. Si personne n'est sur place au moment de la livraison, le client sera factur\u00e9 selon la grille tarifaire du transporteur. Les horaires d'ouverture exceptionnels doivent \u00eatre annonc\u00e9s lors de la commande.<\/p>\n  <p>Les commandes sont emball\u00e9es et exp\u00e9di\u00e9es depuis notre entrep\u00f4t dans un d\u00e9lai de 2 \u00e0 8 jours.<\/p>\n  <p>Si vous avez des questions concernant le paiement, veuillez contacter : ekonomi@olssonjensen.com<\/p>\n\n  <p><strong>R\u00e9clamations et dommages dus au transport<\/strong><\/p>\n  <p>En cas de livraison incorrecte, contactez-nous dans les 8 jours suivant la r\u00e9ception. Aucun retour n'est accept\u00e9 sans accord pr\u00e9alable. Les articles retourn\u00e9s doivent \u00eatre dans leur emballage d'origine et sans \u00e9tiquette de prix. Vous d\u00e9posez des r\u00e9clamations directement sur votre compte via notre site Internet.<\/p>\n  <p>Les dommages visibles lors de la livraison doivent \u00eatre signal\u00e9s directement au transporteur et doivent \u00eatre sign\u00e9s par le conducteur et le destinataire sur la lettre de voiture du transporteur et du destinataire. Si une liste \u00e9crite n\u2019est pas \u00e9tablie, aucune indemnisation pour les marchandises endommag\u00e9es ne pourra \u00eatre vers\u00e9e. Informez \u00e9galement le service client d\u2019Olsson &amp; Jensen si cela se produit.<\/p>\n\n  <p><strong>Salle d'exposition<\/strong><\/p>\n  <p>Bienvenue dans notre showroom \u00e0 \u00d6d\u00e5kra. Contactez le service client pour la r\u00e9servation du temps.<\/p>\n\n  <p><strong>R\u00e9servation<\/strong><\/p>\n  <p>Olsson &amp; Jensen se r\u00e9serve le droit de fautes d'impression sur le Web et le catalogue ainsi que sur les ventes finales et les changements de prix en raison de changements de devises ou d'augmentations de prix des fournisseurs.<\/p>\n\n  <p><strong>Force majeure<\/strong><\/p>\n  <p>Olsson &amp; Jensen se r\u00e9serve le droit d'invoquer la force majeure dans les situations o\u00f9 elle est applicable, par exemple en cas de changement de l\u00e9gislation, de catastrophe naturelle ou de conflit sur le march\u00e9 du travail.<\/p>\n<\/div>\n<\/div>\n\n\n\t\t<\/div>\n\t\t\t\t\t<\/div>\n\n\t\n\n<\/div>\n\n\t\t<\/div>\n\n\t\t\n<style>\n#section_1427943919 {\n  padding-top: 30px;\n  padding-bottom: 30px;\n}\n<\/style>\n\t<\/section>","protected":false},"excerpt":{"rendered":"","protected":false},"author":1,"featured_media":0,"parent":0,"menu_order":0,"comment_status":"closed","ping_status":"closed","template":"","meta":{"_acf_changed":false,"footnotes":""},"class_list":["post-2616","page","type-page","status-publish","hentry"],"acf":[],"yoast_head":"<!-- This site is optimized with the Yoast SEO plugin v27.4 - https:\/\/yoast.com\/product\/yoast-seo-wordpress\/ -->\n<title>K\u00f6p &amp; Leveransvillkor - Olsson &amp; Jensen<\/title>\n<meta name=\"description\" content=\"Olsson &amp; Jensen \u00e4r ett svenskt inredningsf\u00f6retag som s\u00e4ljer vintagem\u00f6bler och inredning till butiker i hela Sverige och flertalet l\u00e4nder.\" \/>\n<meta name=\"robots\" content=\"index, follow, max-snippet:-1, max-image-preview:large, max-video-preview:-1\" \/>\n<link rel=\"canonical\" href=\"https:\/\/olssonjensen.se\/fr\/kop-leveransvillkor\/\" \/>\n<meta property=\"og:locale\" content=\"fr_FR\" \/>\n<meta property=\"og:type\" content=\"article\" \/>\n<meta property=\"og:title\" content=\"K\u00f6p &amp; Leveransvillkor - Olsson &amp; Jensen\" \/>\n<meta property=\"og:description\" content=\"Olsson &amp; Jensen \u00e4r ett svenskt inredningsf\u00f6retag som s\u00e4ljer vintagem\u00f6bler och inredning till butiker i hela Sverige och flertalet l\u00e4nder.\" \/>\n<meta property=\"og:url\" content=\"https:\/\/olssonjensen.se\/fr\/kop-leveransvillkor\/\" \/>\n<meta property=\"og:site_name\" content=\"Olsson &amp; Jensen\" \/>\n<meta property=\"article:publisher\" content=\"https:\/\/www.facebook.com\/olssonjensen\" \/>\n<meta property=\"article:modified_time\" content=\"2026-02-05T12:13:00+00:00\" \/>\n<meta name=\"twitter:card\" content=\"summary_large_image\" \/>\n<meta name=\"twitter:label1\" content=\"Dur\u00e9e de lecture estim\u00e9e\" \/>\n\t<meta name=\"twitter:data1\" content=\"3 minutes\" \/>\n<script type=\"application\/ld+json\" class=\"yoast-schema-graph\">{\"@context\":\"https:\\\/\\\/schema.org\",\"@graph\":[{\"@type\":\"WebPage\",\"@id\":\"https:\\\/\\\/olssonjensen.se\\\/kop-leveransvillkor\\\/\",\"url\":\"https:\\\/\\\/olssonjensen.se\\\/kop-leveransvillkor\\\/\",\"name\":\"K\u00f6p & Leveransvillkor - Olsson &amp; Jensen\",\"isPartOf\":{\"@id\":\"https:\\\/\\\/olssonjensen.se\\\/#website\"},\"datePublished\":\"2022-05-17T09:29:14+00:00\",\"dateModified\":\"2026-02-05T12:13:00+00:00\",\"description\":\"Olsson & Jensen \u00e4r ett svenskt inredningsf\u00f6retag som s\u00e4ljer vintagem\u00f6bler och inredning till butiker i hela Sverige och flertalet l\u00e4nder.\",\"breadcrumb\":{\"@id\":\"https:\\\/\\\/olssonjensen.se\\\/kop-leveransvillkor\\\/#breadcrumb\"},\"inLanguage\":\"fr-FR\",\"potentialAction\":[{\"@type\":\"ReadAction\",\"target\":[\"https:\\\/\\\/olssonjensen.se\\\/kop-leveransvillkor\\\/\"]}]},{\"@type\":\"BreadcrumbList\",\"@id\":\"https:\\\/\\\/olssonjensen.se\\\/kop-leveransvillkor\\\/#breadcrumb\",\"itemListElement\":[{\"@type\":\"ListItem\",\"position\":1,\"name\":\"Hem\",\"item\":\"https:\\\/\\\/olssonjensen.se\\\/\"},{\"@type\":\"ListItem\",\"position\":2,\"name\":\"K\u00f6p &#038; Leveransvillkor\"}]},{\"@type\":\"WebSite\",\"@id\":\"https:\\\/\\\/olssonjensen.se\\\/#website\",\"url\":\"https:\\\/\\\/olssonjensen.se\\\/\",\"name\":\"Olsson & Jensen\",\"description\":\"Inredning, vintagem\u00f6bler och mycket mer\",\"publisher\":{\"@id\":\"https:\\\/\\\/olssonjensen.se\\\/#organization\"},\"potentialAction\":[{\"@type\":\"SearchAction\",\"target\":{\"@type\":\"EntryPoint\",\"urlTemplate\":\"https:\\\/\\\/olssonjensen.se\\\/?s={search_term_string}\"},\"query-input\":{\"@type\":\"PropertyValueSpecification\",\"valueRequired\":true,\"valueName\":\"search_term_string\"}}],\"inLanguage\":\"fr-FR\"},{\"@type\":\"Organization\",\"@id\":\"https:\\\/\\\/olssonjensen.se\\\/#organization\",\"name\":\"Olsson & Jensen\",\"url\":\"https:\\\/\\\/olssonjensen.se\\\/\",\"logo\":{\"@type\":\"ImageObject\",\"inLanguage\":\"fr-FR\",\"@id\":\"https:\\\/\\\/olssonjensen.se\\\/#\\\/schema\\\/logo\\\/image\\\/\",\"url\":\"https:\\\/\\\/olssonjensen.se\\\/wp-content\\\/uploads\\\/2022\\\/10\\\/oj_google.png\",\"contentUrl\":\"https:\\\/\\\/olssonjensen.se\\\/wp-content\\\/uploads\\\/2022\\\/10\\\/oj_google.png\",\"width\":800,\"height\":615,\"caption\":\"Olsson & Jensen\"},\"image\":{\"@id\":\"https:\\\/\\\/olssonjensen.se\\\/#\\\/schema\\\/logo\\\/image\\\/\"},\"sameAs\":[\"https:\\\/\\\/www.facebook.com\\\/olssonjensen\",\"https:\\\/\\\/www.instagram.com\\\/olssonjensen\\\/\"]}]}<\/script>\n<!-- \/ Yoast SEO plugin. -->","yoast_head_json":{"title":"K\u00f6p & Leveransvillkor - Olsson &amp; Jensen","description":"Olsson & Jensen \u00e4r ett svenskt inredningsf\u00f6retag som s\u00e4ljer vintagem\u00f6bler och inredning till butiker i hela Sverige och flertalet l\u00e4nder.","robots":{"index":"index","follow":"follow","max-snippet":"max-snippet:-1","max-image-preview":"max-image-preview:large","max-video-preview":"max-video-preview:-1"},"canonical":"https:\/\/olssonjensen.se\/fr\/kop-leveransvillkor\/","og_locale":"fr_FR","og_type":"article","og_title":"K\u00f6p & Leveransvillkor - Olsson &amp; Jensen","og_description":"Olsson & Jensen \u00e4r ett svenskt inredningsf\u00f6retag som s\u00e4ljer vintagem\u00f6bler och inredning till butiker i hela Sverige och flertalet l\u00e4nder.","og_url":"https:\/\/olssonjensen.se\/fr\/kop-leveransvillkor\/","og_site_name":"Olsson &amp; Jensen","article_publisher":"https:\/\/www.facebook.com\/olssonjensen","article_modified_time":"2026-02-05T12:13:00+00:00","twitter_card":"summary_large_image","twitter_misc":{"Dur\u00e9e de lecture estim\u00e9e":"3 minutes"},"schema":{"@context":"https:\/\/schema.org","@graph":[{"@type":"WebPage","@id":"https:\/\/olssonjensen.se\/kop-leveransvillkor\/","url":"https:\/\/olssonjensen.se\/kop-leveransvillkor\/","name":"K\u00f6p & Leveransvillkor - Olsson &amp; Jensen","isPartOf":{"@id":"https:\/\/olssonjensen.se\/#website"},"datePublished":"2022-05-17T09:29:14+00:00","dateModified":"2026-02-05T12:13:00+00:00","description":"Olsson & Jensen \u00e4r ett svenskt inredningsf\u00f6retag som s\u00e4ljer vintagem\u00f6bler och inredning till butiker i hela Sverige och flertalet l\u00e4nder.","breadcrumb":{"@id":"https:\/\/olssonjensen.se\/kop-leveransvillkor\/#breadcrumb"},"inLanguage":"fr-FR","potentialAction":[{"@type":"ReadAction","target":["https:\/\/olssonjensen.se\/kop-leveransvillkor\/"]}]},{"@type":"BreadcrumbList","@id":"https:\/\/olssonjensen.se\/kop-leveransvillkor\/#breadcrumb","itemListElement":[{"@type":"ListItem","position":1,"name":"Hem","item":"https:\/\/olssonjensen.se\/"},{"@type":"ListItem","position":2,"name":"K\u00f6p &#038; Leveransvillkor"}]},{"@type":"WebSite","@id":"https:\/\/olssonjensen.se\/#website","url":"https:\/\/olssonjensen.se\/","name":"Olsson &amp; Jensen","description":"Inredning, vintagem\u00f6bler och mycket mer","publisher":{"@id":"https:\/\/olssonjensen.se\/#organization"},"potentialAction":[{"@type":"SearchAction","target":{"@type":"EntryPoint","urlTemplate":"https:\/\/olssonjensen.se\/?s={search_term_string}"},"query-input":{"@type":"PropertyValueSpecification","valueRequired":true,"valueName":"search_term_string"}}],"inLanguage":"fr-FR"},{"@type":"Organization","@id":"https:\/\/olssonjensen.se\/#organization","name":"Olsson &amp; Jensen","url":"https:\/\/olssonjensen.se\/","logo":{"@type":"ImageObject","inLanguage":"fr-FR","@id":"https:\/\/olssonjensen.se\/#\/schema\/logo\/image\/","url":"https:\/\/olssonjensen.se\/wp-content\/uploads\/2022\/10\/oj_google.png","contentUrl":"https:\/\/olssonjensen.se\/wp-content\/uploads\/2022\/10\/oj_google.png","width":800,"height":615,"caption":"Olsson & Jensen"},"image":{"@id":"https:\/\/olssonjensen.se\/#\/schema\/logo\/image\/"},"sameAs":["https:\/\/www.facebook.com\/olssonjensen","https:\/\/www.instagram.com\/olssonjensen\/"]}]}},"_links":{"self":[{"href":"https:\/\/olssonjensen.se\/fr\/wp-json\/wp\/v2\/pages\/2616","targetHints":{"allow":["GET"]}}],"collection":[{"href":"https:\/\/olssonjensen.se\/fr\/wp-json\/wp\/v2\/pages"}],"about":[{"href":"https:\/\/olssonjensen.se\/fr\/wp-json\/wp\/v2\/types\/page"}],"author":[{"embeddable":true,"href":"https:\/\/olssonjensen.se\/fr\/wp-json\/wp\/v2\/users\/1"}],"replies":[{"embeddable":true,"href":"https:\/\/olssonjensen.se\/fr\/wp-json\/wp\/v2\/comments?post=2616"}],"version-history":[{"count":25,"href":"https:\/\/olssonjensen.se\/fr\/wp-json\/wp\/v2\/pages\/2616\/revisions"}],"predecessor-version":[{"id":53984,"href":"https:\/\/olssonjensen.se\/fr\/wp-json\/wp\/v2\/pages\/2616\/revisions\/53984"}],"wp:attachment":[{"href":"https:\/\/olssonjensen.se\/fr\/wp-json\/wp\/v2\/media?parent=2616"}],"curies":[{"name":"wp","href":"https:\/\/api.w.org\/{rel}","templated":true}]}}