{"id":3,"date":"2022-04-19T07:54:42","date_gmt":"2022-04-19T07:54:42","guid":{"rendered":"https:\/\/olssonjensen.se\/?page_id=3"},"modified":"2022-07-12T14:44:07","modified_gmt":"2022-07-12T14:44:07","slug":"privacy-policy-2","status":"publish","type":"page","link":"https:\/\/olssonjensen.se\/fr\/privacy-policy-2\/","title":{"rendered":"Politique de confidentialit\u00e9"},"content":{"rendered":"<section class=\"section\" id=\"section_2054738922\">\n\t\t<div class=\"section-bg fill\" >\n\t\t\t\t\t\t\t\t\t\n\t\t\t\n\n\t\t<\/div>\n\n\t\t\n\n\t\t<div class=\"section-content relative\">\n\t\t\t\n\n<div class=\"row\"  id=\"row-699673766\">\n\n\n\t<div id=\"col-1641004376\" class=\"col small-12 large-12\"  >\n\t\t\t\t<div class=\"col-inner\"  >\n\t\t\t\n\t\t\t\n\n<h1>Politique de confidentialit\u00e9<\/h1>\n<p class=\"intro\">VERNA AB, org.nr. 556717-1953, Fabriksgatan 2, 254 74 \u00d6d\u00e5kra (\u00ab Olsson &amp; Jensen \u00bb) garantit que vos donn\u00e9es personnelles sont trait\u00e9es de mani\u00e8re s\u00e9curis\u00e9e, avec un bon niveau de protection et conform\u00e9ment \u00e0 la l\u00e9gislation applicable en mati\u00e8re de protection des donn\u00e9es.<\/p>\n<div class=\"main-text-content\">\n<p>Cette politique de confidentialit\u00e9 d\u00e9crit la mani\u00e8re dont Verna AB \/ Olsson &amp; Jensen traite les informations personnelles vous concernant, qui \u00eates un client ou un client potentiel de nous, un repr\u00e9sentant d'une entreprise qui est un client ou un client potentiel de nous, et vous qui visitez notre site Web.\u00a0<\/p>\n<p>Si vous avez des questions sur la politique de confidentialit\u00e9 d'Olsson &amp; Jensen, n'h\u00e9sitez pas \u00e0 nous contacter.<\/p>\n<h3>Gestionnaire de donn\u00e9es personnelles<\/h3>\n<p>Olsson &amp; Jensen est responsable du traitement de vos donn\u00e9es personnelles et est donc responsable de garantir que vos donn\u00e9es sont trait\u00e9es de mani\u00e8re correcte et s\u00e9curis\u00e9e conform\u00e9ment \u00e0 la l\u00e9gislation applicable.<\/p>\n<h2>Ce que nous collectons et stockons<\/h2>\n<p>Pendant que vous visitez notre site Web, nous suivrons\u00a0:<\/p>\n<ul>\n<li>Produits que vous avez consult\u00e9s\u00a0: nous l'utilisons pour, par exemple, vous montrer les produits que vous avez r\u00e9cemment consult\u00e9s.<\/li>\n<li>Informations de localisation, adresse IP et type de navigateur\u00a0: nous les utilisons \u00e0 des fins telles que le calcul de la TVA et les frais d'exp\u00e9dition.<\/li>\n<li>Adresse de livraison : nous vous demandons de la renseigner afin que nous puissions, par exemple, calculer les frais de port avant de passer commande, et vous envoyer la commande !<\/li>\n<\/ul>\n<p>Nous utilisons \u00e9galement des cookies pour suivre le contenu du panier pendant que vous utilisez notre site Web.<\/p>\n<p>Lorsque vous achetez chez nous, nous vous demandons de nous fournir des informations comprenant votre nom, votre adresse de facturation, votre adresse de livraison, votre adresse e-mail, votre num\u00e9ro de t\u00e9l\u00e9phone et des informations facultatives sur votre compte telles que votre nom d'utilisateur et votre mot de passe. Nous utilisons ces informations \u00e0 des fins telles que\u00a0:<\/p>\n<ul>\n<li>Vous envoyer des informations sur votre compte et votre commande<\/li>\n<li>R\u00e9pondez \u00e0 vos questions, y compris les retours et les r\u00e9clamations<\/li>\n<li>Traiter les paiements et pr\u00e9venir la fraude<\/li>\n<li>Cr\u00e9ez votre compte pour notre boutique<\/li>\n<li>Se conformer aux exigences l\u00e9gales dont nous disposons, telles que le calcul de la TVA<\/li>\n<li>Am\u00e9liorer nos offres<\/li>\n<li>Vous envoyer des communications marketing, si vous choisissez de les recevoir<\/li>\n<\/ul>\n<p>Si vous cr\u00e9ez un compte, nous stockerons votre nom, votre adresse, votre adresse e-mail et votre num\u00e9ro de t\u00e9l\u00e9phone, qui seront utilis\u00e9s pour renseigner vos coordonn\u00e9es lors du paiement pour de futures commandes.<\/p>\n<p>En g\u00e9n\u00e9ral, nous stockons les informations vous concernant uniquement aussi longtemps que nous en avons besoin aux fins pour lesquelles nous les collectons et les utilisons, et aussi longtemps que nous ne sommes pas l\u00e9galement tenus de les stocker. Par exemple, nous stockerons les informations de commande pendant la p\u00e9riode applicable \u00e0 des fins fiscales et comptables. Cela inclut votre nom, votre adresse e-mail et vos adresses de facturation et de livraison.<\/p>\n<p>Nous stockons \u00e9galement des commentaires ou des avis si vous les laissez.<\/p>\n<h2>Qui dans notre \u00e9quipe a acc\u00e8s<\/h2>\n<p>Les membres de notre \u00e9quipe ont acc\u00e8s aux informations que vous nous communiquez :<\/p>\n<ul>\n<li>Informations de commande telles que ce qui a \u00e9t\u00e9 achet\u00e9, quand il a \u00e9t\u00e9 achet\u00e9 et o\u00f9 il doit \u00eatre envoy\u00e9.<\/li>\n<li>Informations client telles que votre nom, votre adresse e-mail et vos informations de facturation et de livraison.<\/li>\n<\/ul>\n<p>Notre \u00e9quipe a acc\u00e8s \u00e0 ces informations pour ex\u00e9cuter les commandes, traiter les remboursements et fournir une assistance.<\/p>\n<h3>Tes droits<\/h3>\n<p>Verna AB \/ Olsson &amp; Jensen est responsable en tant que responsable du traitement des donn\u00e9es personnelles trait\u00e9es conform\u00e9ment \u00e0 la l\u00e9gislation en vigueur.\u00a0<\/p>\n<p>Si vous avez un compte ou avez post\u00e9 des commentaires sur ce site Internet, vous pouvez demander un fichier d'exportation des donn\u00e9es personnelles que nous d\u00e9tenons \u00e0 votre sujet, y compris les informations que vous nous avez fournies. Vous pouvez \u00e9galement demander que nous supprimions toutes les donn\u00e9es personnelles que nous d\u00e9tenons \u00e0 votre sujet. Cela n'inclut pas les donn\u00e9es que nous sommes tenus de sauvegarder \u00e0 des fins administratives, juridiques ou de s\u00e9curit\u00e9.<\/p>\n<h3>La protection de vos donn\u00e9es personnelles<\/h3>\n<p>Vous pouvez toujours vous sentir en s\u00e9curit\u00e9 lorsque vous nous confiez vos donn\u00e9es personnelles. Verna AB \/ Olsson &amp; Jensen a donc pris les mesures de s\u00e9curit\u00e9 n\u00e9cessaires pour prot\u00e9ger vos donn\u00e9es personnelles contre tout acc\u00e8s, modification et suppression inappropri\u00e9s. Nous ne divulguerons vos donn\u00e9es \u00e0 personne d'autre, sauf comme express\u00e9ment indiqu\u00e9 dans la pr\u00e9sente politique de confidentialit\u00e9.<\/p>\n<h3>Changements<\/h3>\n<p>Verna AB \/ Olsson &amp; Jensen a le droit de modifier la politique de confidentialit\u00e9 \u00e0 tout moment, la modification sera publi\u00e9e ici sur notre site Web sous la politique de confidentialit\u00e9.\u00a0<\/p>\n<h3>Coordonn\u00e9es<\/h3>\n<p>Vous pouvez toujours contacter Verna AB \/ Olsson &amp; Jensen si vous avez des questions sur cette politique de confidentialit\u00e9, le traitement de vos donn\u00e9es personnelles ou si vous souhaitez exercer vos droits conform\u00e9ment \u00e0 cette politique de confidentialit\u00e9 ou \u00e0 la l\u00e9gislation applicable:<\/p>\n<p><b>E-mail<\/b>: gdpr@olssonjensen.com<\/p>\n<\/div>\n\n\t\t<\/div>\n\t\t\t\t\t<\/div>\n\n\t\n\n<\/div>\n<div class=\"row\"  id=\"row-2130879081\">\n\n\n\t<div id=\"col-285662381\" class=\"col small-12 large-12\"  >\n\t\t\t\t<div class=\"col-inner\"  >\n\t\t\t\n\t\t\t\n\n\n\t\t<\/div>\n\t\t\t\t\t<\/div>\n\n\t\n\n<\/div>\n\n\t\t<\/div>\n\n\t\t\n<style>\n#section_2054738922 {\n  padding-top: 30px;\n  padding-bottom: 30px;\n}\n<\/style>\n\t<\/section>","protected":false},"excerpt":{"rendered":"","protected":false},"author":1,"featured_media":0,"parent":0,"menu_order":0,"comment_status":"closed","ping_status":"open","template":"","meta":{"_acf_changed":false,"footnotes":""},"class_list":["post-3","page","type-page","status-publish","hentry"],"acf":[],"yoast_head":"<!-- This site is optimized with the Yoast SEO plugin v27.3 - https:\/\/yoast.com\/product\/yoast-seo-wordpress\/ -->\n<title>Privacy Policy - Olsson &amp; Jensen<\/title>\n<meta name=\"description\" content=\"Olsson &amp; Jensen \u00e4r ett svenskt inredningsf\u00f6retag som s\u00e4ljer vintagem\u00f6bler och inredning till butiker i hela Sverige och flertalet l\u00e4nder.\" \/>\n<meta name=\"robots\" content=\"index, follow, max-snippet:-1, max-image-preview:large, max-video-preview:-1\" \/>\n<link rel=\"canonical\" href=\"https:\/\/olssonjensen.se\/fr\/privacy-policy-2\/\" \/>\n<meta property=\"og:locale\" content=\"fr_FR\" \/>\n<meta property=\"og:type\" content=\"article\" \/>\n<meta property=\"og:title\" content=\"Privacy Policy - Olsson &amp; Jensen\" \/>\n<meta property=\"og:description\" content=\"Olsson &amp; Jensen \u00e4r ett svenskt inredningsf\u00f6retag som s\u00e4ljer vintagem\u00f6bler och inredning till butiker i hela Sverige och flertalet l\u00e4nder.\" \/>\n<meta property=\"og:url\" content=\"https:\/\/olssonjensen.se\/fr\/privacy-policy-2\/\" \/>\n<meta property=\"og:site_name\" content=\"Olsson &amp; Jensen\" \/>\n<meta property=\"article:publisher\" content=\"https:\/\/www.facebook.com\/olssonjensen\" \/>\n<meta property=\"article:modified_time\" content=\"2022-07-12T14:44:07+00:00\" \/>\n<meta name=\"twitter:card\" content=\"summary_large_image\" \/>\n<meta name=\"twitter:label1\" content=\"Dur\u00e9e de lecture estim\u00e9e\" \/>\n\t<meta name=\"twitter:data1\" content=\"4 minutes\" \/>\n<script type=\"application\/ld+json\" class=\"yoast-schema-graph\">{\"@context\":\"https:\\\/\\\/schema.org\",\"@graph\":[{\"@type\":\"WebPage\",\"@id\":\"https:\\\/\\\/olssonjensen.se\\\/privacy-policy-2\\\/\",\"url\":\"https:\\\/\\\/olssonjensen.se\\\/privacy-policy-2\\\/\",\"name\":\"Privacy Policy - Olsson &amp; Jensen\",\"isPartOf\":{\"@id\":\"https:\\\/\\\/olssonjensen.se\\\/#website\"},\"datePublished\":\"2022-04-19T07:54:42+00:00\",\"dateModified\":\"2022-07-12T14:44:07+00:00\",\"description\":\"Olsson & Jensen \u00e4r ett svenskt inredningsf\u00f6retag som s\u00e4ljer vintagem\u00f6bler och inredning till butiker i hela Sverige och flertalet l\u00e4nder.\",\"breadcrumb\":{\"@id\":\"https:\\\/\\\/olssonjensen.se\\\/privacy-policy-2\\\/#breadcrumb\"},\"inLanguage\":\"fr-FR\",\"potentialAction\":[{\"@type\":\"ReadAction\",\"target\":[\"https:\\\/\\\/olssonjensen.se\\\/privacy-policy-2\\\/\"]}]},{\"@type\":\"BreadcrumbList\",\"@id\":\"https:\\\/\\\/olssonjensen.se\\\/privacy-policy-2\\\/#breadcrumb\",\"itemListElement\":[{\"@type\":\"ListItem\",\"position\":1,\"name\":\"Hem\",\"item\":\"https:\\\/\\\/olssonjensen.se\\\/\"},{\"@type\":\"ListItem\",\"position\":2,\"name\":\"Privacy Policy\"}]},{\"@type\":\"WebSite\",\"@id\":\"https:\\\/\\\/olssonjensen.se\\\/#website\",\"url\":\"https:\\\/\\\/olssonjensen.se\\\/\",\"name\":\"Olsson & Jensen\",\"description\":\"Inredning, vintagem\u00f6bler och mycket mer\",\"publisher\":{\"@id\":\"https:\\\/\\\/olssonjensen.se\\\/#organization\"},\"potentialAction\":[{\"@type\":\"SearchAction\",\"target\":{\"@type\":\"EntryPoint\",\"urlTemplate\":\"https:\\\/\\\/olssonjensen.se\\\/?s={search_term_string}\"},\"query-input\":{\"@type\":\"PropertyValueSpecification\",\"valueRequired\":true,\"valueName\":\"search_term_string\"}}],\"inLanguage\":\"fr-FR\"},{\"@type\":\"Organization\",\"@id\":\"https:\\\/\\\/olssonjensen.se\\\/#organization\",\"name\":\"Olsson & Jensen\",\"url\":\"https:\\\/\\\/olssonjensen.se\\\/\",\"logo\":{\"@type\":\"ImageObject\",\"inLanguage\":\"fr-FR\",\"@id\":\"https:\\\/\\\/olssonjensen.se\\\/#\\\/schema\\\/logo\\\/image\\\/\",\"url\":\"https:\\\/\\\/olssonjensen.se\\\/wp-content\\\/uploads\\\/2022\\\/10\\\/oj_google.png\",\"contentUrl\":\"https:\\\/\\\/olssonjensen.se\\\/wp-content\\\/uploads\\\/2022\\\/10\\\/oj_google.png\",\"width\":800,\"height\":615,\"caption\":\"Olsson & Jensen\"},\"image\":{\"@id\":\"https:\\\/\\\/olssonjensen.se\\\/#\\\/schema\\\/logo\\\/image\\\/\"},\"sameAs\":[\"https:\\\/\\\/www.facebook.com\\\/olssonjensen\",\"https:\\\/\\\/www.instagram.com\\\/olssonjensen\\\/\"]}]}<\/script>\n<!-- \/ Yoast SEO plugin. -->","yoast_head_json":{"title":"Privacy Policy - Olsson &amp; Jensen","description":"Olsson & Jensen \u00e4r ett svenskt inredningsf\u00f6retag som s\u00e4ljer vintagem\u00f6bler och inredning till butiker i hela Sverige och flertalet l\u00e4nder.","robots":{"index":"index","follow":"follow","max-snippet":"max-snippet:-1","max-image-preview":"max-image-preview:large","max-video-preview":"max-video-preview:-1"},"canonical":"https:\/\/olssonjensen.se\/fr\/privacy-policy-2\/","og_locale":"fr_FR","og_type":"article","og_title":"Privacy Policy - Olsson &amp; Jensen","og_description":"Olsson & Jensen \u00e4r ett svenskt inredningsf\u00f6retag som s\u00e4ljer vintagem\u00f6bler och inredning till butiker i hela Sverige och flertalet l\u00e4nder.","og_url":"https:\/\/olssonjensen.se\/fr\/privacy-policy-2\/","og_site_name":"Olsson &amp; Jensen","article_publisher":"https:\/\/www.facebook.com\/olssonjensen","article_modified_time":"2022-07-12T14:44:07+00:00","twitter_card":"summary_large_image","twitter_misc":{"Dur\u00e9e de lecture estim\u00e9e":"4 minutes"},"schema":{"@context":"https:\/\/schema.org","@graph":[{"@type":"WebPage","@id":"https:\/\/olssonjensen.se\/privacy-policy-2\/","url":"https:\/\/olssonjensen.se\/privacy-policy-2\/","name":"Privacy Policy - Olsson &amp; Jensen","isPartOf":{"@id":"https:\/\/olssonjensen.se\/#website"},"datePublished":"2022-04-19T07:54:42+00:00","dateModified":"2022-07-12T14:44:07+00:00","description":"Olsson & Jensen \u00e4r ett svenskt inredningsf\u00f6retag som s\u00e4ljer vintagem\u00f6bler och inredning till butiker i hela Sverige och flertalet l\u00e4nder.","breadcrumb":{"@id":"https:\/\/olssonjensen.se\/privacy-policy-2\/#breadcrumb"},"inLanguage":"fr-FR","potentialAction":[{"@type":"ReadAction","target":["https:\/\/olssonjensen.se\/privacy-policy-2\/"]}]},{"@type":"BreadcrumbList","@id":"https:\/\/olssonjensen.se\/privacy-policy-2\/#breadcrumb","itemListElement":[{"@type":"ListItem","position":1,"name":"Hem","item":"https:\/\/olssonjensen.se\/"},{"@type":"ListItem","position":2,"name":"Privacy Policy"}]},{"@type":"WebSite","@id":"https:\/\/olssonjensen.se\/#website","url":"https:\/\/olssonjensen.se\/","name":"Olsson &amp; Jensen","description":"Inredning, vintagem\u00f6bler och mycket mer","publisher":{"@id":"https:\/\/olssonjensen.se\/#organization"},"potentialAction":[{"@type":"SearchAction","target":{"@type":"EntryPoint","urlTemplate":"https:\/\/olssonjensen.se\/?s={search_term_string}"},"query-input":{"@type":"PropertyValueSpecification","valueRequired":true,"valueName":"search_term_string"}}],"inLanguage":"fr-FR"},{"@type":"Organization","@id":"https:\/\/olssonjensen.se\/#organization","name":"Olsson &amp; Jensen","url":"https:\/\/olssonjensen.se\/","logo":{"@type":"ImageObject","inLanguage":"fr-FR","@id":"https:\/\/olssonjensen.se\/#\/schema\/logo\/image\/","url":"https:\/\/olssonjensen.se\/wp-content\/uploads\/2022\/10\/oj_google.png","contentUrl":"https:\/\/olssonjensen.se\/wp-content\/uploads\/2022\/10\/oj_google.png","width":800,"height":615,"caption":"Olsson & Jensen"},"image":{"@id":"https:\/\/olssonjensen.se\/#\/schema\/logo\/image\/"},"sameAs":["https:\/\/www.facebook.com\/olssonjensen","https:\/\/www.instagram.com\/olssonjensen\/"]}]}},"_links":{"self":[{"href":"https:\/\/olssonjensen.se\/fr\/wp-json\/wp\/v2\/pages\/3","targetHints":{"allow":["GET"]}}],"collection":[{"href":"https:\/\/olssonjensen.se\/fr\/wp-json\/wp\/v2\/pages"}],"about":[{"href":"https:\/\/olssonjensen.se\/fr\/wp-json\/wp\/v2\/types\/page"}],"author":[{"embeddable":true,"href":"https:\/\/olssonjensen.se\/fr\/wp-json\/wp\/v2\/users\/1"}],"replies":[{"embeddable":true,"href":"https:\/\/olssonjensen.se\/fr\/wp-json\/wp\/v2\/comments?post=3"}],"version-history":[{"count":11,"href":"https:\/\/olssonjensen.se\/fr\/wp-json\/wp\/v2\/pages\/3\/revisions"}],"predecessor-version":[{"id":10152,"href":"https:\/\/olssonjensen.se\/fr\/wp-json\/wp\/v2\/pages\/3\/revisions\/10152"}],"wp:attachment":[{"href":"https:\/\/olssonjensen.se\/fr\/wp-json\/wp\/v2\/media?parent=3"}],"curies":[{"name":"wp","href":"https:\/\/api.w.org\/{rel}","templated":true}]}}