{"id":6937,"date":"2022-04-19T07:54:42","date_gmt":"2022-04-19T07:54:42","guid":{"rendered":"https:\/\/olssonjensen.se\/privacy-policy\/"},"modified":"2022-06-22T09:52:28","modified_gmt":"2022-06-22T09:52:28","slug":"privacy-policy","status":"publish","type":"page","link":"https:\/\/olssonjensen.se\/fr\/privacy-policy\/","title":{"rendered":"Politique de confidentialit\u00e9"},"content":{"rendered":"<section class=\"section\" id=\"section_1632107771\">\n\t\t<div class=\"section-bg fill\" >\n\t\t\t\t\t\t\t\t\t\n\t\t\t\n\n\t\t<\/div>\n\n\t\t\n\n\t\t<div class=\"section-content relative\">\n\t\t\t\n\n<div class=\"row\"  id=\"row-1441520058\">\n\n\n\t<div id=\"col-1182165964\" class=\"col small-12 large-12\"  >\n\t\t\t\t<div class=\"col-inner\"  >\n\t\t\t\n\t\t\t\n\n<h1>Politique de confidentialit\u00e9<\/h1>\n<p class=\"intro\">VERNA AB, org.nr. 556717-1953, Fabriksgatan 2, 254 74 \u00d6d\u00e5kra (\u201cOlsson &amp; Jensen\u201d) veille \u00e0 ce que vos donn\u00e9es personnelles soient trait\u00e9es dans le respect de la vie priv\u00e9e, avec un bon niveau de protection et conform\u00e9ment \u00e0 la l\u00e9gislation applicable en mati\u00e8re de protection des donn\u00e9es.<\/p>\n<div class=\"main-text-content\">\n<p>La pr\u00e9sente politique de confidentialit\u00e9 d\u00e9crit la mani\u00e8re dont Verna AB \/ Olsson &amp; Jensen traite les informations personnelles vous concernant, que vous soyez un client ou un client potentiel, un repr\u00e9sentant d'une soci\u00e9t\u00e9 qui est un client ou un client potentiel, ou que vous visitiez notre site web. <\/p>\n<p>Si vous avez des questions sur la protection de la vie priv\u00e9e chez Olsson &amp; Jensen, n'h\u00e9sitez pas \u00e0 nous contacter.<\/p>\n<h3>Responsable des donn\u00e9es personnelles<\/h3>\n<p>Olsson &amp; Jensen est responsable du traitement de vos donn\u00e9es personnelles et doit donc veiller \u00e0 ce que vos donn\u00e9es soient trait\u00e9es de mani\u00e8re correcte et s\u00fbre, conform\u00e9ment \u00e0 la l\u00e9gislation applicable.<\/p>\n<h2>Ce que nous collectons et stockons<\/h2>\n<p>Lors de la visite de notre site web, nous suivrons :<\/p>\n<ul>\n<li>Produits que vous avez montr\u00e9s : nous utilisons ces donn\u00e9es pour vous montrer les produits que vous avez r\u00e9cemment consult\u00e9s, par exemple.<\/li>\n<li>Informations relatives \u00e0 la localisation, adresse IP et type de navigateur : nous utilisons ces informations \u00e0 des fins telles que le calcul de la TVA et des frais d'exp\u00e9dition.<\/li>\n<li>Adresse de livraison : nous vous demandons d'indiquer cette adresse afin que nous puissions, par exemple, calculer les frais d'exp\u00e9dition avant la commande et vous envoyer la commande !<\/li>\n<\/ul>\n<p>Nous utilisons \u00e9galement des cookies pour garder une trace du contenu du panier d'achat lorsque vous utilisez notre site web.<\/p>\n<p>Lorsque vous effectuez un achat chez nous, nous vous demandons de nous fournir des informations telles que votre nom, votre adresse de facturation, votre adresse de livraison, votre adresse \u00e9lectronique, votre num\u00e9ro de t\u00e9l\u00e9phone et toute information relative \u00e0 votre compte, comme votre nom d'utilisateur et votre mot de passe. Nous utilisons ces informations \u00e0 des fins telles que<\/p>\n<ul>\n<li>vous envoyer des informations sur votre compte et votre commande<\/li>\n<li>R\u00e9pondre \u00e0 vos questions, y compris les rachats et les r\u00e9clamations<\/li>\n<li>Traiter les paiements et pr\u00e9venir la fraude<\/li>\n<li>Cr\u00e9ez votre compte pour notre magasin<\/li>\n<li>Respecter les obligations l\u00e9gales qui nous incombent, comme le calcul de la TVA<\/li>\n<li>Am\u00e9liorer nos offres<\/li>\n<li>vous envoyer des messages marketing, si vous choisissez de les recevoir<\/li>\n<\/ul>\n<p>Si vous cr\u00e9ez un compte, nous enregistrerons votre nom, votre adresse, votre adresse \u00e9lectronique et votre num\u00e9ro de t\u00e9l\u00e9phone, qui seront utilis\u00e9s pour compl\u00e9ter vos donn\u00e9es lors du paiement de vos futures commandes.<\/p>\n<p>En g\u00e9n\u00e9ral, nous ne conservons les informations vous concernant qu'aussi longtemps que nous en avons besoin aux fins pour lesquelles nous les collectons et les utilisons, et aussi longtemps que nous ne sommes pas l\u00e9galement oblig\u00e9s de les conserver. Par exemple, nous conservons les informations relatives aux commandes pour la p\u00e9riode en cours \u00e0 des fins fiscales et comptables. Il s'agit de votre nom, de votre adresse \u00e9lectronique et de vos adresses de facturation et de livraison.<\/p>\n<p>Nous conservons \u00e9galement les commentaires ou les \u00e9valuations, si vous les laissez.<\/p>\n<h2>Qui, dans notre \u00e9quipe, a acc\u00e8s<\/h2>\n<p>Les membres de notre \u00e9quipe ont acc\u00e8s aux informations que vous nous communiquez :<\/p>\n<ul>\n<li>Les informations relatives aux commandes, telles que les produits achet\u00e9s, la date d'achat et le lieu d'exp\u00e9dition, ainsi que<\/li>\n<li>Les informations relatives aux clients, telles que votre nom, votre adresse \u00e9lectronique et les informations relatives \u00e0 la facturation et \u00e0 la livraison.<\/li>\n<\/ul>\n<p>Notre \u00e9quipe a acc\u00e8s \u00e0 ces informations pour ex\u00e9cuter les commandes, effectuer les remboursements et fournir une assistance.<\/p>\n<h3>Vos droits<\/h3>\n<p>Verna AB \/ Olsson &amp; Jensen, en tant que responsable des donn\u00e9es personnelles, est charg\u00e9 de veiller \u00e0 ce que vos donn\u00e9es personnelles soient trait\u00e9es conform\u00e9ment \u00e0 la l\u00e9gislation en vigueur. <\/p>\n<p>Si vous avez un compte ou si vous avez \u00e9crit des commentaires sur ce site web, vous pouvez demander un fichier d'exportation contenant les informations personnelles que nous poss\u00e9dons \u00e0 votre sujet, y compris toutes les informations que vous nous avez fournies. Vous pouvez \u00e9galement nous demander de supprimer toutes les informations personnelles que nous poss\u00e9dons \u00e0 votre sujet. Cela n'inclut pas les informations que nous devons conserver \u00e0 des fins administratives, juridiques ou de s\u00e9curit\u00e9.<\/p>\n<h3>La protection de vos donn\u00e9es personnelles<\/h3>\n<p>Vous pouvez toujours vous sentir en s\u00e9curit\u00e9 lorsque vous nous soumettez vos informations personnelles. Verna AB \/ Olsson &amp; Jensen a donc pris les mesures de s\u00e9curit\u00e9 n\u00e9cessaires pour prot\u00e9ger vos donn\u00e9es personnelles contre l'acc\u00e8s non autoris\u00e9, la modification et la suppression. Nous ne divulguerons vos informations \u00e0 personne d'autre que ce qui est express\u00e9ment indiqu\u00e9 dans la pr\u00e9sente politique de confidentialit\u00e9.<\/p>\n<h3>Changements<\/h3>\n<p>Verna AB \/ Olsson &amp; Jensen a le droit de modifier la politique de confidentialit\u00e9 \u00e0 tout moment. Les modifications seront publi\u00e9es sur notre site Web sous la rubrique \"Politique de confidentialit\u00e9\". <\/p>\n<h3>Informations sur les contacts<\/h3>\n<p>Vous pouvez toujours contacter Verna AB \/ Olsson &amp; Jensen si vous avez des questions concernant cette politique de confidentialit\u00e9, le traitement de vos donn\u00e9es personnelles ou si vous souhaitez exercer vos droits en vertu de cette politique de confidentialit\u00e9 ou de la loi applicable :<br><br><b>Courriel<\/b> : gdpr@olssonjensen.com<br><br><\/p>\n<\/div>\n\n\t\t<\/div>\n\t\t\t\t\t<\/div>\n\n\t\n\n<\/div>\n<div class=\"row\"  id=\"row-930264719\">\n\n\n\t<div id=\"col-1232754709\" class=\"col small-12 large-12\"  >\n\t\t\t\t<div class=\"col-inner\"  >\n\t\t\t\n\t\t\t\n\n\n\t\t<\/div>\n\t\t\t\t\t<\/div>\n\n\t\n\n<\/div>\n\n\t\t<\/div>\n\n\t\t\n<style>\n#section_1632107771 {\n  padding-top: 30px;\n  padding-bottom: 30px;\n}\n<\/style>\n\t<\/section>","protected":false},"excerpt":{"rendered":"","protected":false},"author":1,"featured_media":0,"parent":0,"menu_order":0,"comment_status":"closed","ping_status":"open","template":"","meta":{"_acf_changed":false,"footnotes":""},"class_list":["post-6937","page","type-page","status-publish","hentry"],"acf":[],"yoast_head":"<!-- This site is optimized with the Yoast SEO plugin v27.4 - https:\/\/yoast.com\/product\/yoast-seo-wordpress\/ -->\n<title>Privacy Policy - Olsson &amp; Jensen<\/title>\n<meta name=\"description\" content=\"Olsson &amp; Jensen \u00e4r ett svenskt inredningsf\u00f6retag som s\u00e4ljer vintagem\u00f6bler och inredning till butiker i hela Sverige och flertalet l\u00e4nder.\" \/>\n<meta name=\"robots\" content=\"index, follow, max-snippet:-1, max-image-preview:large, max-video-preview:-1\" \/>\n<link rel=\"canonical\" href=\"https:\/\/olssonjensen.se\/fr\/privacy-policy\/\" \/>\n<meta property=\"og:locale\" content=\"fr_FR\" \/>\n<meta property=\"og:type\" content=\"article\" \/>\n<meta property=\"og:title\" content=\"Privacy Policy - Olsson &amp; Jensen\" \/>\n<meta property=\"og:description\" content=\"Olsson &amp; Jensen \u00e4r ett svenskt inredningsf\u00f6retag som s\u00e4ljer vintagem\u00f6bler och inredning till butiker i hela Sverige och flertalet l\u00e4nder.\" \/>\n<meta property=\"og:url\" content=\"https:\/\/olssonjensen.se\/fr\/privacy-policy\/\" \/>\n<meta property=\"og:site_name\" content=\"Olsson &amp; Jensen\" \/>\n<meta property=\"article:publisher\" content=\"https:\/\/www.facebook.com\/olssonjensen\" \/>\n<meta property=\"article:modified_time\" content=\"2022-06-22T09:52:28+00:00\" \/>\n<meta name=\"twitter:card\" content=\"summary_large_image\" \/>\n<meta name=\"twitter:label1\" content=\"Dur\u00e9e de lecture estim\u00e9e\" \/>\n\t<meta name=\"twitter:data1\" content=\"4 minutes\" \/>\n<script type=\"application\/ld+json\" class=\"yoast-schema-graph\">{\"@context\":\"https:\\\/\\\/schema.org\",\"@graph\":[{\"@type\":\"WebPage\",\"@id\":\"https:\\\/\\\/olssonjensen.se\\\/privacy-policy\\\/\",\"url\":\"https:\\\/\\\/olssonjensen.se\\\/privacy-policy\\\/\",\"name\":\"Privacy Policy - Olsson &amp; Jensen\",\"isPartOf\":{\"@id\":\"https:\\\/\\\/olssonjensen.se\\\/#website\"},\"datePublished\":\"2022-04-19T07:54:42+00:00\",\"dateModified\":\"2022-06-22T09:52:28+00:00\",\"description\":\"Olsson & Jensen \u00e4r ett svenskt inredningsf\u00f6retag som s\u00e4ljer vintagem\u00f6bler och inredning till butiker i hela Sverige och flertalet l\u00e4nder.\",\"breadcrumb\":{\"@id\":\"https:\\\/\\\/olssonjensen.se\\\/privacy-policy\\\/#breadcrumb\"},\"inLanguage\":\"fr-FR\",\"potentialAction\":[{\"@type\":\"ReadAction\",\"target\":[\"https:\\\/\\\/olssonjensen.se\\\/privacy-policy\\\/\"]}]},{\"@type\":\"BreadcrumbList\",\"@id\":\"https:\\\/\\\/olssonjensen.se\\\/privacy-policy\\\/#breadcrumb\",\"itemListElement\":[{\"@type\":\"ListItem\",\"position\":1,\"name\":\"Hem\",\"item\":\"https:\\\/\\\/olssonjensen.se\\\/\"},{\"@type\":\"ListItem\",\"position\":2,\"name\":\"Privacy Policy\"}]},{\"@type\":\"WebSite\",\"@id\":\"https:\\\/\\\/olssonjensen.se\\\/#website\",\"url\":\"https:\\\/\\\/olssonjensen.se\\\/\",\"name\":\"Olsson & Jensen\",\"description\":\"Inredning, vintagem\u00f6bler och mycket mer\",\"publisher\":{\"@id\":\"https:\\\/\\\/olssonjensen.se\\\/#organization\"},\"potentialAction\":[{\"@type\":\"SearchAction\",\"target\":{\"@type\":\"EntryPoint\",\"urlTemplate\":\"https:\\\/\\\/olssonjensen.se\\\/?s={search_term_string}\"},\"query-input\":{\"@type\":\"PropertyValueSpecification\",\"valueRequired\":true,\"valueName\":\"search_term_string\"}}],\"inLanguage\":\"fr-FR\"},{\"@type\":\"Organization\",\"@id\":\"https:\\\/\\\/olssonjensen.se\\\/#organization\",\"name\":\"Olsson & Jensen\",\"url\":\"https:\\\/\\\/olssonjensen.se\\\/\",\"logo\":{\"@type\":\"ImageObject\",\"inLanguage\":\"fr-FR\",\"@id\":\"https:\\\/\\\/olssonjensen.se\\\/#\\\/schema\\\/logo\\\/image\\\/\",\"url\":\"https:\\\/\\\/olssonjensen.se\\\/wp-content\\\/uploads\\\/2022\\\/10\\\/oj_google.png\",\"contentUrl\":\"https:\\\/\\\/olssonjensen.se\\\/wp-content\\\/uploads\\\/2022\\\/10\\\/oj_google.png\",\"width\":800,\"height\":615,\"caption\":\"Olsson & Jensen\"},\"image\":{\"@id\":\"https:\\\/\\\/olssonjensen.se\\\/#\\\/schema\\\/logo\\\/image\\\/\"},\"sameAs\":[\"https:\\\/\\\/www.facebook.com\\\/olssonjensen\",\"https:\\\/\\\/www.instagram.com\\\/olssonjensen\\\/\"]}]}<\/script>\n<!-- \/ Yoast SEO plugin. -->","yoast_head_json":{"title":"Privacy Policy - Olsson &amp; Jensen","description":"Olsson & Jensen \u00e4r ett svenskt inredningsf\u00f6retag som s\u00e4ljer vintagem\u00f6bler och inredning till butiker i hela Sverige och flertalet l\u00e4nder.","robots":{"index":"index","follow":"follow","max-snippet":"max-snippet:-1","max-image-preview":"max-image-preview:large","max-video-preview":"max-video-preview:-1"},"canonical":"https:\/\/olssonjensen.se\/fr\/privacy-policy\/","og_locale":"fr_FR","og_type":"article","og_title":"Privacy Policy - Olsson &amp; Jensen","og_description":"Olsson & Jensen \u00e4r ett svenskt inredningsf\u00f6retag som s\u00e4ljer vintagem\u00f6bler och inredning till butiker i hela Sverige och flertalet l\u00e4nder.","og_url":"https:\/\/olssonjensen.se\/fr\/privacy-policy\/","og_site_name":"Olsson &amp; Jensen","article_publisher":"https:\/\/www.facebook.com\/olssonjensen","article_modified_time":"2022-06-22T09:52:28+00:00","twitter_card":"summary_large_image","twitter_misc":{"Dur\u00e9e de lecture estim\u00e9e":"4 minutes"},"schema":{"@context":"https:\/\/schema.org","@graph":[{"@type":"WebPage","@id":"https:\/\/olssonjensen.se\/privacy-policy\/","url":"https:\/\/olssonjensen.se\/privacy-policy\/","name":"Privacy Policy - Olsson &amp; Jensen","isPartOf":{"@id":"https:\/\/olssonjensen.se\/#website"},"datePublished":"2022-04-19T07:54:42+00:00","dateModified":"2022-06-22T09:52:28+00:00","description":"Olsson & Jensen \u00e4r ett svenskt inredningsf\u00f6retag som s\u00e4ljer vintagem\u00f6bler och inredning till butiker i hela Sverige och flertalet l\u00e4nder.","breadcrumb":{"@id":"https:\/\/olssonjensen.se\/privacy-policy\/#breadcrumb"},"inLanguage":"fr-FR","potentialAction":[{"@type":"ReadAction","target":["https:\/\/olssonjensen.se\/privacy-policy\/"]}]},{"@type":"BreadcrumbList","@id":"https:\/\/olssonjensen.se\/privacy-policy\/#breadcrumb","itemListElement":[{"@type":"ListItem","position":1,"name":"Hem","item":"https:\/\/olssonjensen.se\/"},{"@type":"ListItem","position":2,"name":"Privacy Policy"}]},{"@type":"WebSite","@id":"https:\/\/olssonjensen.se\/#website","url":"https:\/\/olssonjensen.se\/","name":"Olsson &amp; Jensen","description":"Inredning, vintagem\u00f6bler och mycket mer","publisher":{"@id":"https:\/\/olssonjensen.se\/#organization"},"potentialAction":[{"@type":"SearchAction","target":{"@type":"EntryPoint","urlTemplate":"https:\/\/olssonjensen.se\/?s={search_term_string}"},"query-input":{"@type":"PropertyValueSpecification","valueRequired":true,"valueName":"search_term_string"}}],"inLanguage":"fr-FR"},{"@type":"Organization","@id":"https:\/\/olssonjensen.se\/#organization","name":"Olsson &amp; Jensen","url":"https:\/\/olssonjensen.se\/","logo":{"@type":"ImageObject","inLanguage":"fr-FR","@id":"https:\/\/olssonjensen.se\/#\/schema\/logo\/image\/","url":"https:\/\/olssonjensen.se\/wp-content\/uploads\/2022\/10\/oj_google.png","contentUrl":"https:\/\/olssonjensen.se\/wp-content\/uploads\/2022\/10\/oj_google.png","width":800,"height":615,"caption":"Olsson & Jensen"},"image":{"@id":"https:\/\/olssonjensen.se\/#\/schema\/logo\/image\/"},"sameAs":["https:\/\/www.facebook.com\/olssonjensen","https:\/\/www.instagram.com\/olssonjensen\/"]}]}},"_links":{"self":[{"href":"https:\/\/olssonjensen.se\/fr\/wp-json\/wp\/v2\/pages\/6937","targetHints":{"allow":["GET"]}}],"collection":[{"href":"https:\/\/olssonjensen.se\/fr\/wp-json\/wp\/v2\/pages"}],"about":[{"href":"https:\/\/olssonjensen.se\/fr\/wp-json\/wp\/v2\/types\/page"}],"author":[{"embeddable":true,"href":"https:\/\/olssonjensen.se\/fr\/wp-json\/wp\/v2\/users\/1"}],"replies":[{"embeddable":true,"href":"https:\/\/olssonjensen.se\/fr\/wp-json\/wp\/v2\/comments?post=6937"}],"version-history":[{"count":1,"href":"https:\/\/olssonjensen.se\/fr\/wp-json\/wp\/v2\/pages\/6937\/revisions"}],"predecessor-version":[{"id":6938,"href":"https:\/\/olssonjensen.se\/fr\/wp-json\/wp\/v2\/pages\/6937\/revisions\/6938"}],"wp:attachment":[{"href":"https:\/\/olssonjensen.se\/fr\/wp-json\/wp\/v2\/media?parent=6937"}],"curies":[{"name":"wp","href":"https:\/\/api.w.org\/{rel}","templated":true}]}}