{"id":24977,"date":"2023-12-05T10:23:59","date_gmt":"2023-12-05T08:23:59","guid":{"rendered":"https:\/\/olssonjensen.se\/produkt\/nilla-ros-12-cm\/"},"modified":"2026-04-22T13:08:23","modified_gmt":"2026-04-22T11:08:23","slug":"nilla-ros-12-cm","status":"publish","type":"product","link":"https:\/\/olssonjensen.se\/fr\/produit\/nilla-ros-12-cm\/","title":{"rendered":"Photophore Nilla rose 12cm"},"content":{"rendered":"<p>De nombreux clients disent que Nilla est une s\u00e9rie color\u00e9e et originale, et nous pensons qu'elle est \u00e9galement magnifique. Souffl\u00e9e \u00e0 la bouche, chaque pi\u00e8ce poss\u00e8de un bord transparent marqu\u00e9 en bas qui lui donne une expression raffin\u00e9e. Nilla peut \u00eatre combin\u00e9e parfaitement avec nos autres photophores, comme les s\u00e9ries Leah et Helix.<\/p>","protected":false},"excerpt":{"rendered":"<p>De nombreux clients disent que Nilla est une s\u00e9rie color\u00e9e et originale, et nous pensons qu'elle est \u00e9galement magnifique. Souffl\u00e9e \u00e0 la bouche, chaque pi\u00e8ce poss\u00e8de un bord transparent marqu\u00e9 en bas qui lui donne une expression raffin\u00e9e. Nilla peut \u00eatre combin\u00e9e parfaitement avec nos autres photophores, comme les s\u00e9ries Leah et Helix.<\/p>","protected":false},"featured_media":25092,"template":"","meta":{"_acf_changed":false},"product_brand":[],"product_cat":[84,86,169],"product_tag":[348],"class_list":{"0":"post-24977","1":"product","2":"type-product","3":"status-publish","4":"has-post-thumbnail","6":"product_cat-ljus","7":"product_cat-ljuskoppar","8":"product_cat-nillafamilj","9":"product_tag-hostmys","11":"first","12":"instock","13":"taxable","14":"shipping-taxable","15":"purchasable","16":"product-type-simple"},"acf":[],"meta_data":[],"shsp-ext":{"main":{},"variations":[]},"yoast_head":"<!-- This site is optimized with the Yoast SEO plugin v27.4 - https:\/\/yoast.com\/product\/yoast-seo-wordpress\/ -->\n<title>Nilla ros 12 cm - Olsson &amp; Jensen<\/title>\n<meta name=\"robots\" content=\"index, follow, max-snippet:-1, max-image-preview:large, max-video-preview:-1\" \/>\n<link rel=\"canonical\" href=\"https:\/\/olssonjensen.se\/fr\/produit\/nilla-ros-12-cm\/\" \/>\n<meta property=\"og:locale\" content=\"fr_FR\" \/>\n<meta property=\"og:type\" content=\"article\" \/>\n<meta property=\"og:title\" content=\"Nilla ros 12 cm - Olsson &amp; Jensen\" \/>\n<meta property=\"og:description\" content=\"M\u00e5nga kunder s\u00e4ger att Nilla \u00e4r originalet av f\u00e4rgade ljuslyktor, vi tycker ocks\u00e5 att den \u00e4r ursnygg. Den \u00e4r munbl\u00e5st och har en markerad genomskinlig kant nertill som ger den ett exklusivt uttryck. Nilla \u00e4r fina att kombinera med varandra och \u00e4ven tillsammans med ljuslyktorna Leah och Helix.\" \/>\n<meta property=\"og:url\" content=\"https:\/\/olssonjensen.se\/fr\/produit\/nilla-ros-12-cm\/\" \/>\n<meta property=\"og:site_name\" content=\"Olsson &amp; Jensen\" \/>\n<meta property=\"article:publisher\" content=\"https:\/\/www.facebook.com\/olssonjensen\" \/>\n<meta property=\"article:modified_time\" content=\"2026-04-22T11:08:23+00:00\" \/>\n<meta property=\"og:image\" content=\"https:\/\/olssonjensen.se\/wp-content\/uploads\/2023\/12\/PE012455.jpg\" \/>\n\t<meta property=\"og:image:width\" content=\"1470\" \/>\n\t<meta property=\"og:image:height\" content=\"1470\" \/>\n\t<meta property=\"og:image:type\" content=\"image\/jpeg\" \/>\n<meta name=\"twitter:card\" content=\"summary_large_image\" \/>\n<meta name=\"twitter:label1\" content=\"Dur\u00e9e de lecture estim\u00e9e\" \/>\n\t<meta name=\"twitter:data1\" content=\"1 minute\" \/>\n<script type=\"application\/ld+json\" class=\"yoast-schema-graph\">{\"@context\":\"https:\\\/\\\/schema.org\",\"@graph\":[{\"@type\":\"WebPage\",\"@id\":\"https:\\\/\\\/olssonjensen.se\\\/produkt\\\/nilla-ros-12-cm\\\/\",\"url\":\"https:\\\/\\\/olssonjensen.se\\\/produkt\\\/nilla-ros-12-cm\\\/\",\"name\":\"Nilla ros 12 cm - Olsson &amp; Jensen\",\"isPartOf\":{\"@id\":\"https:\\\/\\\/olssonjensen.se\\\/#website\"},\"primaryImageOfPage\":{\"@id\":\"https:\\\/\\\/olssonjensen.se\\\/produkt\\\/nilla-ros-12-cm\\\/#primaryimage\"},\"image\":{\"@id\":\"https:\\\/\\\/olssonjensen.se\\\/produkt\\\/nilla-ros-12-cm\\\/#primaryimage\"},\"thumbnailUrl\":\"https:\\\/\\\/olssonjensen.se\\\/wp-content\\\/uploads\\\/2023\\\/12\\\/PE012455.jpg\",\"datePublished\":\"2023-12-05T08:23:59+00:00\",\"dateModified\":\"2026-04-22T11:08:23+00:00\",\"breadcrumb\":{\"@id\":\"https:\\\/\\\/olssonjensen.se\\\/produkt\\\/nilla-ros-12-cm\\\/#breadcrumb\"},\"inLanguage\":\"fr-FR\",\"potentialAction\":[{\"@type\":\"ReadAction\",\"target\":[\"https:\\\/\\\/olssonjensen.se\\\/produkt\\\/nilla-ros-12-cm\\\/\"]}]},{\"@type\":\"ImageObject\",\"inLanguage\":\"fr-FR\",\"@id\":\"https:\\\/\\\/olssonjensen.se\\\/produkt\\\/nilla-ros-12-cm\\\/#primaryimage\",\"url\":\"https:\\\/\\\/olssonjensen.se\\\/wp-content\\\/uploads\\\/2023\\\/12\\\/PE012455.jpg\",\"contentUrl\":\"https:\\\/\\\/olssonjensen.se\\\/wp-content\\\/uploads\\\/2023\\\/12\\\/PE012455.jpg\",\"width\":1470,\"height\":1470},{\"@type\":\"BreadcrumbList\",\"@id\":\"https:\\\/\\\/olssonjensen.se\\\/produkt\\\/nilla-ros-12-cm\\\/#breadcrumb\",\"itemListElement\":[{\"@type\":\"ListItem\",\"position\":1,\"name\":\"Hem\",\"item\":\"https:\\\/\\\/olssonjensen.se\\\/\"},{\"@type\":\"ListItem\",\"position\":2,\"name\":\"Shop\",\"item\":\"https:\\\/\\\/olssonjensen.se\\\/shop\\\/\"},{\"@type\":\"ListItem\",\"position\":3,\"name\":\"Nilla ros 12 cm\"}]},{\"@type\":\"WebSite\",\"@id\":\"https:\\\/\\\/olssonjensen.se\\\/#website\",\"url\":\"https:\\\/\\\/olssonjensen.se\\\/\",\"name\":\"Olsson & Jensen\",\"description\":\"Inredning, vintagem\u00f6bler och mycket mer\",\"publisher\":{\"@id\":\"https:\\\/\\\/olssonjensen.se\\\/#organization\"},\"potentialAction\":[{\"@type\":\"SearchAction\",\"target\":{\"@type\":\"EntryPoint\",\"urlTemplate\":\"https:\\\/\\\/olssonjensen.se\\\/?s={search_term_string}\"},\"query-input\":{\"@type\":\"PropertyValueSpecification\",\"valueRequired\":true,\"valueName\":\"search_term_string\"}}],\"inLanguage\":\"fr-FR\"},{\"@type\":\"Organization\",\"@id\":\"https:\\\/\\\/olssonjensen.se\\\/#organization\",\"name\":\"Olsson & Jensen\",\"url\":\"https:\\\/\\\/olssonjensen.se\\\/\",\"logo\":{\"@type\":\"ImageObject\",\"inLanguage\":\"fr-FR\",\"@id\":\"https:\\\/\\\/olssonjensen.se\\\/#\\\/schema\\\/logo\\\/image\\\/\",\"url\":\"https:\\\/\\\/olssonjensen.se\\\/wp-content\\\/uploads\\\/2022\\\/10\\\/oj_google.png\",\"contentUrl\":\"https:\\\/\\\/olssonjensen.se\\\/wp-content\\\/uploads\\\/2022\\\/10\\\/oj_google.png\",\"width\":800,\"height\":615,\"caption\":\"Olsson & Jensen\"},\"image\":{\"@id\":\"https:\\\/\\\/olssonjensen.se\\\/#\\\/schema\\\/logo\\\/image\\\/\"},\"sameAs\":[\"https:\\\/\\\/www.facebook.com\\\/olssonjensen\",\"https:\\\/\\\/www.instagram.com\\\/olssonjensen\\\/\"]}]}<\/script>\n<!-- \/ Yoast SEO plugin. -->","yoast_head_json":{"title":"Nilla ros 12 cm - Olsson &amp; Jensen","robots":{"index":"index","follow":"follow","max-snippet":"max-snippet:-1","max-image-preview":"max-image-preview:large","max-video-preview":"max-video-preview:-1"},"canonical":"https:\/\/olssonjensen.se\/fr\/produit\/nilla-ros-12-cm\/","og_locale":"fr_FR","og_type":"article","og_title":"Nilla ros 12 cm - Olsson &amp; Jensen","og_description":"M\u00e5nga kunder s\u00e4ger att Nilla \u00e4r originalet av f\u00e4rgade ljuslyktor, vi tycker ocks\u00e5 att den \u00e4r ursnygg. Den \u00e4r munbl\u00e5st och har en markerad genomskinlig kant nertill som ger den ett exklusivt uttryck. Nilla \u00e4r fina att kombinera med varandra och \u00e4ven tillsammans med ljuslyktorna Leah och Helix.","og_url":"https:\/\/olssonjensen.se\/fr\/produit\/nilla-ros-12-cm\/","og_site_name":"Olsson &amp; Jensen","article_publisher":"https:\/\/www.facebook.com\/olssonjensen","article_modified_time":"2026-04-22T11:08:23+00:00","og_image":[{"width":1470,"height":1470,"url":"https:\/\/olssonjensen.se\/wp-content\/uploads\/2023\/12\/PE012455.jpg","type":"image\/jpeg"}],"twitter_card":"summary_large_image","twitter_misc":{"Dur\u00e9e de lecture estim\u00e9e":"1 minute"},"schema":{"@context":"https:\/\/schema.org","@graph":[{"@type":"WebPage","@id":"https:\/\/olssonjensen.se\/produkt\/nilla-ros-12-cm\/","url":"https:\/\/olssonjensen.se\/produkt\/nilla-ros-12-cm\/","name":"Nilla ros 12 cm - Olsson &amp; Jensen","isPartOf":{"@id":"https:\/\/olssonjensen.se\/#website"},"primaryImageOfPage":{"@id":"https:\/\/olssonjensen.se\/produkt\/nilla-ros-12-cm\/#primaryimage"},"image":{"@id":"https:\/\/olssonjensen.se\/produkt\/nilla-ros-12-cm\/#primaryimage"},"thumbnailUrl":"https:\/\/olssonjensen.se\/wp-content\/uploads\/2023\/12\/PE012455.jpg","datePublished":"2023-12-05T08:23:59+00:00","dateModified":"2026-04-22T11:08:23+00:00","breadcrumb":{"@id":"https:\/\/olssonjensen.se\/produkt\/nilla-ros-12-cm\/#breadcrumb"},"inLanguage":"fr-FR","potentialAction":[{"@type":"ReadAction","target":["https:\/\/olssonjensen.se\/produkt\/nilla-ros-12-cm\/"]}]},{"@type":"ImageObject","inLanguage":"fr-FR","@id":"https:\/\/olssonjensen.se\/produkt\/nilla-ros-12-cm\/#primaryimage","url":"https:\/\/olssonjensen.se\/wp-content\/uploads\/2023\/12\/PE012455.jpg","contentUrl":"https:\/\/olssonjensen.se\/wp-content\/uploads\/2023\/12\/PE012455.jpg","width":1470,"height":1470},{"@type":"BreadcrumbList","@id":"https:\/\/olssonjensen.se\/produkt\/nilla-ros-12-cm\/#breadcrumb","itemListElement":[{"@type":"ListItem","position":1,"name":"Hem","item":"https:\/\/olssonjensen.se\/"},{"@type":"ListItem","position":2,"name":"Shop","item":"https:\/\/olssonjensen.se\/shop\/"},{"@type":"ListItem","position":3,"name":"Nilla ros 12 cm"}]},{"@type":"WebSite","@id":"https:\/\/olssonjensen.se\/#website","url":"https:\/\/olssonjensen.se\/","name":"Olsson &amp; Jensen","description":"Inredning, vintagem\u00f6bler och mycket mer","publisher":{"@id":"https:\/\/olssonjensen.se\/#organization"},"potentialAction":[{"@type":"SearchAction","target":{"@type":"EntryPoint","urlTemplate":"https:\/\/olssonjensen.se\/?s={search_term_string}"},"query-input":{"@type":"PropertyValueSpecification","valueRequired":true,"valueName":"search_term_string"}}],"inLanguage":"fr-FR"},{"@type":"Organization","@id":"https:\/\/olssonjensen.se\/#organization","name":"Olsson &amp; Jensen","url":"https:\/\/olssonjensen.se\/","logo":{"@type":"ImageObject","inLanguage":"fr-FR","@id":"https:\/\/olssonjensen.se\/#\/schema\/logo\/image\/","url":"https:\/\/olssonjensen.se\/wp-content\/uploads\/2022\/10\/oj_google.png","contentUrl":"https:\/\/olssonjensen.se\/wp-content\/uploads\/2022\/10\/oj_google.png","width":800,"height":615,"caption":"Olsson & Jensen"},"image":{"@id":"https:\/\/olssonjensen.se\/#\/schema\/logo\/image\/"},"sameAs":["https:\/\/www.facebook.com\/olssonjensen","https:\/\/www.instagram.com\/olssonjensen\/"]}]}},"_links":{"self":[{"href":"https:\/\/olssonjensen.se\/fr\/wp-json\/wp\/v2\/product\/24977","targetHints":{"allow":["GET"]}}],"collection":[{"href":"https:\/\/olssonjensen.se\/fr\/wp-json\/wp\/v2\/product"}],"about":[{"href":"https:\/\/olssonjensen.se\/fr\/wp-json\/wp\/v2\/types\/product"}],"wp:featuredmedia":[{"embeddable":true,"href":"https:\/\/olssonjensen.se\/fr\/wp-json\/wp\/v2\/media\/25092"}],"wp:attachment":[{"href":"https:\/\/olssonjensen.se\/fr\/wp-json\/wp\/v2\/media?parent=24977"}],"wp:term":[{"taxonomy":"product_brand","embeddable":true,"href":"https:\/\/olssonjensen.se\/fr\/wp-json\/wp\/v2\/product_brand?post=24977"},{"taxonomy":"product_cat","embeddable":true,"href":"https:\/\/olssonjensen.se\/fr\/wp-json\/wp\/v2\/product_cat?post=24977"},{"taxonomy":"product_tag","embeddable":true,"href":"https:\/\/olssonjensen.se\/fr\/wp-json\/wp\/v2\/product_tag?post=24977"}],"curies":[{"name":"wp","href":"https:\/\/api.w.org\/{rel}","templated":true}]}}