{"id":2923,"date":"2022-05-18T20:03:37","date_gmt":"2022-05-18T20:03:37","guid":{"rendered":"https:\/\/olssonjensen.se\/product\/yolanda-kanna\/"},"modified":"2026-04-17T14:18:21","modified_gmt":"2026-04-17T12:18:21","slug":"yolanda-kanna","status":"publish","type":"product","link":"https:\/\/olssonjensen.se\/fr\/produit\/yolanda-kanna\/","title":{"rendered":"Cruche Yolanda"},"content":{"rendered":"<p>Yolanda est une s\u00e9rie populaire en gr\u00e8s peint et \u00e9maill\u00e9. Elle apporte une touche de fantaisie au blanc classique. Ce produit est peint \u00e0 la main et l'aspect, la couleur et la finition peuvent donc varier d'un pot \u00e0 l'autre.<\/p>","protected":false},"excerpt":{"rendered":"<p>Yolanda est une s\u00e9rie populaire en gr\u00e8s peint et \u00e9maill\u00e9. Elle apporte une touche de fantaisie au blanc classique. Ce produit est peint \u00e0 la main et l'aspect, la couleur et la finition peuvent donc varier d'un pot \u00e0 l'autre.<\/p>","protected":false},"featured_media":14107,"template":"","meta":{"_acf_changed":false},"product_brand":[],"product_cat":[155,78,163],"product_tag":[],"class_list":{"0":"post-2923","1":"product","2":"type-product","3":"status-publish","4":"has-post-thumbnail","6":"product_cat-kannorkaraffer","7":"product_cat-kok","8":"product_cat-yolandafamilj","10":"first","11":"instock","12":"taxable","13":"shipping-taxable","14":"purchasable","15":"product-type-simple"},"acf":[],"meta_data":[],"shsp-ext":{"main":{},"variations":[]},"yoast_head":"<!-- This site is optimized with the Yoast SEO plugin v27.3 - https:\/\/yoast.com\/product\/yoast-seo-wordpress\/ -->\n<title>Yolanda kanna - Olsson &amp; Jensen<\/title>\n<meta name=\"robots\" content=\"index, follow, max-snippet:-1, max-image-preview:large, max-video-preview:-1\" \/>\n<link rel=\"canonical\" href=\"https:\/\/olssonjensen.se\/fr\/produit\/yolanda-kanna\/\" \/>\n<meta property=\"og:locale\" content=\"fr_FR\" \/>\n<meta property=\"og:type\" content=\"article\" \/>\n<meta property=\"og:title\" content=\"Yolanda kanna - Olsson &amp; Jensen\" \/>\n<meta property=\"og:description\" content=\"Yolanda \u00e4r en omtyckt serie i m\u00e5lat och glaserat stengods. En tvist p\u00e5 det klassiskt vita. Denna produkt \u00e4r handm\u00e5lad och utseende, f\u00e4rg och finish kan d\u00e4rf\u00f6r skilja fr\u00e5n kanna till kanna.\" \/>\n<meta property=\"og:url\" content=\"https:\/\/olssonjensen.se\/fr\/produit\/yolanda-kanna\/\" \/>\n<meta property=\"og:site_name\" content=\"Olsson &amp; Jensen\" \/>\n<meta property=\"article:publisher\" content=\"https:\/\/www.facebook.com\/olssonjensen\" \/>\n<meta property=\"article:modified_time\" content=\"2026-04-17T12:18:21+00:00\" \/>\n<meta property=\"og:image\" content=\"https:\/\/olssonjensen.se\/wp-content\/uploads\/2022\/05\/HI010510-1.jpg\" \/>\n\t<meta property=\"og:image:width\" content=\"1000\" \/>\n\t<meta property=\"og:image:height\" content=\"1000\" \/>\n\t<meta property=\"og:image:type\" content=\"image\/jpeg\" \/>\n<meta name=\"twitter:card\" content=\"summary_large_image\" \/>\n<meta name=\"twitter:label1\" content=\"Dur\u00e9e de lecture estim\u00e9e\" \/>\n\t<meta name=\"twitter:data1\" content=\"1 minute\" \/>\n<script type=\"application\/ld+json\" class=\"yoast-schema-graph\">{\"@context\":\"https:\\\/\\\/schema.org\",\"@graph\":[{\"@type\":\"WebPage\",\"@id\":\"https:\\\/\\\/olssonjensen.se\\\/produkt\\\/yolanda-kanna\\\/\",\"url\":\"https:\\\/\\\/olssonjensen.se\\\/produkt\\\/yolanda-kanna\\\/\",\"name\":\"Yolanda kanna - Olsson &amp; Jensen\",\"isPartOf\":{\"@id\":\"https:\\\/\\\/olssonjensen.se\\\/#website\"},\"primaryImageOfPage\":{\"@id\":\"https:\\\/\\\/olssonjensen.se\\\/produkt\\\/yolanda-kanna\\\/#primaryimage\"},\"image\":{\"@id\":\"https:\\\/\\\/olssonjensen.se\\\/produkt\\\/yolanda-kanna\\\/#primaryimage\"},\"thumbnailUrl\":\"https:\\\/\\\/olssonjensen.se\\\/wp-content\\\/uploads\\\/2022\\\/05\\\/HI010510-1.jpg\",\"datePublished\":\"2022-05-18T20:03:37+00:00\",\"dateModified\":\"2026-04-17T12:18:21+00:00\",\"breadcrumb\":{\"@id\":\"https:\\\/\\\/olssonjensen.se\\\/produkt\\\/yolanda-kanna\\\/#breadcrumb\"},\"inLanguage\":\"fr-FR\",\"potentialAction\":[{\"@type\":\"ReadAction\",\"target\":[\"https:\\\/\\\/olssonjensen.se\\\/produkt\\\/yolanda-kanna\\\/\"]}]},{\"@type\":\"ImageObject\",\"inLanguage\":\"fr-FR\",\"@id\":\"https:\\\/\\\/olssonjensen.se\\\/produkt\\\/yolanda-kanna\\\/#primaryimage\",\"url\":\"https:\\\/\\\/olssonjensen.se\\\/wp-content\\\/uploads\\\/2022\\\/05\\\/HI010510-1.jpg\",\"contentUrl\":\"https:\\\/\\\/olssonjensen.se\\\/wp-content\\\/uploads\\\/2022\\\/05\\\/HI010510-1.jpg\",\"width\":1000,\"height\":1000},{\"@type\":\"BreadcrumbList\",\"@id\":\"https:\\\/\\\/olssonjensen.se\\\/produkt\\\/yolanda-kanna\\\/#breadcrumb\",\"itemListElement\":[{\"@type\":\"ListItem\",\"position\":1,\"name\":\"Hem\",\"item\":\"https:\\\/\\\/olssonjensen.se\\\/\"},{\"@type\":\"ListItem\",\"position\":2,\"name\":\"Shop\",\"item\":\"https:\\\/\\\/olssonjensen.se\\\/shop\\\/\"},{\"@type\":\"ListItem\",\"position\":3,\"name\":\"Yolanda kanna\"}]},{\"@type\":\"WebSite\",\"@id\":\"https:\\\/\\\/olssonjensen.se\\\/#website\",\"url\":\"https:\\\/\\\/olssonjensen.se\\\/\",\"name\":\"Olsson & Jensen\",\"description\":\"Inredning, vintagem\u00f6bler och mycket mer\",\"publisher\":{\"@id\":\"https:\\\/\\\/olssonjensen.se\\\/#organization\"},\"potentialAction\":[{\"@type\":\"SearchAction\",\"target\":{\"@type\":\"EntryPoint\",\"urlTemplate\":\"https:\\\/\\\/olssonjensen.se\\\/?s={search_term_string}\"},\"query-input\":{\"@type\":\"PropertyValueSpecification\",\"valueRequired\":true,\"valueName\":\"search_term_string\"}}],\"inLanguage\":\"fr-FR\"},{\"@type\":\"Organization\",\"@id\":\"https:\\\/\\\/olssonjensen.se\\\/#organization\",\"name\":\"Olsson & Jensen\",\"url\":\"https:\\\/\\\/olssonjensen.se\\\/\",\"logo\":{\"@type\":\"ImageObject\",\"inLanguage\":\"fr-FR\",\"@id\":\"https:\\\/\\\/olssonjensen.se\\\/#\\\/schema\\\/logo\\\/image\\\/\",\"url\":\"https:\\\/\\\/olssonjensen.se\\\/wp-content\\\/uploads\\\/2022\\\/10\\\/oj_google.png\",\"contentUrl\":\"https:\\\/\\\/olssonjensen.se\\\/wp-content\\\/uploads\\\/2022\\\/10\\\/oj_google.png\",\"width\":800,\"height\":615,\"caption\":\"Olsson & Jensen\"},\"image\":{\"@id\":\"https:\\\/\\\/olssonjensen.se\\\/#\\\/schema\\\/logo\\\/image\\\/\"},\"sameAs\":[\"https:\\\/\\\/www.facebook.com\\\/olssonjensen\",\"https:\\\/\\\/www.instagram.com\\\/olssonjensen\\\/\"]}]}<\/script>\n<!-- \/ Yoast SEO plugin. -->","yoast_head_json":{"title":"Yolanda kanna - Olsson &amp; Jensen","robots":{"index":"index","follow":"follow","max-snippet":"max-snippet:-1","max-image-preview":"max-image-preview:large","max-video-preview":"max-video-preview:-1"},"canonical":"https:\/\/olssonjensen.se\/fr\/produit\/yolanda-kanna\/","og_locale":"fr_FR","og_type":"article","og_title":"Yolanda kanna - Olsson &amp; Jensen","og_description":"Yolanda \u00e4r en omtyckt serie i m\u00e5lat och glaserat stengods. En tvist p\u00e5 det klassiskt vita. Denna produkt \u00e4r handm\u00e5lad och utseende, f\u00e4rg och finish kan d\u00e4rf\u00f6r skilja fr\u00e5n kanna till kanna.","og_url":"https:\/\/olssonjensen.se\/fr\/produit\/yolanda-kanna\/","og_site_name":"Olsson &amp; Jensen","article_publisher":"https:\/\/www.facebook.com\/olssonjensen","article_modified_time":"2026-04-17T12:18:21+00:00","og_image":[{"width":1000,"height":1000,"url":"https:\/\/olssonjensen.se\/wp-content\/uploads\/2022\/05\/HI010510-1.jpg","type":"image\/jpeg"}],"twitter_card":"summary_large_image","twitter_misc":{"Dur\u00e9e de lecture estim\u00e9e":"1 minute"},"schema":{"@context":"https:\/\/schema.org","@graph":[{"@type":"WebPage","@id":"https:\/\/olssonjensen.se\/produkt\/yolanda-kanna\/","url":"https:\/\/olssonjensen.se\/produkt\/yolanda-kanna\/","name":"Yolanda kanna - Olsson &amp; Jensen","isPartOf":{"@id":"https:\/\/olssonjensen.se\/#website"},"primaryImageOfPage":{"@id":"https:\/\/olssonjensen.se\/produkt\/yolanda-kanna\/#primaryimage"},"image":{"@id":"https:\/\/olssonjensen.se\/produkt\/yolanda-kanna\/#primaryimage"},"thumbnailUrl":"https:\/\/olssonjensen.se\/wp-content\/uploads\/2022\/05\/HI010510-1.jpg","datePublished":"2022-05-18T20:03:37+00:00","dateModified":"2026-04-17T12:18:21+00:00","breadcrumb":{"@id":"https:\/\/olssonjensen.se\/produkt\/yolanda-kanna\/#breadcrumb"},"inLanguage":"fr-FR","potentialAction":[{"@type":"ReadAction","target":["https:\/\/olssonjensen.se\/produkt\/yolanda-kanna\/"]}]},{"@type":"ImageObject","inLanguage":"fr-FR","@id":"https:\/\/olssonjensen.se\/produkt\/yolanda-kanna\/#primaryimage","url":"https:\/\/olssonjensen.se\/wp-content\/uploads\/2022\/05\/HI010510-1.jpg","contentUrl":"https:\/\/olssonjensen.se\/wp-content\/uploads\/2022\/05\/HI010510-1.jpg","width":1000,"height":1000},{"@type":"BreadcrumbList","@id":"https:\/\/olssonjensen.se\/produkt\/yolanda-kanna\/#breadcrumb","itemListElement":[{"@type":"ListItem","position":1,"name":"Hem","item":"https:\/\/olssonjensen.se\/"},{"@type":"ListItem","position":2,"name":"Shop","item":"https:\/\/olssonjensen.se\/shop\/"},{"@type":"ListItem","position":3,"name":"Yolanda kanna"}]},{"@type":"WebSite","@id":"https:\/\/olssonjensen.se\/#website","url":"https:\/\/olssonjensen.se\/","name":"Olsson &amp; Jensen","description":"Inredning, vintagem\u00f6bler och mycket mer","publisher":{"@id":"https:\/\/olssonjensen.se\/#organization"},"potentialAction":[{"@type":"SearchAction","target":{"@type":"EntryPoint","urlTemplate":"https:\/\/olssonjensen.se\/?s={search_term_string}"},"query-input":{"@type":"PropertyValueSpecification","valueRequired":true,"valueName":"search_term_string"}}],"inLanguage":"fr-FR"},{"@type":"Organization","@id":"https:\/\/olssonjensen.se\/#organization","name":"Olsson &amp; Jensen","url":"https:\/\/olssonjensen.se\/","logo":{"@type":"ImageObject","inLanguage":"fr-FR","@id":"https:\/\/olssonjensen.se\/#\/schema\/logo\/image\/","url":"https:\/\/olssonjensen.se\/wp-content\/uploads\/2022\/10\/oj_google.png","contentUrl":"https:\/\/olssonjensen.se\/wp-content\/uploads\/2022\/10\/oj_google.png","width":800,"height":615,"caption":"Olsson & Jensen"},"image":{"@id":"https:\/\/olssonjensen.se\/#\/schema\/logo\/image\/"},"sameAs":["https:\/\/www.facebook.com\/olssonjensen","https:\/\/www.instagram.com\/olssonjensen\/"]}]}},"_links":{"self":[{"href":"https:\/\/olssonjensen.se\/fr\/wp-json\/wp\/v2\/product\/2923","targetHints":{"allow":["GET"]}}],"collection":[{"href":"https:\/\/olssonjensen.se\/fr\/wp-json\/wp\/v2\/product"}],"about":[{"href":"https:\/\/olssonjensen.se\/fr\/wp-json\/wp\/v2\/types\/product"}],"wp:featuredmedia":[{"embeddable":true,"href":"https:\/\/olssonjensen.se\/fr\/wp-json\/wp\/v2\/media\/14107"}],"wp:attachment":[{"href":"https:\/\/olssonjensen.se\/fr\/wp-json\/wp\/v2\/media?parent=2923"}],"wp:term":[{"taxonomy":"product_brand","embeddable":true,"href":"https:\/\/olssonjensen.se\/fr\/wp-json\/wp\/v2\/product_brand?post=2923"},{"taxonomy":"product_cat","embeddable":true,"href":"https:\/\/olssonjensen.se\/fr\/wp-json\/wp\/v2\/product_cat?post=2923"},{"taxonomy":"product_tag","embeddable":true,"href":"https:\/\/olssonjensen.se\/fr\/wp-json\/wp\/v2\/product_tag?post=2923"}],"curies":[{"name":"wp","href":"https:\/\/api.w.org\/{rel}","templated":true}]}}