{"id":30006,"date":"2024-05-16T14:27:34","date_gmt":"2024-05-16T12:27:34","guid":{"rendered":"https:\/\/olssonjensen.se\/produkt\/ibiza-kuddfodral-raffia-svart-40x70\/"},"modified":"2026-03-31T14:16:21","modified_gmt":"2026-03-31T12:16:21","slug":"ibiza-kuddfodral-raffia-svart-40x70","status":"publish","type":"product","link":"https:\/\/olssonjensen.se\/fr\/produit\/ibiza-kuddfodral-raffia-svart-40x70\/","title":{"rendered":"Housse de coussin Ibiza noir 40\u00d770"},"content":{"rendered":"","protected":false},"excerpt":{"rendered":"<p>Housse de coussin fabriqu\u00e9e \u00e0 la main en raphia tiss\u00e9, un mat\u00e9riau naturel provenant des feuilles du palmier raphia. Ce mat\u00e9riau conf\u00e8re \u00e0 la housse de coussin un caract\u00e8re et une structure uniques.<\/p>","protected":false},"featured_media":37508,"template":"","meta":{"_acf_changed":false},"product_brand":[],"product_cat":[94,92],"product_tag":[],"class_list":{"0":"post-30006","1":"product","2":"type-product","3":"status-publish","4":"has-post-thumbnail","6":"product_cat-kuddfodralinnerkuddar","7":"product_cat-textilier","9":"first","10":"instock","11":"taxable","12":"shipping-taxable","13":"purchasable","14":"product-type-simple"},"acf":[],"meta_data":[],"shsp-ext":{"main":{},"variations":[]},"yoast_head":"<!-- This site is optimized with the Yoast SEO plugin v27.4 - https:\/\/yoast.com\/product\/yoast-seo-wordpress\/ -->\n<title>Ibiza kuddfodral svart 40x70 - Olsson &amp; Jensen<\/title>\n<meta name=\"robots\" content=\"index, follow, max-snippet:-1, max-image-preview:large, max-video-preview:-1\" \/>\n<link rel=\"canonical\" href=\"https:\/\/olssonjensen.se\/fr\/produit\/ibiza-kuddfodral-raffia-svart-40x70\/\" \/>\n<meta property=\"og:locale\" content=\"fr_FR\" \/>\n<meta property=\"og:type\" content=\"article\" \/>\n<meta property=\"og:title\" content=\"Ibiza kuddfodral svart 40x70 - Olsson &amp; Jensen\" \/>\n<meta property=\"og:description\" content=\"Handgjort kuddfodral tillverkat av v\u00e4vd raffia, ett naturmaterial som kommer fr\u00e5n blad p\u00e5 raffiapalmen. Detta ger kuddfodralet en unik karakt\u00e4r och struktur.\" \/>\n<meta property=\"og:url\" content=\"https:\/\/olssonjensen.se\/fr\/produit\/ibiza-kuddfodral-raffia-svart-40x70\/\" \/>\n<meta property=\"og:site_name\" content=\"Olsson &amp; Jensen\" \/>\n<meta property=\"article:publisher\" content=\"https:\/\/www.facebook.com\/olssonjensen\" \/>\n<meta property=\"article:modified_time\" content=\"2026-03-31T12:16:21+00:00\" \/>\n<meta property=\"og:image\" content=\"https:\/\/olssonjensen.se\/wp-content\/uploads\/2024\/05\/FS010020_new.jpg\" \/>\n\t<meta property=\"og:image:width\" content=\"1200\" \/>\n\t<meta property=\"og:image:height\" content=\"1800\" \/>\n\t<meta property=\"og:image:type\" content=\"image\/jpeg\" \/>\n<meta name=\"twitter:card\" content=\"summary_large_image\" \/>\n<meta name=\"twitter:label1\" content=\"Dur\u00e9e de lecture estim\u00e9e\" \/>\n\t<meta name=\"twitter:data1\" content=\"1 minute\" \/>\n<script type=\"application\/ld+json\" class=\"yoast-schema-graph\">{\"@context\":\"https:\\\/\\\/schema.org\",\"@graph\":[{\"@type\":\"WebPage\",\"@id\":\"https:\\\/\\\/olssonjensen.se\\\/produkt\\\/ibiza-kuddfodral-raffia-svart-40x70\\\/\",\"url\":\"https:\\\/\\\/olssonjensen.se\\\/produkt\\\/ibiza-kuddfodral-raffia-svart-40x70\\\/\",\"name\":\"Ibiza kuddfodral svart 40x70 - Olsson &amp; Jensen\",\"isPartOf\":{\"@id\":\"https:\\\/\\\/olssonjensen.se\\\/#website\"},\"primaryImageOfPage\":{\"@id\":\"https:\\\/\\\/olssonjensen.se\\\/produkt\\\/ibiza-kuddfodral-raffia-svart-40x70\\\/#primaryimage\"},\"image\":{\"@id\":\"https:\\\/\\\/olssonjensen.se\\\/produkt\\\/ibiza-kuddfodral-raffia-svart-40x70\\\/#primaryimage\"},\"thumbnailUrl\":\"https:\\\/\\\/olssonjensen.se\\\/wp-content\\\/uploads\\\/2024\\\/05\\\/FS010020_new.jpg\",\"datePublished\":\"2024-05-16T12:27:34+00:00\",\"dateModified\":\"2026-03-31T12:16:21+00:00\",\"breadcrumb\":{\"@id\":\"https:\\\/\\\/olssonjensen.se\\\/produkt\\\/ibiza-kuddfodral-raffia-svart-40x70\\\/#breadcrumb\"},\"inLanguage\":\"fr-FR\",\"potentialAction\":[{\"@type\":\"ReadAction\",\"target\":[\"https:\\\/\\\/olssonjensen.se\\\/produkt\\\/ibiza-kuddfodral-raffia-svart-40x70\\\/\"]}]},{\"@type\":\"ImageObject\",\"inLanguage\":\"fr-FR\",\"@id\":\"https:\\\/\\\/olssonjensen.se\\\/produkt\\\/ibiza-kuddfodral-raffia-svart-40x70\\\/#primaryimage\",\"url\":\"https:\\\/\\\/olssonjensen.se\\\/wp-content\\\/uploads\\\/2024\\\/05\\\/FS010020_new.jpg\",\"contentUrl\":\"https:\\\/\\\/olssonjensen.se\\\/wp-content\\\/uploads\\\/2024\\\/05\\\/FS010020_new.jpg\",\"width\":1200,\"height\":1800},{\"@type\":\"BreadcrumbList\",\"@id\":\"https:\\\/\\\/olssonjensen.se\\\/produkt\\\/ibiza-kuddfodral-raffia-svart-40x70\\\/#breadcrumb\",\"itemListElement\":[{\"@type\":\"ListItem\",\"position\":1,\"name\":\"Hem\",\"item\":\"https:\\\/\\\/olssonjensen.se\\\/\"},{\"@type\":\"ListItem\",\"position\":2,\"name\":\"Shop\",\"item\":\"https:\\\/\\\/olssonjensen.se\\\/shop\\\/\"},{\"@type\":\"ListItem\",\"position\":3,\"name\":\"Ibiza kuddfodral svart 40&#215;70\"}]},{\"@type\":\"WebSite\",\"@id\":\"https:\\\/\\\/olssonjensen.se\\\/#website\",\"url\":\"https:\\\/\\\/olssonjensen.se\\\/\",\"name\":\"Olsson & Jensen\",\"description\":\"Inredning, vintagem\u00f6bler och mycket mer\",\"publisher\":{\"@id\":\"https:\\\/\\\/olssonjensen.se\\\/#organization\"},\"potentialAction\":[{\"@type\":\"SearchAction\",\"target\":{\"@type\":\"EntryPoint\",\"urlTemplate\":\"https:\\\/\\\/olssonjensen.se\\\/?s={search_term_string}\"},\"query-input\":{\"@type\":\"PropertyValueSpecification\",\"valueRequired\":true,\"valueName\":\"search_term_string\"}}],\"inLanguage\":\"fr-FR\"},{\"@type\":\"Organization\",\"@id\":\"https:\\\/\\\/olssonjensen.se\\\/#organization\",\"name\":\"Olsson & Jensen\",\"url\":\"https:\\\/\\\/olssonjensen.se\\\/\",\"logo\":{\"@type\":\"ImageObject\",\"inLanguage\":\"fr-FR\",\"@id\":\"https:\\\/\\\/olssonjensen.se\\\/#\\\/schema\\\/logo\\\/image\\\/\",\"url\":\"https:\\\/\\\/olssonjensen.se\\\/wp-content\\\/uploads\\\/2022\\\/10\\\/oj_google.png\",\"contentUrl\":\"https:\\\/\\\/olssonjensen.se\\\/wp-content\\\/uploads\\\/2022\\\/10\\\/oj_google.png\",\"width\":800,\"height\":615,\"caption\":\"Olsson & Jensen\"},\"image\":{\"@id\":\"https:\\\/\\\/olssonjensen.se\\\/#\\\/schema\\\/logo\\\/image\\\/\"},\"sameAs\":[\"https:\\\/\\\/www.facebook.com\\\/olssonjensen\",\"https:\\\/\\\/www.instagram.com\\\/olssonjensen\\\/\"]}]}<\/script>\n<!-- \/ Yoast SEO plugin. -->","yoast_head_json":{"title":"Ibiza kuddfodral svart 40x70 - Olsson &amp; Jensen","robots":{"index":"index","follow":"follow","max-snippet":"max-snippet:-1","max-image-preview":"max-image-preview:large","max-video-preview":"max-video-preview:-1"},"canonical":"https:\/\/olssonjensen.se\/fr\/produit\/ibiza-kuddfodral-raffia-svart-40x70\/","og_locale":"fr_FR","og_type":"article","og_title":"Ibiza kuddfodral svart 40x70 - Olsson &amp; Jensen","og_description":"Handgjort kuddfodral tillverkat av v\u00e4vd raffia, ett naturmaterial som kommer fr\u00e5n blad p\u00e5 raffiapalmen. Detta ger kuddfodralet en unik karakt\u00e4r och struktur.","og_url":"https:\/\/olssonjensen.se\/fr\/produit\/ibiza-kuddfodral-raffia-svart-40x70\/","og_site_name":"Olsson &amp; Jensen","article_publisher":"https:\/\/www.facebook.com\/olssonjensen","article_modified_time":"2026-03-31T12:16:21+00:00","og_image":[{"width":1200,"height":1800,"url":"https:\/\/olssonjensen.se\/wp-content\/uploads\/2024\/05\/FS010020_new.jpg","type":"image\/jpeg"}],"twitter_card":"summary_large_image","twitter_misc":{"Dur\u00e9e de lecture estim\u00e9e":"1 minute"},"schema":{"@context":"https:\/\/schema.org","@graph":[{"@type":"WebPage","@id":"https:\/\/olssonjensen.se\/produkt\/ibiza-kuddfodral-raffia-svart-40x70\/","url":"https:\/\/olssonjensen.se\/produkt\/ibiza-kuddfodral-raffia-svart-40x70\/","name":"Ibiza kuddfodral svart 40x70 - Olsson &amp; Jensen","isPartOf":{"@id":"https:\/\/olssonjensen.se\/#website"},"primaryImageOfPage":{"@id":"https:\/\/olssonjensen.se\/produkt\/ibiza-kuddfodral-raffia-svart-40x70\/#primaryimage"},"image":{"@id":"https:\/\/olssonjensen.se\/produkt\/ibiza-kuddfodral-raffia-svart-40x70\/#primaryimage"},"thumbnailUrl":"https:\/\/olssonjensen.se\/wp-content\/uploads\/2024\/05\/FS010020_new.jpg","datePublished":"2024-05-16T12:27:34+00:00","dateModified":"2026-03-31T12:16:21+00:00","breadcrumb":{"@id":"https:\/\/olssonjensen.se\/produkt\/ibiza-kuddfodral-raffia-svart-40x70\/#breadcrumb"},"inLanguage":"fr-FR","potentialAction":[{"@type":"ReadAction","target":["https:\/\/olssonjensen.se\/produkt\/ibiza-kuddfodral-raffia-svart-40x70\/"]}]},{"@type":"ImageObject","inLanguage":"fr-FR","@id":"https:\/\/olssonjensen.se\/produkt\/ibiza-kuddfodral-raffia-svart-40x70\/#primaryimage","url":"https:\/\/olssonjensen.se\/wp-content\/uploads\/2024\/05\/FS010020_new.jpg","contentUrl":"https:\/\/olssonjensen.se\/wp-content\/uploads\/2024\/05\/FS010020_new.jpg","width":1200,"height":1800},{"@type":"BreadcrumbList","@id":"https:\/\/olssonjensen.se\/produkt\/ibiza-kuddfodral-raffia-svart-40x70\/#breadcrumb","itemListElement":[{"@type":"ListItem","position":1,"name":"Hem","item":"https:\/\/olssonjensen.se\/"},{"@type":"ListItem","position":2,"name":"Shop","item":"https:\/\/olssonjensen.se\/shop\/"},{"@type":"ListItem","position":3,"name":"Ibiza kuddfodral svart 40&#215;70"}]},{"@type":"WebSite","@id":"https:\/\/olssonjensen.se\/#website","url":"https:\/\/olssonjensen.se\/","name":"Olsson &amp; Jensen","description":"Inredning, vintagem\u00f6bler och mycket mer","publisher":{"@id":"https:\/\/olssonjensen.se\/#organization"},"potentialAction":[{"@type":"SearchAction","target":{"@type":"EntryPoint","urlTemplate":"https:\/\/olssonjensen.se\/?s={search_term_string}"},"query-input":{"@type":"PropertyValueSpecification","valueRequired":true,"valueName":"search_term_string"}}],"inLanguage":"fr-FR"},{"@type":"Organization","@id":"https:\/\/olssonjensen.se\/#organization","name":"Olsson &amp; Jensen","url":"https:\/\/olssonjensen.se\/","logo":{"@type":"ImageObject","inLanguage":"fr-FR","@id":"https:\/\/olssonjensen.se\/#\/schema\/logo\/image\/","url":"https:\/\/olssonjensen.se\/wp-content\/uploads\/2022\/10\/oj_google.png","contentUrl":"https:\/\/olssonjensen.se\/wp-content\/uploads\/2022\/10\/oj_google.png","width":800,"height":615,"caption":"Olsson & Jensen"},"image":{"@id":"https:\/\/olssonjensen.se\/#\/schema\/logo\/image\/"},"sameAs":["https:\/\/www.facebook.com\/olssonjensen","https:\/\/www.instagram.com\/olssonjensen\/"]}]}},"_links":{"self":[{"href":"https:\/\/olssonjensen.se\/fr\/wp-json\/wp\/v2\/product\/30006","targetHints":{"allow":["GET"]}}],"collection":[{"href":"https:\/\/olssonjensen.se\/fr\/wp-json\/wp\/v2\/product"}],"about":[{"href":"https:\/\/olssonjensen.se\/fr\/wp-json\/wp\/v2\/types\/product"}],"wp:featuredmedia":[{"embeddable":true,"href":"https:\/\/olssonjensen.se\/fr\/wp-json\/wp\/v2\/media\/37508"}],"wp:attachment":[{"href":"https:\/\/olssonjensen.se\/fr\/wp-json\/wp\/v2\/media?parent=30006"}],"wp:term":[{"taxonomy":"product_brand","embeddable":true,"href":"https:\/\/olssonjensen.se\/fr\/wp-json\/wp\/v2\/product_brand?post=30006"},{"taxonomy":"product_cat","embeddable":true,"href":"https:\/\/olssonjensen.se\/fr\/wp-json\/wp\/v2\/product_cat?post=30006"},{"taxonomy":"product_tag","embeddable":true,"href":"https:\/\/olssonjensen.se\/fr\/wp-json\/wp\/v2\/product_tag?post=30006"}],"curies":[{"name":"wp","href":"https:\/\/api.w.org\/{rel}","templated":true}]}}