{"id":30009,"date":"2024-05-16T14:27:40","date_gmt":"2024-05-16T12:27:40","guid":{"rendered":"https:\/\/olssonjensen.se\/produkt\/bloem-kuddfodral-bomull-svart-40x70\/"},"modified":"2026-03-31T14:16:23","modified_gmt":"2026-03-31T12:16:23","slug":"bloem-kuddfodral-bomull-svart-40x70","status":"publish","type":"product","link":"https:\/\/olssonjensen.se\/fr\/produit\/bloem-kuddfodral-bomull-svart-40x70\/","title":{"rendered":"Housse de coussin Bloem noir 40x70"},"content":{"rendered":"<p>L'\u00e9co-impression est une technique d'impression respectueuse de l'environnement dans laquelle des mat\u00e9riaux naturels tels que des feuilles et des fleurs cr\u00e9ent des motifs uniques. Le choix des plantes et leur emplacement influencent les motifs, ce qui conf\u00e8re \u00e0 chaque housse de coussin un design unique.<\/p>","protected":false},"excerpt":{"rendered":"<p>Housse de coussin en coton avec un motif imprim\u00e9 avec des mat\u00e9riaux naturels<\/p>","protected":false},"featured_media":37484,"template":"","meta":{"_acf_changed":false},"product_brand":[],"product_cat":[94,92],"product_tag":[],"class_list":{"0":"post-30009","1":"product","2":"type-product","3":"status-publish","4":"has-post-thumbnail","6":"product_cat-kuddfodralinnerkuddar","7":"product_cat-textilier","9":"first","10":"instock","11":"taxable","12":"shipping-taxable","13":"purchasable","14":"product-type-simple"},"acf":[],"meta_data":[],"shsp-ext":{"main":{},"variations":[]},"yoast_head":"<!-- This site is optimized with the Yoast SEO plugin v27.4 - https:\/\/yoast.com\/product\/yoast-seo-wordpress\/ -->\n<title>Bloem kuddfodral svart 40x70 - Olsson &amp; Jensen<\/title>\n<meta name=\"robots\" content=\"index, follow, max-snippet:-1, max-image-preview:large, max-video-preview:-1\" \/>\n<link rel=\"canonical\" href=\"https:\/\/olssonjensen.se\/fr\/produit\/bloem-kuddfodral-bomull-svart-40x70\/\" \/>\n<meta property=\"og:locale\" content=\"fr_FR\" \/>\n<meta property=\"og:type\" content=\"article\" \/>\n<meta property=\"og:title\" content=\"Bloem kuddfodral svart 40x70 - Olsson &amp; Jensen\" \/>\n<meta property=\"og:description\" content=\"Kuddfodral i bomull med ett m\u00f6nster tryckt ekologiskt med naturliga material.\" \/>\n<meta property=\"og:url\" content=\"https:\/\/olssonjensen.se\/fr\/produit\/bloem-kuddfodral-bomull-svart-40x70\/\" \/>\n<meta property=\"og:site_name\" content=\"Olsson &amp; Jensen\" \/>\n<meta property=\"article:publisher\" content=\"https:\/\/www.facebook.com\/olssonjensen\" \/>\n<meta property=\"article:modified_time\" content=\"2026-03-31T12:16:23+00:00\" \/>\n<meta property=\"og:image\" content=\"https:\/\/olssonjensen.se\/wp-content\/uploads\/2024\/05\/FS010320-new.jpg\" \/>\n\t<meta property=\"og:image:width\" content=\"1200\" \/>\n\t<meta property=\"og:image:height\" content=\"1800\" \/>\n\t<meta property=\"og:image:type\" content=\"image\/jpeg\" \/>\n<meta name=\"twitter:card\" content=\"summary_large_image\" \/>\n<meta name=\"twitter:label1\" content=\"Dur\u00e9e de lecture estim\u00e9e\" \/>\n\t<meta name=\"twitter:data1\" content=\"1 minute\" \/>\n<script type=\"application\/ld+json\" class=\"yoast-schema-graph\">{\"@context\":\"https:\\\/\\\/schema.org\",\"@graph\":[{\"@type\":\"WebPage\",\"@id\":\"https:\\\/\\\/olssonjensen.se\\\/produkt\\\/bloem-kuddfodral-bomull-svart-40x70\\\/\",\"url\":\"https:\\\/\\\/olssonjensen.se\\\/produkt\\\/bloem-kuddfodral-bomull-svart-40x70\\\/\",\"name\":\"Bloem kuddfodral svart 40x70 - Olsson &amp; Jensen\",\"isPartOf\":{\"@id\":\"https:\\\/\\\/olssonjensen.se\\\/#website\"},\"primaryImageOfPage\":{\"@id\":\"https:\\\/\\\/olssonjensen.se\\\/produkt\\\/bloem-kuddfodral-bomull-svart-40x70\\\/#primaryimage\"},\"image\":{\"@id\":\"https:\\\/\\\/olssonjensen.se\\\/produkt\\\/bloem-kuddfodral-bomull-svart-40x70\\\/#primaryimage\"},\"thumbnailUrl\":\"https:\\\/\\\/olssonjensen.se\\\/wp-content\\\/uploads\\\/2024\\\/05\\\/FS010320-new.jpg\",\"datePublished\":\"2024-05-16T12:27:40+00:00\",\"dateModified\":\"2026-03-31T12:16:23+00:00\",\"breadcrumb\":{\"@id\":\"https:\\\/\\\/olssonjensen.se\\\/produkt\\\/bloem-kuddfodral-bomull-svart-40x70\\\/#breadcrumb\"},\"inLanguage\":\"fr-FR\",\"potentialAction\":[{\"@type\":\"ReadAction\",\"target\":[\"https:\\\/\\\/olssonjensen.se\\\/produkt\\\/bloem-kuddfodral-bomull-svart-40x70\\\/\"]}]},{\"@type\":\"ImageObject\",\"inLanguage\":\"fr-FR\",\"@id\":\"https:\\\/\\\/olssonjensen.se\\\/produkt\\\/bloem-kuddfodral-bomull-svart-40x70\\\/#primaryimage\",\"url\":\"https:\\\/\\\/olssonjensen.se\\\/wp-content\\\/uploads\\\/2024\\\/05\\\/FS010320-new.jpg\",\"contentUrl\":\"https:\\\/\\\/olssonjensen.se\\\/wp-content\\\/uploads\\\/2024\\\/05\\\/FS010320-new.jpg\",\"width\":1200,\"height\":1800},{\"@type\":\"BreadcrumbList\",\"@id\":\"https:\\\/\\\/olssonjensen.se\\\/produkt\\\/bloem-kuddfodral-bomull-svart-40x70\\\/#breadcrumb\",\"itemListElement\":[{\"@type\":\"ListItem\",\"position\":1,\"name\":\"Hem\",\"item\":\"https:\\\/\\\/olssonjensen.se\\\/\"},{\"@type\":\"ListItem\",\"position\":2,\"name\":\"Shop\",\"item\":\"https:\\\/\\\/olssonjensen.se\\\/shop\\\/\"},{\"@type\":\"ListItem\",\"position\":3,\"name\":\"Bloem kuddfodral svart 40&#215;70\"}]},{\"@type\":\"WebSite\",\"@id\":\"https:\\\/\\\/olssonjensen.se\\\/#website\",\"url\":\"https:\\\/\\\/olssonjensen.se\\\/\",\"name\":\"Olsson & Jensen\",\"description\":\"Inredning, vintagem\u00f6bler och mycket mer\",\"publisher\":{\"@id\":\"https:\\\/\\\/olssonjensen.se\\\/#organization\"},\"potentialAction\":[{\"@type\":\"SearchAction\",\"target\":{\"@type\":\"EntryPoint\",\"urlTemplate\":\"https:\\\/\\\/olssonjensen.se\\\/?s={search_term_string}\"},\"query-input\":{\"@type\":\"PropertyValueSpecification\",\"valueRequired\":true,\"valueName\":\"search_term_string\"}}],\"inLanguage\":\"fr-FR\"},{\"@type\":\"Organization\",\"@id\":\"https:\\\/\\\/olssonjensen.se\\\/#organization\",\"name\":\"Olsson & Jensen\",\"url\":\"https:\\\/\\\/olssonjensen.se\\\/\",\"logo\":{\"@type\":\"ImageObject\",\"inLanguage\":\"fr-FR\",\"@id\":\"https:\\\/\\\/olssonjensen.se\\\/#\\\/schema\\\/logo\\\/image\\\/\",\"url\":\"https:\\\/\\\/olssonjensen.se\\\/wp-content\\\/uploads\\\/2022\\\/10\\\/oj_google.png\",\"contentUrl\":\"https:\\\/\\\/olssonjensen.se\\\/wp-content\\\/uploads\\\/2022\\\/10\\\/oj_google.png\",\"width\":800,\"height\":615,\"caption\":\"Olsson & Jensen\"},\"image\":{\"@id\":\"https:\\\/\\\/olssonjensen.se\\\/#\\\/schema\\\/logo\\\/image\\\/\"},\"sameAs\":[\"https:\\\/\\\/www.facebook.com\\\/olssonjensen\",\"https:\\\/\\\/www.instagram.com\\\/olssonjensen\\\/\"]}]}<\/script>\n<!-- \/ Yoast SEO plugin. -->","yoast_head_json":{"title":"Bloem kuddfodral svart 40x70 - Olsson &amp; Jensen","robots":{"index":"index","follow":"follow","max-snippet":"max-snippet:-1","max-image-preview":"max-image-preview:large","max-video-preview":"max-video-preview:-1"},"canonical":"https:\/\/olssonjensen.se\/fr\/produit\/bloem-kuddfodral-bomull-svart-40x70\/","og_locale":"fr_FR","og_type":"article","og_title":"Bloem kuddfodral svart 40x70 - Olsson &amp; Jensen","og_description":"Kuddfodral i bomull med ett m\u00f6nster tryckt ekologiskt med naturliga material.","og_url":"https:\/\/olssonjensen.se\/fr\/produit\/bloem-kuddfodral-bomull-svart-40x70\/","og_site_name":"Olsson &amp; Jensen","article_publisher":"https:\/\/www.facebook.com\/olssonjensen","article_modified_time":"2026-03-31T12:16:23+00:00","og_image":[{"width":1200,"height":1800,"url":"https:\/\/olssonjensen.se\/wp-content\/uploads\/2024\/05\/FS010320-new.jpg","type":"image\/jpeg"}],"twitter_card":"summary_large_image","twitter_misc":{"Dur\u00e9e de lecture estim\u00e9e":"1 minute"},"schema":{"@context":"https:\/\/schema.org","@graph":[{"@type":"WebPage","@id":"https:\/\/olssonjensen.se\/produkt\/bloem-kuddfodral-bomull-svart-40x70\/","url":"https:\/\/olssonjensen.se\/produkt\/bloem-kuddfodral-bomull-svart-40x70\/","name":"Bloem kuddfodral svart 40x70 - Olsson &amp; Jensen","isPartOf":{"@id":"https:\/\/olssonjensen.se\/#website"},"primaryImageOfPage":{"@id":"https:\/\/olssonjensen.se\/produkt\/bloem-kuddfodral-bomull-svart-40x70\/#primaryimage"},"image":{"@id":"https:\/\/olssonjensen.se\/produkt\/bloem-kuddfodral-bomull-svart-40x70\/#primaryimage"},"thumbnailUrl":"https:\/\/olssonjensen.se\/wp-content\/uploads\/2024\/05\/FS010320-new.jpg","datePublished":"2024-05-16T12:27:40+00:00","dateModified":"2026-03-31T12:16:23+00:00","breadcrumb":{"@id":"https:\/\/olssonjensen.se\/produkt\/bloem-kuddfodral-bomull-svart-40x70\/#breadcrumb"},"inLanguage":"fr-FR","potentialAction":[{"@type":"ReadAction","target":["https:\/\/olssonjensen.se\/produkt\/bloem-kuddfodral-bomull-svart-40x70\/"]}]},{"@type":"ImageObject","inLanguage":"fr-FR","@id":"https:\/\/olssonjensen.se\/produkt\/bloem-kuddfodral-bomull-svart-40x70\/#primaryimage","url":"https:\/\/olssonjensen.se\/wp-content\/uploads\/2024\/05\/FS010320-new.jpg","contentUrl":"https:\/\/olssonjensen.se\/wp-content\/uploads\/2024\/05\/FS010320-new.jpg","width":1200,"height":1800},{"@type":"BreadcrumbList","@id":"https:\/\/olssonjensen.se\/produkt\/bloem-kuddfodral-bomull-svart-40x70\/#breadcrumb","itemListElement":[{"@type":"ListItem","position":1,"name":"Hem","item":"https:\/\/olssonjensen.se\/"},{"@type":"ListItem","position":2,"name":"Shop","item":"https:\/\/olssonjensen.se\/shop\/"},{"@type":"ListItem","position":3,"name":"Bloem kuddfodral svart 40&#215;70"}]},{"@type":"WebSite","@id":"https:\/\/olssonjensen.se\/#website","url":"https:\/\/olssonjensen.se\/","name":"Olsson &amp; Jensen","description":"Inredning, vintagem\u00f6bler och mycket mer","publisher":{"@id":"https:\/\/olssonjensen.se\/#organization"},"potentialAction":[{"@type":"SearchAction","target":{"@type":"EntryPoint","urlTemplate":"https:\/\/olssonjensen.se\/?s={search_term_string}"},"query-input":{"@type":"PropertyValueSpecification","valueRequired":true,"valueName":"search_term_string"}}],"inLanguage":"fr-FR"},{"@type":"Organization","@id":"https:\/\/olssonjensen.se\/#organization","name":"Olsson &amp; Jensen","url":"https:\/\/olssonjensen.se\/","logo":{"@type":"ImageObject","inLanguage":"fr-FR","@id":"https:\/\/olssonjensen.se\/#\/schema\/logo\/image\/","url":"https:\/\/olssonjensen.se\/wp-content\/uploads\/2022\/10\/oj_google.png","contentUrl":"https:\/\/olssonjensen.se\/wp-content\/uploads\/2022\/10\/oj_google.png","width":800,"height":615,"caption":"Olsson & Jensen"},"image":{"@id":"https:\/\/olssonjensen.se\/#\/schema\/logo\/image\/"},"sameAs":["https:\/\/www.facebook.com\/olssonjensen","https:\/\/www.instagram.com\/olssonjensen\/"]}]}},"_links":{"self":[{"href":"https:\/\/olssonjensen.se\/fr\/wp-json\/wp\/v2\/product\/30009","targetHints":{"allow":["GET"]}}],"collection":[{"href":"https:\/\/olssonjensen.se\/fr\/wp-json\/wp\/v2\/product"}],"about":[{"href":"https:\/\/olssonjensen.se\/fr\/wp-json\/wp\/v2\/types\/product"}],"wp:featuredmedia":[{"embeddable":true,"href":"https:\/\/olssonjensen.se\/fr\/wp-json\/wp\/v2\/media\/37484"}],"wp:attachment":[{"href":"https:\/\/olssonjensen.se\/fr\/wp-json\/wp\/v2\/media?parent=30009"}],"wp:term":[{"taxonomy":"product_brand","embeddable":true,"href":"https:\/\/olssonjensen.se\/fr\/wp-json\/wp\/v2\/product_brand?post=30009"},{"taxonomy":"product_cat","embeddable":true,"href":"https:\/\/olssonjensen.se\/fr\/wp-json\/wp\/v2\/product_cat?post=30009"},{"taxonomy":"product_tag","embeddable":true,"href":"https:\/\/olssonjensen.se\/fr\/wp-json\/wp\/v2\/product_tag?post=30009"}],"curies":[{"name":"wp","href":"https:\/\/api.w.org\/{rel}","templated":true}]}}