{"id":3101,"date":"2022-05-18T20:05:54","date_gmt":"2022-05-18T20:05:54","guid":{"rendered":"https:\/\/olssonjensen.se\/product\/nilla-ljuskopp-grabeige-10-cm\/"},"modified":"2026-04-15T11:36:24","modified_gmt":"2026-04-15T09:36:24","slug":"nilla-ljuskopp-grabeige-10-cm","status":"publish","type":"product","link":"https:\/\/olssonjensen.se\/fr\/produit\/nilla-ljuskopp-grabeige-10-cm\/","title":{"rendered":"Photophore Nilla Gris beige 10cm"},"content":{"rendered":"<p>De nombreux clients disent que Nilla est l&#039;originale des lanternes \u00e0 bougies color\u00e9es, nous la trouvons \u00e9galement magnifique.<\/p>\n<p>Ce photophore est r\u00e9alis\u00e9e en verre souffl\u00e9 \u00e0 la bouche, selon une technique traditionnelle qui donne de beaux m\u00e9langes dans le verre. Comme il est fabriqu\u00e9 \u00e0 la main, il existe des variations de couleur et de forme qui rendent chaque pi\u00e8ce unique. Son bord transparent en bas lui conf\u00e8re \u00e9galement un look tr\u00e8s exclusif.<\/p>\n<p>Nilla est disponible en plusieurs tailles et couleurs qui se combinent parfaitement entre elles, ainsi qu&#039;avec nos bougeoirs Leah et Helix.<\/p>","protected":false},"excerpt":{"rendered":"<p>M\u00e5nga kunder s\u00e4ger att Nilla \u00e4r originalet av f\u00e4rgade ljuslyktor, vi tycker ocks\u00e5 att den \u00e4r ursnygg. Lyktan \u00e4r gjord av munbl\u00e5st glas, med en traditionell teknik som ger vackra meleringar i glaset. D\u00e5 den \u00e4r handgjord f\u00f6rekommer skiftningar i f\u00e4rg och form som g\u00f6r varje lykta unik. Med sin genomskinliga kant nertill f\u00e5r den [&#8230;]\n","protected":false},"featured_media":4952,"template":"","meta":{"_acf_changed":false},"product_brand":[],"product_cat":[84,86,169],"product_tag":[348,240],"class_list":{"0":"post-3101","1":"product","2":"type-product","3":"status-publish","4":"has-post-thumbnail","6":"product_cat-ljus","7":"product_cat-ljuskoppar","8":"product_cat-nillafamilj","9":"product_tag-hostmys","10":"product_tag-nilla-en","12":"first","13":"instock","14":"taxable","15":"shipping-taxable","16":"purchasable","17":"product-type-simple"},"acf":[],"meta_data":[],"shsp-ext":{"main":{},"variations":[]},"yoast_head":"<!-- This site is optimized with the Yoast SEO plugin v27.3 - https:\/\/yoast.com\/product\/yoast-seo-wordpress\/ -->\n<title>Nilla Dimma 10 cm (gr\u00e5beige) - Olsson &amp; Jensen<\/title>\n<meta name=\"robots\" content=\"index, follow, max-snippet:-1, max-image-preview:large, max-video-preview:-1\" \/>\n<link rel=\"canonical\" href=\"https:\/\/olssonjensen.se\/fr\/produit\/nilla-ljuskopp-grabeige-10-cm\/\" \/>\n<meta property=\"og:locale\" content=\"fr_FR\" \/>\n<meta property=\"og:type\" content=\"article\" \/>\n<meta property=\"og:title\" content=\"Nilla Dimma 10 cm (gr\u00e5beige) - Olsson &amp; Jensen\" \/>\n<meta property=\"og:description\" content=\"M\u00e5nga kunder s\u00e4ger att Nilla \u00e4r originalet av f\u00e4rgade ljuslyktor, vi tycker ocks\u00e5 att den \u00e4r ursnygg. Lyktan \u00e4r gjord av munbl\u00e5st glas, med en traditionell teknik som ger vackra meleringar i glaset. D\u00e5 den \u00e4r handgjord f\u00f6rekommer skiftningar i f\u00e4rg och form som g\u00f6r varje lykta unik. Med sin genomskinliga kant nertill f\u00e5r den [...]\" \/>\n<meta property=\"og:url\" content=\"https:\/\/olssonjensen.se\/fr\/produit\/nilla-ljuskopp-grabeige-10-cm\/\" \/>\n<meta property=\"og:site_name\" content=\"Olsson &amp; Jensen\" \/>\n<meta property=\"article:publisher\" content=\"https:\/\/www.facebook.com\/olssonjensen\" \/>\n<meta property=\"article:modified_time\" content=\"2026-04-15T09:36:24+00:00\" \/>\n<meta property=\"og:image\" content=\"https:\/\/olssonjensen.se\/wp-content\/uploads\/2022\/05\/PE012344.jpeg\" \/>\n\t<meta property=\"og:image:width\" content=\"1000\" \/>\n\t<meta property=\"og:image:height\" content=\"1000\" \/>\n\t<meta property=\"og:image:type\" content=\"image\/jpeg\" \/>\n<meta name=\"twitter:card\" content=\"summary_large_image\" \/>\n<meta name=\"twitter:label1\" content=\"Dur\u00e9e de lecture estim\u00e9e\" \/>\n\t<meta name=\"twitter:data1\" content=\"1 minute\" \/>\n<script type=\"application\/ld+json\" class=\"yoast-schema-graph\">{\"@context\":\"https:\\\/\\\/schema.org\",\"@graph\":[{\"@type\":\"WebPage\",\"@id\":\"https:\\\/\\\/olssonjensen.se\\\/produkt\\\/nilla-ljuskopp-grabeige-10-cm\\\/\",\"url\":\"https:\\\/\\\/olssonjensen.se\\\/produkt\\\/nilla-ljuskopp-grabeige-10-cm\\\/\",\"name\":\"Nilla Dimma 10 cm (gr\u00e5beige) - Olsson &amp; Jensen\",\"isPartOf\":{\"@id\":\"https:\\\/\\\/olssonjensen.se\\\/#website\"},\"primaryImageOfPage\":{\"@id\":\"https:\\\/\\\/olssonjensen.se\\\/produkt\\\/nilla-ljuskopp-grabeige-10-cm\\\/#primaryimage\"},\"image\":{\"@id\":\"https:\\\/\\\/olssonjensen.se\\\/produkt\\\/nilla-ljuskopp-grabeige-10-cm\\\/#primaryimage\"},\"thumbnailUrl\":\"https:\\\/\\\/olssonjensen.se\\\/wp-content\\\/uploads\\\/2022\\\/05\\\/PE012344.jpeg\",\"datePublished\":\"2022-05-18T20:05:54+00:00\",\"dateModified\":\"2026-04-15T09:36:24+00:00\",\"breadcrumb\":{\"@id\":\"https:\\\/\\\/olssonjensen.se\\\/produkt\\\/nilla-ljuskopp-grabeige-10-cm\\\/#breadcrumb\"},\"inLanguage\":\"fr-FR\",\"potentialAction\":[{\"@type\":\"ReadAction\",\"target\":[\"https:\\\/\\\/olssonjensen.se\\\/produkt\\\/nilla-ljuskopp-grabeige-10-cm\\\/\"]}]},{\"@type\":\"ImageObject\",\"inLanguage\":\"fr-FR\",\"@id\":\"https:\\\/\\\/olssonjensen.se\\\/produkt\\\/nilla-ljuskopp-grabeige-10-cm\\\/#primaryimage\",\"url\":\"https:\\\/\\\/olssonjensen.se\\\/wp-content\\\/uploads\\\/2022\\\/05\\\/PE012344.jpeg\",\"contentUrl\":\"https:\\\/\\\/olssonjensen.se\\\/wp-content\\\/uploads\\\/2022\\\/05\\\/PE012344.jpeg\",\"width\":1000,\"height\":1000},{\"@type\":\"BreadcrumbList\",\"@id\":\"https:\\\/\\\/olssonjensen.se\\\/produkt\\\/nilla-ljuskopp-grabeige-10-cm\\\/#breadcrumb\",\"itemListElement\":[{\"@type\":\"ListItem\",\"position\":1,\"name\":\"Hem\",\"item\":\"https:\\\/\\\/olssonjensen.se\\\/\"},{\"@type\":\"ListItem\",\"position\":2,\"name\":\"Shop\",\"item\":\"https:\\\/\\\/olssonjensen.se\\\/shop\\\/\"},{\"@type\":\"ListItem\",\"position\":3,\"name\":\"Nilla Dimma 10 cm (gr\u00e5beige)\"}]},{\"@type\":\"WebSite\",\"@id\":\"https:\\\/\\\/olssonjensen.se\\\/#website\",\"url\":\"https:\\\/\\\/olssonjensen.se\\\/\",\"name\":\"Olsson & Jensen\",\"description\":\"Inredning, vintagem\u00f6bler och mycket mer\",\"publisher\":{\"@id\":\"https:\\\/\\\/olssonjensen.se\\\/#organization\"},\"potentialAction\":[{\"@type\":\"SearchAction\",\"target\":{\"@type\":\"EntryPoint\",\"urlTemplate\":\"https:\\\/\\\/olssonjensen.se\\\/?s={search_term_string}\"},\"query-input\":{\"@type\":\"PropertyValueSpecification\",\"valueRequired\":true,\"valueName\":\"search_term_string\"}}],\"inLanguage\":\"fr-FR\"},{\"@type\":\"Organization\",\"@id\":\"https:\\\/\\\/olssonjensen.se\\\/#organization\",\"name\":\"Olsson & Jensen\",\"url\":\"https:\\\/\\\/olssonjensen.se\\\/\",\"logo\":{\"@type\":\"ImageObject\",\"inLanguage\":\"fr-FR\",\"@id\":\"https:\\\/\\\/olssonjensen.se\\\/#\\\/schema\\\/logo\\\/image\\\/\",\"url\":\"https:\\\/\\\/olssonjensen.se\\\/wp-content\\\/uploads\\\/2022\\\/10\\\/oj_google.png\",\"contentUrl\":\"https:\\\/\\\/olssonjensen.se\\\/wp-content\\\/uploads\\\/2022\\\/10\\\/oj_google.png\",\"width\":800,\"height\":615,\"caption\":\"Olsson & Jensen\"},\"image\":{\"@id\":\"https:\\\/\\\/olssonjensen.se\\\/#\\\/schema\\\/logo\\\/image\\\/\"},\"sameAs\":[\"https:\\\/\\\/www.facebook.com\\\/olssonjensen\",\"https:\\\/\\\/www.instagram.com\\\/olssonjensen\\\/\"]}]}<\/script>\n<!-- \/ Yoast SEO plugin. -->","yoast_head_json":{"title":"Nilla Dimma 10 cm (gr\u00e5beige) - Olsson &amp; Jensen","robots":{"index":"index","follow":"follow","max-snippet":"max-snippet:-1","max-image-preview":"max-image-preview:large","max-video-preview":"max-video-preview:-1"},"canonical":"https:\/\/olssonjensen.se\/fr\/produit\/nilla-ljuskopp-grabeige-10-cm\/","og_locale":"fr_FR","og_type":"article","og_title":"Nilla Dimma 10 cm (gr\u00e5beige) - Olsson &amp; Jensen","og_description":"M\u00e5nga kunder s\u00e4ger att Nilla \u00e4r originalet av f\u00e4rgade ljuslyktor, vi tycker ocks\u00e5 att den \u00e4r ursnygg. Lyktan \u00e4r gjord av munbl\u00e5st glas, med en traditionell teknik som ger vackra meleringar i glaset. D\u00e5 den \u00e4r handgjord f\u00f6rekommer skiftningar i f\u00e4rg och form som g\u00f6r varje lykta unik. Med sin genomskinliga kant nertill f\u00e5r den [...]","og_url":"https:\/\/olssonjensen.se\/fr\/produit\/nilla-ljuskopp-grabeige-10-cm\/","og_site_name":"Olsson &amp; Jensen","article_publisher":"https:\/\/www.facebook.com\/olssonjensen","article_modified_time":"2026-04-15T09:36:24+00:00","og_image":[{"width":1000,"height":1000,"url":"https:\/\/olssonjensen.se\/wp-content\/uploads\/2022\/05\/PE012344.jpeg","type":"image\/jpeg"}],"twitter_card":"summary_large_image","twitter_misc":{"Dur\u00e9e de lecture estim\u00e9e":"1 minute"},"schema":{"@context":"https:\/\/schema.org","@graph":[{"@type":"WebPage","@id":"https:\/\/olssonjensen.se\/produkt\/nilla-ljuskopp-grabeige-10-cm\/","url":"https:\/\/olssonjensen.se\/produkt\/nilla-ljuskopp-grabeige-10-cm\/","name":"Nilla Dimma 10 cm (gr\u00e5beige) - Olsson &amp; Jensen","isPartOf":{"@id":"https:\/\/olssonjensen.se\/#website"},"primaryImageOfPage":{"@id":"https:\/\/olssonjensen.se\/produkt\/nilla-ljuskopp-grabeige-10-cm\/#primaryimage"},"image":{"@id":"https:\/\/olssonjensen.se\/produkt\/nilla-ljuskopp-grabeige-10-cm\/#primaryimage"},"thumbnailUrl":"https:\/\/olssonjensen.se\/wp-content\/uploads\/2022\/05\/PE012344.jpeg","datePublished":"2022-05-18T20:05:54+00:00","dateModified":"2026-04-15T09:36:24+00:00","breadcrumb":{"@id":"https:\/\/olssonjensen.se\/produkt\/nilla-ljuskopp-grabeige-10-cm\/#breadcrumb"},"inLanguage":"fr-FR","potentialAction":[{"@type":"ReadAction","target":["https:\/\/olssonjensen.se\/produkt\/nilla-ljuskopp-grabeige-10-cm\/"]}]},{"@type":"ImageObject","inLanguage":"fr-FR","@id":"https:\/\/olssonjensen.se\/produkt\/nilla-ljuskopp-grabeige-10-cm\/#primaryimage","url":"https:\/\/olssonjensen.se\/wp-content\/uploads\/2022\/05\/PE012344.jpeg","contentUrl":"https:\/\/olssonjensen.se\/wp-content\/uploads\/2022\/05\/PE012344.jpeg","width":1000,"height":1000},{"@type":"BreadcrumbList","@id":"https:\/\/olssonjensen.se\/produkt\/nilla-ljuskopp-grabeige-10-cm\/#breadcrumb","itemListElement":[{"@type":"ListItem","position":1,"name":"Hem","item":"https:\/\/olssonjensen.se\/"},{"@type":"ListItem","position":2,"name":"Shop","item":"https:\/\/olssonjensen.se\/shop\/"},{"@type":"ListItem","position":3,"name":"Nilla Dimma 10 cm (gr\u00e5beige)"}]},{"@type":"WebSite","@id":"https:\/\/olssonjensen.se\/#website","url":"https:\/\/olssonjensen.se\/","name":"Olsson &amp; Jensen","description":"Inredning, vintagem\u00f6bler och mycket mer","publisher":{"@id":"https:\/\/olssonjensen.se\/#organization"},"potentialAction":[{"@type":"SearchAction","target":{"@type":"EntryPoint","urlTemplate":"https:\/\/olssonjensen.se\/?s={search_term_string}"},"query-input":{"@type":"PropertyValueSpecification","valueRequired":true,"valueName":"search_term_string"}}],"inLanguage":"fr-FR"},{"@type":"Organization","@id":"https:\/\/olssonjensen.se\/#organization","name":"Olsson &amp; Jensen","url":"https:\/\/olssonjensen.se\/","logo":{"@type":"ImageObject","inLanguage":"fr-FR","@id":"https:\/\/olssonjensen.se\/#\/schema\/logo\/image\/","url":"https:\/\/olssonjensen.se\/wp-content\/uploads\/2022\/10\/oj_google.png","contentUrl":"https:\/\/olssonjensen.se\/wp-content\/uploads\/2022\/10\/oj_google.png","width":800,"height":615,"caption":"Olsson & Jensen"},"image":{"@id":"https:\/\/olssonjensen.se\/#\/schema\/logo\/image\/"},"sameAs":["https:\/\/www.facebook.com\/olssonjensen","https:\/\/www.instagram.com\/olssonjensen\/"]}]}},"_links":{"self":[{"href":"https:\/\/olssonjensen.se\/fr\/wp-json\/wp\/v2\/product\/3101","targetHints":{"allow":["GET"]}}],"collection":[{"href":"https:\/\/olssonjensen.se\/fr\/wp-json\/wp\/v2\/product"}],"about":[{"href":"https:\/\/olssonjensen.se\/fr\/wp-json\/wp\/v2\/types\/product"}],"wp:featuredmedia":[{"embeddable":true,"href":"https:\/\/olssonjensen.se\/fr\/wp-json\/wp\/v2\/media\/4952"}],"wp:attachment":[{"href":"https:\/\/olssonjensen.se\/fr\/wp-json\/wp\/v2\/media?parent=3101"}],"wp:term":[{"taxonomy":"product_brand","embeddable":true,"href":"https:\/\/olssonjensen.se\/fr\/wp-json\/wp\/v2\/product_brand?post=3101"},{"taxonomy":"product_cat","embeddable":true,"href":"https:\/\/olssonjensen.se\/fr\/wp-json\/wp\/v2\/product_cat?post=3101"},{"taxonomy":"product_tag","embeddable":true,"href":"https:\/\/olssonjensen.se\/fr\/wp-json\/wp\/v2\/product_tag?post=3101"}],"curies":[{"name":"wp","href":"https:\/\/api.w.org\/{rel}","templated":true}]}}