{"id":35684,"date":"2024-11-19T15:42:43","date_gmt":"2024-11-19T13:42:43","guid":{"rendered":"https:\/\/olssonjensen.se\/produkt\/cape-town-blood-orange-grapefruit\/"},"modified":"2026-04-29T12:31:20","modified_gmt":"2026-04-29T10:31:20","slug":"cape-town-blood-orange-grapefruit","status":"publish","type":"product","link":"https:\/\/olssonjensen.se\/fr\/produit\/cape-town-blood-orange-grapefruit\/","title":{"rendered":"Bougie parfum\u00e9e Cape Town - Orange sanguine &amp; pamplemousse"},"content":{"rendered":"<p>Nos bougies parfum\u00e9es sont fabriqu\u00e9es \u00e0 partir d'une cire v\u00e9g\u00e9tale respectueuse de l'environnement, sur une base d'huile v\u00e9g\u00e9tale. Le contenant, unique et fait \u00e0 la main, peut \u00eatre utilis\u00e9 comme photophore une fois la bougie parfum\u00e9e termin\u00e9e. Temps de combustion 50 h.<\/p>\n<p>Notes de t\u00eate : Orange, Pamplemousse<br \/>\nNotes de coeur : Baies, Rose<br \/>\nNotes de fond : Musc, Vanille<\/p>","protected":false},"excerpt":{"rendered":"<p>V\u00e5ra doftljus \u00e4r tillverkade av ett milj\u00f6v\u00e4nligt, v\u00e4xtbaserat vax framst\u00e4llt fr\u00e5n vegetabiliska oljor. Beh\u00e5llaren \u00e4r unik och handgjord, den kan du med f\u00f6rdel anv\u00e4nda som ljush\u00e5llare n\u00e4r doftljuset \u00e4r slut. Brinntid cirka 50 timmar. Toppnoter: Orange, Grapefruit Hj\u00e4rtnoter: Berries, Pink rose Basnoter: Musk, Vanilla<\/p>","protected":false},"featured_media":35722,"template":"","meta":{"_acf_changed":false},"product_brand":[],"product_cat":[84,85,326],"product_tag":[],"class_list":{"0":"post-35684","1":"product","2":"type-product","3":"status-publish","4":"has-post-thumbnail","6":"product_cat-ljus","7":"product_cat-doftljus","8":"product_cat-holidaygifts","10":"first","11":"instock","12":"taxable","13":"shipping-taxable","14":"purchasable","15":"product-type-simple"},"acf":[],"meta_data":[],"shsp-ext":{"main":{},"variations":[]},"yoast_head":"<!-- This site is optimized with the Yoast SEO plugin v27.4 - https:\/\/yoast.com\/product\/yoast-seo-wordpress\/ -->\n<title>Cape Town - Blood orange &amp; Grapefruit - Olsson &amp; Jensen<\/title>\n<meta name=\"robots\" content=\"index, follow, max-snippet:-1, max-image-preview:large, max-video-preview:-1\" \/>\n<link rel=\"canonical\" href=\"https:\/\/olssonjensen.se\/fr\/produit\/cape-town-blood-orange-grapefruit\/\" \/>\n<meta property=\"og:locale\" content=\"fr_FR\" \/>\n<meta property=\"og:type\" content=\"article\" \/>\n<meta property=\"og:title\" content=\"Cape Town - Blood orange &amp; Grapefruit - Olsson &amp; Jensen\" \/>\n<meta property=\"og:description\" content=\"V\u00e5ra doftljus \u00e4r tillverkade av ett milj\u00f6v\u00e4nligt, v\u00e4xtbaserat vax framst\u00e4llt fr\u00e5n vegetabiliska oljor. Beh\u00e5llaren \u00e4r unik och handgjord, den kan du med f\u00f6rdel anv\u00e4nda som ljush\u00e5llare n\u00e4r doftljuset \u00e4r slut. Brinntid cirka 50 timmar. Toppnoter: Orange, Grapefruit Hj\u00e4rtnoter: Berries, Pink rose Basnoter: Musk, Vanilla\" \/>\n<meta property=\"og:url\" content=\"https:\/\/olssonjensen.se\/fr\/produit\/cape-town-blood-orange-grapefruit\/\" \/>\n<meta property=\"og:site_name\" content=\"Olsson &amp; Jensen\" \/>\n<meta property=\"article:publisher\" content=\"https:\/\/www.facebook.com\/olssonjensen\" \/>\n<meta property=\"article:modified_time\" content=\"2026-04-29T10:31:20+00:00\" \/>\n<meta property=\"og:image\" content=\"https:\/\/olssonjensen.se\/wp-content\/uploads\/2024\/11\/WH012362.jpg\" \/>\n\t<meta property=\"og:image:width\" content=\"1721\" \/>\n\t<meta property=\"og:image:height\" content=\"1721\" \/>\n\t<meta property=\"og:image:type\" content=\"image\/jpeg\" \/>\n<meta name=\"twitter:card\" content=\"summary_large_image\" \/>\n<meta name=\"twitter:label1\" content=\"Dur\u00e9e de lecture estim\u00e9e\" \/>\n\t<meta name=\"twitter:data1\" content=\"1 minute\" \/>\n<script type=\"application\/ld+json\" class=\"yoast-schema-graph\">{\"@context\":\"https:\\\/\\\/schema.org\",\"@graph\":[{\"@type\":\"WebPage\",\"@id\":\"https:\\\/\\\/olssonjensen.se\\\/produkt\\\/cape-town-blood-orange-grapefruit\\\/\",\"url\":\"https:\\\/\\\/olssonjensen.se\\\/produkt\\\/cape-town-blood-orange-grapefruit\\\/\",\"name\":\"Cape Town - Blood orange &amp; Grapefruit - Olsson &amp; Jensen\",\"isPartOf\":{\"@id\":\"https:\\\/\\\/olssonjensen.se\\\/#website\"},\"primaryImageOfPage\":{\"@id\":\"https:\\\/\\\/olssonjensen.se\\\/produkt\\\/cape-town-blood-orange-grapefruit\\\/#primaryimage\"},\"image\":{\"@id\":\"https:\\\/\\\/olssonjensen.se\\\/produkt\\\/cape-town-blood-orange-grapefruit\\\/#primaryimage\"},\"thumbnailUrl\":\"https:\\\/\\\/olssonjensen.se\\\/wp-content\\\/uploads\\\/2024\\\/11\\\/WH012362.jpg\",\"datePublished\":\"2024-11-19T13:42:43+00:00\",\"dateModified\":\"2026-04-29T10:31:20+00:00\",\"breadcrumb\":{\"@id\":\"https:\\\/\\\/olssonjensen.se\\\/produkt\\\/cape-town-blood-orange-grapefruit\\\/#breadcrumb\"},\"inLanguage\":\"fr-FR\",\"potentialAction\":[{\"@type\":\"ReadAction\",\"target\":[\"https:\\\/\\\/olssonjensen.se\\\/produkt\\\/cape-town-blood-orange-grapefruit\\\/\"]}]},{\"@type\":\"ImageObject\",\"inLanguage\":\"fr-FR\",\"@id\":\"https:\\\/\\\/olssonjensen.se\\\/produkt\\\/cape-town-blood-orange-grapefruit\\\/#primaryimage\",\"url\":\"https:\\\/\\\/olssonjensen.se\\\/wp-content\\\/uploads\\\/2024\\\/11\\\/WH012362.jpg\",\"contentUrl\":\"https:\\\/\\\/olssonjensen.se\\\/wp-content\\\/uploads\\\/2024\\\/11\\\/WH012362.jpg\",\"width\":1721,\"height\":1721},{\"@type\":\"BreadcrumbList\",\"@id\":\"https:\\\/\\\/olssonjensen.se\\\/produkt\\\/cape-town-blood-orange-grapefruit\\\/#breadcrumb\",\"itemListElement\":[{\"@type\":\"ListItem\",\"position\":1,\"name\":\"Hem\",\"item\":\"https:\\\/\\\/olssonjensen.se\\\/\"},{\"@type\":\"ListItem\",\"position\":2,\"name\":\"Shop\",\"item\":\"https:\\\/\\\/olssonjensen.se\\\/shop\\\/\"},{\"@type\":\"ListItem\",\"position\":3,\"name\":\"Cape Town &#8211; Blood orange &amp; Grapefruit\"}]},{\"@type\":\"WebSite\",\"@id\":\"https:\\\/\\\/olssonjensen.se\\\/#website\",\"url\":\"https:\\\/\\\/olssonjensen.se\\\/\",\"name\":\"Olsson & Jensen\",\"description\":\"Inredning, vintagem\u00f6bler och mycket mer\",\"publisher\":{\"@id\":\"https:\\\/\\\/olssonjensen.se\\\/#organization\"},\"potentialAction\":[{\"@type\":\"SearchAction\",\"target\":{\"@type\":\"EntryPoint\",\"urlTemplate\":\"https:\\\/\\\/olssonjensen.se\\\/?s={search_term_string}\"},\"query-input\":{\"@type\":\"PropertyValueSpecification\",\"valueRequired\":true,\"valueName\":\"search_term_string\"}}],\"inLanguage\":\"fr-FR\"},{\"@type\":\"Organization\",\"@id\":\"https:\\\/\\\/olssonjensen.se\\\/#organization\",\"name\":\"Olsson & Jensen\",\"url\":\"https:\\\/\\\/olssonjensen.se\\\/\",\"logo\":{\"@type\":\"ImageObject\",\"inLanguage\":\"fr-FR\",\"@id\":\"https:\\\/\\\/olssonjensen.se\\\/#\\\/schema\\\/logo\\\/image\\\/\",\"url\":\"https:\\\/\\\/olssonjensen.se\\\/wp-content\\\/uploads\\\/2022\\\/10\\\/oj_google.png\",\"contentUrl\":\"https:\\\/\\\/olssonjensen.se\\\/wp-content\\\/uploads\\\/2022\\\/10\\\/oj_google.png\",\"width\":800,\"height\":615,\"caption\":\"Olsson & Jensen\"},\"image\":{\"@id\":\"https:\\\/\\\/olssonjensen.se\\\/#\\\/schema\\\/logo\\\/image\\\/\"},\"sameAs\":[\"https:\\\/\\\/www.facebook.com\\\/olssonjensen\",\"https:\\\/\\\/www.instagram.com\\\/olssonjensen\\\/\"]}]}<\/script>\n<!-- \/ Yoast SEO plugin. -->","yoast_head_json":{"title":"Cape Town - Blood orange &amp; Grapefruit - Olsson &amp; Jensen","robots":{"index":"index","follow":"follow","max-snippet":"max-snippet:-1","max-image-preview":"max-image-preview:large","max-video-preview":"max-video-preview:-1"},"canonical":"https:\/\/olssonjensen.se\/fr\/produit\/cape-town-blood-orange-grapefruit\/","og_locale":"fr_FR","og_type":"article","og_title":"Cape Town - Blood orange &amp; Grapefruit - Olsson &amp; Jensen","og_description":"V\u00e5ra doftljus \u00e4r tillverkade av ett milj\u00f6v\u00e4nligt, v\u00e4xtbaserat vax framst\u00e4llt fr\u00e5n vegetabiliska oljor. Beh\u00e5llaren \u00e4r unik och handgjord, den kan du med f\u00f6rdel anv\u00e4nda som ljush\u00e5llare n\u00e4r doftljuset \u00e4r slut. Brinntid cirka 50 timmar. Toppnoter: Orange, Grapefruit Hj\u00e4rtnoter: Berries, Pink rose Basnoter: Musk, Vanilla","og_url":"https:\/\/olssonjensen.se\/fr\/produit\/cape-town-blood-orange-grapefruit\/","og_site_name":"Olsson &amp; Jensen","article_publisher":"https:\/\/www.facebook.com\/olssonjensen","article_modified_time":"2026-04-29T10:31:20+00:00","og_image":[{"width":1721,"height":1721,"url":"https:\/\/olssonjensen.se\/wp-content\/uploads\/2024\/11\/WH012362.jpg","type":"image\/jpeg"}],"twitter_card":"summary_large_image","twitter_misc":{"Dur\u00e9e de lecture estim\u00e9e":"1 minute"},"schema":{"@context":"https:\/\/schema.org","@graph":[{"@type":"WebPage","@id":"https:\/\/olssonjensen.se\/produkt\/cape-town-blood-orange-grapefruit\/","url":"https:\/\/olssonjensen.se\/produkt\/cape-town-blood-orange-grapefruit\/","name":"Cape Town - Blood orange &amp; Grapefruit - Olsson &amp; Jensen","isPartOf":{"@id":"https:\/\/olssonjensen.se\/#website"},"primaryImageOfPage":{"@id":"https:\/\/olssonjensen.se\/produkt\/cape-town-blood-orange-grapefruit\/#primaryimage"},"image":{"@id":"https:\/\/olssonjensen.se\/produkt\/cape-town-blood-orange-grapefruit\/#primaryimage"},"thumbnailUrl":"https:\/\/olssonjensen.se\/wp-content\/uploads\/2024\/11\/WH012362.jpg","datePublished":"2024-11-19T13:42:43+00:00","dateModified":"2026-04-29T10:31:20+00:00","breadcrumb":{"@id":"https:\/\/olssonjensen.se\/produkt\/cape-town-blood-orange-grapefruit\/#breadcrumb"},"inLanguage":"fr-FR","potentialAction":[{"@type":"ReadAction","target":["https:\/\/olssonjensen.se\/produkt\/cape-town-blood-orange-grapefruit\/"]}]},{"@type":"ImageObject","inLanguage":"fr-FR","@id":"https:\/\/olssonjensen.se\/produkt\/cape-town-blood-orange-grapefruit\/#primaryimage","url":"https:\/\/olssonjensen.se\/wp-content\/uploads\/2024\/11\/WH012362.jpg","contentUrl":"https:\/\/olssonjensen.se\/wp-content\/uploads\/2024\/11\/WH012362.jpg","width":1721,"height":1721},{"@type":"BreadcrumbList","@id":"https:\/\/olssonjensen.se\/produkt\/cape-town-blood-orange-grapefruit\/#breadcrumb","itemListElement":[{"@type":"ListItem","position":1,"name":"Hem","item":"https:\/\/olssonjensen.se\/"},{"@type":"ListItem","position":2,"name":"Shop","item":"https:\/\/olssonjensen.se\/shop\/"},{"@type":"ListItem","position":3,"name":"Cape Town &#8211; Blood orange &amp; Grapefruit"}]},{"@type":"WebSite","@id":"https:\/\/olssonjensen.se\/#website","url":"https:\/\/olssonjensen.se\/","name":"Olsson &amp; Jensen","description":"Inredning, vintagem\u00f6bler och mycket mer","publisher":{"@id":"https:\/\/olssonjensen.se\/#organization"},"potentialAction":[{"@type":"SearchAction","target":{"@type":"EntryPoint","urlTemplate":"https:\/\/olssonjensen.se\/?s={search_term_string}"},"query-input":{"@type":"PropertyValueSpecification","valueRequired":true,"valueName":"search_term_string"}}],"inLanguage":"fr-FR"},{"@type":"Organization","@id":"https:\/\/olssonjensen.se\/#organization","name":"Olsson &amp; Jensen","url":"https:\/\/olssonjensen.se\/","logo":{"@type":"ImageObject","inLanguage":"fr-FR","@id":"https:\/\/olssonjensen.se\/#\/schema\/logo\/image\/","url":"https:\/\/olssonjensen.se\/wp-content\/uploads\/2022\/10\/oj_google.png","contentUrl":"https:\/\/olssonjensen.se\/wp-content\/uploads\/2022\/10\/oj_google.png","width":800,"height":615,"caption":"Olsson & Jensen"},"image":{"@id":"https:\/\/olssonjensen.se\/#\/schema\/logo\/image\/"},"sameAs":["https:\/\/www.facebook.com\/olssonjensen","https:\/\/www.instagram.com\/olssonjensen\/"]}]}},"_links":{"self":[{"href":"https:\/\/olssonjensen.se\/fr\/wp-json\/wp\/v2\/product\/35684","targetHints":{"allow":["GET"]}}],"collection":[{"href":"https:\/\/olssonjensen.se\/fr\/wp-json\/wp\/v2\/product"}],"about":[{"href":"https:\/\/olssonjensen.se\/fr\/wp-json\/wp\/v2\/types\/product"}],"wp:featuredmedia":[{"embeddable":true,"href":"https:\/\/olssonjensen.se\/fr\/wp-json\/wp\/v2\/media\/35722"}],"wp:attachment":[{"href":"https:\/\/olssonjensen.se\/fr\/wp-json\/wp\/v2\/media?parent=35684"}],"wp:term":[{"taxonomy":"product_brand","embeddable":true,"href":"https:\/\/olssonjensen.se\/fr\/wp-json\/wp\/v2\/product_brand?post=35684"},{"taxonomy":"product_cat","embeddable":true,"href":"https:\/\/olssonjensen.se\/fr\/wp-json\/wp\/v2\/product_cat?post=35684"},{"taxonomy":"product_tag","embeddable":true,"href":"https:\/\/olssonjensen.se\/fr\/wp-json\/wp\/v2\/product_tag?post=35684"}],"curies":[{"name":"wp","href":"https:\/\/api.w.org\/{rel}","templated":true}]}}