{"id":50198,"date":"2025-09-30T10:49:41","date_gmt":"2025-09-30T08:49:41","guid":{"rendered":"https:\/\/olssonjensen.se\/produkt\/kate-bricka\/"},"modified":"2026-04-17T09:29:42","modified_gmt":"2026-04-17T07:29:42","slug":"kate-bricka","status":"publish","type":"product","link":"https:\/\/olssonjensen.se\/fr\/produit\/kate-bricka\/","title":{"rendered":"Plateau Kate"},"content":{"rendered":"<p>Kate peut \u00eatre utilis\u00e9e pour servir, ranger ou simplement comme objet de d\u00e9coration. Le travail artisanal visible conf\u00e8re \u00e0 chaque plateau un caract\u00e8re unique. N'h\u00e9sitez pas \u00e0 l'associer \u00e0 d'autres produits en rotin de notre gamme.<\/p>","protected":false},"excerpt":{"rendered":"<p>Plateau en rotin \u2013 parfait pour les pique-niques printaniers \u00e0 venir, ou pourquoi pas pour un agr\u00e9able go\u00fbter dans le jardin ?<\/p>","protected":false},"featured_media":51685,"template":"","meta":{"_acf_changed":false},"product_brand":[],"product_cat":[78,112,153],"product_tag":[],"class_list":{"0":"post-50198","1":"product","2":"type-product","3":"status-publish","4":"has-post-thumbnail","6":"product_cat-kok","7":"product_cat-nyheter","8":"product_cat-upplaggningsfat","10":"first","11":"outofstock","12":"taxable","13":"shipping-taxable","14":"purchasable","15":"product-type-simple"},"acf":[],"meta_data":[],"shsp-ext":{"main":{},"variations":[]},"yoast_head":"<!-- This site is optimized with the Yoast SEO plugin v27.3 - https:\/\/yoast.com\/product\/yoast-seo-wordpress\/ -->\n<title>Kate bricka - Olsson &amp; Jensen<\/title>\n<meta name=\"robots\" content=\"index, follow, max-snippet:-1, max-image-preview:large, max-video-preview:-1\" \/>\n<link rel=\"canonical\" href=\"https:\/\/olssonjensen.se\/fr\/produit\/kate-bricka\/\" \/>\n<meta property=\"og:locale\" content=\"fr_FR\" \/>\n<meta property=\"og:type\" content=\"article\" \/>\n<meta property=\"og:title\" content=\"Kate bricka - Olsson &amp; Jensen\" \/>\n<meta property=\"og:description\" content=\"Bricka i rotting \u2013 idealisk f\u00f6r picknick, eller varf\u00f6r inte till en mysig fika p\u00e5 uteplatsen hemma?\" \/>\n<meta property=\"og:url\" content=\"https:\/\/olssonjensen.se\/fr\/produit\/kate-bricka\/\" \/>\n<meta property=\"og:site_name\" content=\"Olsson &amp; Jensen\" \/>\n<meta property=\"article:publisher\" content=\"https:\/\/www.facebook.com\/olssonjensen\" \/>\n<meta property=\"article:modified_time\" content=\"2026-04-17T07:29:42+00:00\" \/>\n<meta property=\"og:image\" content=\"https:\/\/olssonjensen.se\/wp-content\/uploads\/2025\/09\/TL010613.jpg\" \/>\n\t<meta property=\"og:image:width\" content=\"1281\" \/>\n\t<meta property=\"og:image:height\" content=\"1920\" \/>\n\t<meta property=\"og:image:type\" content=\"image\/jpeg\" \/>\n<meta name=\"twitter:card\" content=\"summary_large_image\" \/>\n<meta name=\"twitter:label1\" content=\"Dur\u00e9e de lecture estim\u00e9e\" \/>\n\t<meta name=\"twitter:data1\" content=\"1 minute\" \/>\n<script type=\"application\/ld+json\" class=\"yoast-schema-graph\">{\"@context\":\"https:\\\/\\\/schema.org\",\"@graph\":[{\"@type\":\"WebPage\",\"@id\":\"https:\\\/\\\/olssonjensen.se\\\/produkt\\\/kate-bricka\\\/\",\"url\":\"https:\\\/\\\/olssonjensen.se\\\/produkt\\\/kate-bricka\\\/\",\"name\":\"Kate bricka - Olsson &amp; Jensen\",\"isPartOf\":{\"@id\":\"https:\\\/\\\/olssonjensen.se\\\/#website\"},\"primaryImageOfPage\":{\"@id\":\"https:\\\/\\\/olssonjensen.se\\\/produkt\\\/kate-bricka\\\/#primaryimage\"},\"image\":{\"@id\":\"https:\\\/\\\/olssonjensen.se\\\/produkt\\\/kate-bricka\\\/#primaryimage\"},\"thumbnailUrl\":\"https:\\\/\\\/olssonjensen.se\\\/wp-content\\\/uploads\\\/2025\\\/09\\\/TL010613.jpg\",\"datePublished\":\"2025-09-30T08:49:41+00:00\",\"dateModified\":\"2026-04-17T07:29:42+00:00\",\"breadcrumb\":{\"@id\":\"https:\\\/\\\/olssonjensen.se\\\/produkt\\\/kate-bricka\\\/#breadcrumb\"},\"inLanguage\":\"fr-FR\",\"potentialAction\":[{\"@type\":\"ReadAction\",\"target\":[\"https:\\\/\\\/olssonjensen.se\\\/produkt\\\/kate-bricka\\\/\"]}]},{\"@type\":\"ImageObject\",\"inLanguage\":\"fr-FR\",\"@id\":\"https:\\\/\\\/olssonjensen.se\\\/produkt\\\/kate-bricka\\\/#primaryimage\",\"url\":\"https:\\\/\\\/olssonjensen.se\\\/wp-content\\\/uploads\\\/2025\\\/09\\\/TL010613.jpg\",\"contentUrl\":\"https:\\\/\\\/olssonjensen.se\\\/wp-content\\\/uploads\\\/2025\\\/09\\\/TL010613.jpg\",\"width\":1281,\"height\":1920},{\"@type\":\"BreadcrumbList\",\"@id\":\"https:\\\/\\\/olssonjensen.se\\\/produkt\\\/kate-bricka\\\/#breadcrumb\",\"itemListElement\":[{\"@type\":\"ListItem\",\"position\":1,\"name\":\"Hem\",\"item\":\"https:\\\/\\\/olssonjensen.se\\\/\"},{\"@type\":\"ListItem\",\"position\":2,\"name\":\"Shop\",\"item\":\"https:\\\/\\\/olssonjensen.se\\\/shop\\\/\"},{\"@type\":\"ListItem\",\"position\":3,\"name\":\"Kate bricka\"}]},{\"@type\":\"WebSite\",\"@id\":\"https:\\\/\\\/olssonjensen.se\\\/#website\",\"url\":\"https:\\\/\\\/olssonjensen.se\\\/\",\"name\":\"Olsson & Jensen\",\"description\":\"Inredning, vintagem\u00f6bler och mycket mer\",\"publisher\":{\"@id\":\"https:\\\/\\\/olssonjensen.se\\\/#organization\"},\"potentialAction\":[{\"@type\":\"SearchAction\",\"target\":{\"@type\":\"EntryPoint\",\"urlTemplate\":\"https:\\\/\\\/olssonjensen.se\\\/?s={search_term_string}\"},\"query-input\":{\"@type\":\"PropertyValueSpecification\",\"valueRequired\":true,\"valueName\":\"search_term_string\"}}],\"inLanguage\":\"fr-FR\"},{\"@type\":\"Organization\",\"@id\":\"https:\\\/\\\/olssonjensen.se\\\/#organization\",\"name\":\"Olsson & Jensen\",\"url\":\"https:\\\/\\\/olssonjensen.se\\\/\",\"logo\":{\"@type\":\"ImageObject\",\"inLanguage\":\"fr-FR\",\"@id\":\"https:\\\/\\\/olssonjensen.se\\\/#\\\/schema\\\/logo\\\/image\\\/\",\"url\":\"https:\\\/\\\/olssonjensen.se\\\/wp-content\\\/uploads\\\/2022\\\/10\\\/oj_google.png\",\"contentUrl\":\"https:\\\/\\\/olssonjensen.se\\\/wp-content\\\/uploads\\\/2022\\\/10\\\/oj_google.png\",\"width\":800,\"height\":615,\"caption\":\"Olsson & Jensen\"},\"image\":{\"@id\":\"https:\\\/\\\/olssonjensen.se\\\/#\\\/schema\\\/logo\\\/image\\\/\"},\"sameAs\":[\"https:\\\/\\\/www.facebook.com\\\/olssonjensen\",\"https:\\\/\\\/www.instagram.com\\\/olssonjensen\\\/\"]}]}<\/script>\n<!-- \/ Yoast SEO plugin. -->","yoast_head_json":{"title":"Kate bricka - Olsson &amp; Jensen","robots":{"index":"index","follow":"follow","max-snippet":"max-snippet:-1","max-image-preview":"max-image-preview:large","max-video-preview":"max-video-preview:-1"},"canonical":"https:\/\/olssonjensen.se\/fr\/produit\/kate-bricka\/","og_locale":"fr_FR","og_type":"article","og_title":"Kate bricka - Olsson &amp; Jensen","og_description":"Bricka i rotting \u2013 idealisk f\u00f6r picknick, eller varf\u00f6r inte till en mysig fika p\u00e5 uteplatsen hemma?","og_url":"https:\/\/olssonjensen.se\/fr\/produit\/kate-bricka\/","og_site_name":"Olsson &amp; Jensen","article_publisher":"https:\/\/www.facebook.com\/olssonjensen","article_modified_time":"2026-04-17T07:29:42+00:00","og_image":[{"width":1281,"height":1920,"url":"https:\/\/olssonjensen.se\/wp-content\/uploads\/2025\/09\/TL010613.jpg","type":"image\/jpeg"}],"twitter_card":"summary_large_image","twitter_misc":{"Dur\u00e9e de lecture estim\u00e9e":"1 minute"},"schema":{"@context":"https:\/\/schema.org","@graph":[{"@type":"WebPage","@id":"https:\/\/olssonjensen.se\/produkt\/kate-bricka\/","url":"https:\/\/olssonjensen.se\/produkt\/kate-bricka\/","name":"Kate bricka - Olsson &amp; Jensen","isPartOf":{"@id":"https:\/\/olssonjensen.se\/#website"},"primaryImageOfPage":{"@id":"https:\/\/olssonjensen.se\/produkt\/kate-bricka\/#primaryimage"},"image":{"@id":"https:\/\/olssonjensen.se\/produkt\/kate-bricka\/#primaryimage"},"thumbnailUrl":"https:\/\/olssonjensen.se\/wp-content\/uploads\/2025\/09\/TL010613.jpg","datePublished":"2025-09-30T08:49:41+00:00","dateModified":"2026-04-17T07:29:42+00:00","breadcrumb":{"@id":"https:\/\/olssonjensen.se\/produkt\/kate-bricka\/#breadcrumb"},"inLanguage":"fr-FR","potentialAction":[{"@type":"ReadAction","target":["https:\/\/olssonjensen.se\/produkt\/kate-bricka\/"]}]},{"@type":"ImageObject","inLanguage":"fr-FR","@id":"https:\/\/olssonjensen.se\/produkt\/kate-bricka\/#primaryimage","url":"https:\/\/olssonjensen.se\/wp-content\/uploads\/2025\/09\/TL010613.jpg","contentUrl":"https:\/\/olssonjensen.se\/wp-content\/uploads\/2025\/09\/TL010613.jpg","width":1281,"height":1920},{"@type":"BreadcrumbList","@id":"https:\/\/olssonjensen.se\/produkt\/kate-bricka\/#breadcrumb","itemListElement":[{"@type":"ListItem","position":1,"name":"Hem","item":"https:\/\/olssonjensen.se\/"},{"@type":"ListItem","position":2,"name":"Shop","item":"https:\/\/olssonjensen.se\/shop\/"},{"@type":"ListItem","position":3,"name":"Kate bricka"}]},{"@type":"WebSite","@id":"https:\/\/olssonjensen.se\/#website","url":"https:\/\/olssonjensen.se\/","name":"Olsson &amp; Jensen","description":"Inredning, vintagem\u00f6bler och mycket mer","publisher":{"@id":"https:\/\/olssonjensen.se\/#organization"},"potentialAction":[{"@type":"SearchAction","target":{"@type":"EntryPoint","urlTemplate":"https:\/\/olssonjensen.se\/?s={search_term_string}"},"query-input":{"@type":"PropertyValueSpecification","valueRequired":true,"valueName":"search_term_string"}}],"inLanguage":"fr-FR"},{"@type":"Organization","@id":"https:\/\/olssonjensen.se\/#organization","name":"Olsson &amp; Jensen","url":"https:\/\/olssonjensen.se\/","logo":{"@type":"ImageObject","inLanguage":"fr-FR","@id":"https:\/\/olssonjensen.se\/#\/schema\/logo\/image\/","url":"https:\/\/olssonjensen.se\/wp-content\/uploads\/2022\/10\/oj_google.png","contentUrl":"https:\/\/olssonjensen.se\/wp-content\/uploads\/2022\/10\/oj_google.png","width":800,"height":615,"caption":"Olsson & Jensen"},"image":{"@id":"https:\/\/olssonjensen.se\/#\/schema\/logo\/image\/"},"sameAs":["https:\/\/www.facebook.com\/olssonjensen","https:\/\/www.instagram.com\/olssonjensen\/"]}]}},"_links":{"self":[{"href":"https:\/\/olssonjensen.se\/fr\/wp-json\/wp\/v2\/product\/50198","targetHints":{"allow":["GET"]}}],"collection":[{"href":"https:\/\/olssonjensen.se\/fr\/wp-json\/wp\/v2\/product"}],"about":[{"href":"https:\/\/olssonjensen.se\/fr\/wp-json\/wp\/v2\/types\/product"}],"wp:featuredmedia":[{"embeddable":true,"href":"https:\/\/olssonjensen.se\/fr\/wp-json\/wp\/v2\/media\/51685"}],"wp:attachment":[{"href":"https:\/\/olssonjensen.se\/fr\/wp-json\/wp\/v2\/media?parent=50198"}],"wp:term":[{"taxonomy":"product_brand","embeddable":true,"href":"https:\/\/olssonjensen.se\/fr\/wp-json\/wp\/v2\/product_brand?post=50198"},{"taxonomy":"product_cat","embeddable":true,"href":"https:\/\/olssonjensen.se\/fr\/wp-json\/wp\/v2\/product_cat?post=50198"},{"taxonomy":"product_tag","embeddable":true,"href":"https:\/\/olssonjensen.se\/fr\/wp-json\/wp\/v2\/product_tag?post=50198"}],"curies":[{"name":"wp","href":"https:\/\/api.w.org\/{rel}","templated":true}]}}