{"id":55713,"date":"2026-03-30T11:50:15","date_gmt":"2026-03-30T09:50:15","guid":{"rendered":"https:\/\/olssonjensen.se\/produkt\/delphine-bordstablett-brun\/"},"modified":"2026-04-21T13:29:55","modified_gmt":"2026-04-21T11:29:55","slug":"delphine-bordstablett-brun","status":"publish","type":"product","link":"https:\/\/olssonjensen.se\/fr\/produit\/delphine-bordstablett-brun\/","title":{"rendered":"Delphine bordstablett brun"},"content":{"rendered":"<div class=\"flex flex-col text-sm pb-25\">\n<section class=\"text-token-text-primary w-full focus:outline-none [--shadow-height:45px] has-data-writing-block:pointer-events-none has-data-writing-block:-mt-(--shadow-height) has-data-writing-block:pt-(--shadow-height) [&amp;:has([data-writing-block])&gt;*]:pointer-events-auto scroll-mt-[calc(var(--header-height)+min(200px,max(70px,20svh)))]\" dir=\"auto\" data-turn-id=\"request-69c26621-6b54-8328-8745-a0adc5fa598e-12\" data-testid=\"conversation-turn-68\" data-scroll-anchor=\"true\" data-turn=\"assistant\">\n<div class=\"text-base my-auto mx-auto pb-10 [--thread-content-margin:var(--thread-content-margin-xs,calc(var(--spacing)*4))] @w-sm\/main:[--thread-content-margin:var(--thread-content-margin-sm,calc(var(--spacing)*6))] @w-lg\/main:[--thread-content-margin:var(--thread-content-margin-lg,calc(var(--spacing)*16))] px-(--thread-content-margin)\">\n<div class=\"[--thread-content-max-width:40rem] @w-lg\/main:[--thread-content-max-width:48rem] mx-auto max-w-(--thread-content-max-width) flex-1 group\/turn-messages focus-visible:outline-hidden relative flex w-full min-w-0 flex-col agent-turn\">\n<div class=\"flex max-w-full flex-col gap-4 grow\">\n<div class=\"min-h-8 text-message relative flex w-full flex-col items-end gap-2 text-start break-words whitespace-normal outline-none keyboard-focused:focus-ring [.text-message+&amp;]:mt-1\" dir=\"auto\" tabindex=\"0\" data-message-author-role=\"assistant\" data-message-id=\"f6a30d49-2fba-4cb1-b9c3-9d20477896ed\" data-message-model-slug=\"gpt-5-3\" data-turn-start-message=\"true\">\n<div class=\"flex w-full flex-col gap-1 empty:hidden\">\n<div class=\"markdown prose dark:prose-invert w-full wrap-break-word light markdown-new-styling\">\n<p data-start=\"124\" data-end=\"378\">Delphine bordstablett \u00e4r tillverkad i mjuk bomullssammet och har en dekorativ, v\u00e5gad kant som ger ett elegant uttryck. Den \u00e4r v\u00e4ndbar och finns i tre f\u00e4rger, vilket g\u00f6r det enkelt att variera dukningen efter stil och tillf\u00e4lle.<\/p>\n<p data-start=\"380\" data-end=\"539\" data-is-last-node=\"\" data-is-only-node=\"\">Den franska k\u00e4nslan i designen g\u00f6r att den passar bra b\u00e5de till vardag och fest.<\/p>\n<\/div>\n<\/div>\n<\/div>\n<\/div>\n<div class=\"z-0 flex min-h-[46px] justify-start\"><\/div>\n<div class=\"mt-3 w-full empty:hidden\">\n<div class=\"text-center\"><\/div>\n<\/div>\n<\/div>\n<\/div>\n<\/section>\n<\/div>\n<div class=\"pointer-events-none h-px w-px absolute bottom-0\" aria-hidden=\"true\" data-edge=\"true\"><\/div>\n","protected":false},"excerpt":{"rendered":"<p>V\u00e4ndbar bordstablett i bomullssammet med v\u00e5gad kant<\/p>","protected":false},"featured_media":56141,"template":"","meta":{"_acf_changed":false},"product_brand":[],"product_cat":[355],"product_tag":[],"class_list":{"0":"post-55713","1":"product","2":"type-product","3":"status-publish","4":"has-post-thumbnail","6":"product_cat-aw26","8":"first","9":"outofstock","10":"taxable","11":"shipping-taxable","12":"purchasable","13":"product-type-simple"},"acf":[],"meta_data":[],"shsp-ext":{"main":{},"variations":[]},"yoast_head":"<!-- This site is optimized with the Yoast SEO plugin v27.4 - https:\/\/yoast.com\/product\/yoast-seo-wordpress\/ -->\n<title>Delphine bordstablett brun - Olsson &amp; Jensen<\/title>\n<meta name=\"robots\" content=\"index, follow, max-snippet:-1, max-image-preview:large, max-video-preview:-1\" \/>\n<link rel=\"canonical\" href=\"https:\/\/olssonjensen.se\/fr\/produit\/delphine-bordstablett-brun\/\" \/>\n<meta property=\"og:locale\" content=\"fr_FR\" \/>\n<meta property=\"og:type\" content=\"article\" \/>\n<meta property=\"og:title\" content=\"Delphine bordstablett brun - Olsson &amp; Jensen\" \/>\n<meta property=\"og:description\" content=\"V\u00e4ndbar bordstablett i bomullssammet med v\u00e5gad kant\" \/>\n<meta property=\"og:url\" content=\"https:\/\/olssonjensen.se\/fr\/produit\/delphine-bordstablett-brun\/\" \/>\n<meta property=\"og:site_name\" content=\"Olsson &amp; Jensen\" \/>\n<meta property=\"article:publisher\" content=\"https:\/\/www.facebook.com\/olssonjensen\" \/>\n<meta property=\"article:modified_time\" content=\"2026-04-21T11:29:55+00:00\" \/>\n<meta property=\"og:image\" content=\"https:\/\/olssonjensen.se\/wp-content\/uploads\/2026\/03\/NHT012514.jpg\" \/>\n\t<meta property=\"og:image:width\" content=\"1280\" \/>\n\t<meta property=\"og:image:height\" content=\"1920\" \/>\n\t<meta property=\"og:image:type\" content=\"image\/jpeg\" \/>\n<meta name=\"twitter:card\" content=\"summary_large_image\" \/>\n<meta name=\"twitter:label1\" content=\"Dur\u00e9e de lecture estim\u00e9e\" \/>\n\t<meta name=\"twitter:data1\" content=\"1 minute\" \/>\n<script type=\"application\/ld+json\" class=\"yoast-schema-graph\">{\"@context\":\"https:\\\/\\\/schema.org\",\"@graph\":[{\"@type\":\"WebPage\",\"@id\":\"https:\\\/\\\/olssonjensen.se\\\/produkt\\\/delphine-bordstablett-brun\\\/\",\"url\":\"https:\\\/\\\/olssonjensen.se\\\/produkt\\\/delphine-bordstablett-brun\\\/\",\"name\":\"Delphine bordstablett brun - Olsson &amp; Jensen\",\"isPartOf\":{\"@id\":\"https:\\\/\\\/olssonjensen.se\\\/#website\"},\"primaryImageOfPage\":{\"@id\":\"https:\\\/\\\/olssonjensen.se\\\/produkt\\\/delphine-bordstablett-brun\\\/#primaryimage\"},\"image\":{\"@id\":\"https:\\\/\\\/olssonjensen.se\\\/produkt\\\/delphine-bordstablett-brun\\\/#primaryimage\"},\"thumbnailUrl\":\"https:\\\/\\\/olssonjensen.se\\\/wp-content\\\/uploads\\\/2026\\\/03\\\/NHT012514.jpg\",\"datePublished\":\"2026-03-30T09:50:15+00:00\",\"dateModified\":\"2026-04-21T11:29:55+00:00\",\"breadcrumb\":{\"@id\":\"https:\\\/\\\/olssonjensen.se\\\/produkt\\\/delphine-bordstablett-brun\\\/#breadcrumb\"},\"inLanguage\":\"fr-FR\",\"potentialAction\":[{\"@type\":\"ReadAction\",\"target\":[\"https:\\\/\\\/olssonjensen.se\\\/produkt\\\/delphine-bordstablett-brun\\\/\"]}]},{\"@type\":\"ImageObject\",\"inLanguage\":\"fr-FR\",\"@id\":\"https:\\\/\\\/olssonjensen.se\\\/produkt\\\/delphine-bordstablett-brun\\\/#primaryimage\",\"url\":\"https:\\\/\\\/olssonjensen.se\\\/wp-content\\\/uploads\\\/2026\\\/03\\\/NHT012514.jpg\",\"contentUrl\":\"https:\\\/\\\/olssonjensen.se\\\/wp-content\\\/uploads\\\/2026\\\/03\\\/NHT012514.jpg\",\"width\":1280,\"height\":1920},{\"@type\":\"BreadcrumbList\",\"@id\":\"https:\\\/\\\/olssonjensen.se\\\/produkt\\\/delphine-bordstablett-brun\\\/#breadcrumb\",\"itemListElement\":[{\"@type\":\"ListItem\",\"position\":1,\"name\":\"Hem\",\"item\":\"https:\\\/\\\/olssonjensen.se\\\/\"},{\"@type\":\"ListItem\",\"position\":2,\"name\":\"Shop\",\"item\":\"https:\\\/\\\/olssonjensen.se\\\/shop\\\/\"},{\"@type\":\"ListItem\",\"position\":3,\"name\":\"Delphine bordstablett brun\"}]},{\"@type\":\"WebSite\",\"@id\":\"https:\\\/\\\/olssonjensen.se\\\/#website\",\"url\":\"https:\\\/\\\/olssonjensen.se\\\/\",\"name\":\"Olsson & Jensen\",\"description\":\"Inredning, vintagem\u00f6bler och mycket mer\",\"publisher\":{\"@id\":\"https:\\\/\\\/olssonjensen.se\\\/#organization\"},\"potentialAction\":[{\"@type\":\"SearchAction\",\"target\":{\"@type\":\"EntryPoint\",\"urlTemplate\":\"https:\\\/\\\/olssonjensen.se\\\/?s={search_term_string}\"},\"query-input\":{\"@type\":\"PropertyValueSpecification\",\"valueRequired\":true,\"valueName\":\"search_term_string\"}}],\"inLanguage\":\"fr-FR\"},{\"@type\":\"Organization\",\"@id\":\"https:\\\/\\\/olssonjensen.se\\\/#organization\",\"name\":\"Olsson & Jensen\",\"url\":\"https:\\\/\\\/olssonjensen.se\\\/\",\"logo\":{\"@type\":\"ImageObject\",\"inLanguage\":\"fr-FR\",\"@id\":\"https:\\\/\\\/olssonjensen.se\\\/#\\\/schema\\\/logo\\\/image\\\/\",\"url\":\"https:\\\/\\\/olssonjensen.se\\\/wp-content\\\/uploads\\\/2022\\\/10\\\/oj_google.png\",\"contentUrl\":\"https:\\\/\\\/olssonjensen.se\\\/wp-content\\\/uploads\\\/2022\\\/10\\\/oj_google.png\",\"width\":800,\"height\":615,\"caption\":\"Olsson & Jensen\"},\"image\":{\"@id\":\"https:\\\/\\\/olssonjensen.se\\\/#\\\/schema\\\/logo\\\/image\\\/\"},\"sameAs\":[\"https:\\\/\\\/www.facebook.com\\\/olssonjensen\",\"https:\\\/\\\/www.instagram.com\\\/olssonjensen\\\/\"]}]}<\/script>\n<!-- \/ Yoast SEO plugin. -->","yoast_head_json":{"title":"Delphine bordstablett brun - Olsson &amp; Jensen","robots":{"index":"index","follow":"follow","max-snippet":"max-snippet:-1","max-image-preview":"max-image-preview:large","max-video-preview":"max-video-preview:-1"},"canonical":"https:\/\/olssonjensen.se\/fr\/produit\/delphine-bordstablett-brun\/","og_locale":"fr_FR","og_type":"article","og_title":"Delphine bordstablett brun - Olsson &amp; Jensen","og_description":"V\u00e4ndbar bordstablett i bomullssammet med v\u00e5gad kant","og_url":"https:\/\/olssonjensen.se\/fr\/produit\/delphine-bordstablett-brun\/","og_site_name":"Olsson &amp; Jensen","article_publisher":"https:\/\/www.facebook.com\/olssonjensen","article_modified_time":"2026-04-21T11:29:55+00:00","og_image":[{"width":1280,"height":1920,"url":"https:\/\/olssonjensen.se\/wp-content\/uploads\/2026\/03\/NHT012514.jpg","type":"image\/jpeg"}],"twitter_card":"summary_large_image","twitter_misc":{"Dur\u00e9e de lecture estim\u00e9e":"1 minute"},"schema":{"@context":"https:\/\/schema.org","@graph":[{"@type":"WebPage","@id":"https:\/\/olssonjensen.se\/produkt\/delphine-bordstablett-brun\/","url":"https:\/\/olssonjensen.se\/produkt\/delphine-bordstablett-brun\/","name":"Delphine bordstablett brun - Olsson &amp; Jensen","isPartOf":{"@id":"https:\/\/olssonjensen.se\/#website"},"primaryImageOfPage":{"@id":"https:\/\/olssonjensen.se\/produkt\/delphine-bordstablett-brun\/#primaryimage"},"image":{"@id":"https:\/\/olssonjensen.se\/produkt\/delphine-bordstablett-brun\/#primaryimage"},"thumbnailUrl":"https:\/\/olssonjensen.se\/wp-content\/uploads\/2026\/03\/NHT012514.jpg","datePublished":"2026-03-30T09:50:15+00:00","dateModified":"2026-04-21T11:29:55+00:00","breadcrumb":{"@id":"https:\/\/olssonjensen.se\/produkt\/delphine-bordstablett-brun\/#breadcrumb"},"inLanguage":"fr-FR","potentialAction":[{"@type":"ReadAction","target":["https:\/\/olssonjensen.se\/produkt\/delphine-bordstablett-brun\/"]}]},{"@type":"ImageObject","inLanguage":"fr-FR","@id":"https:\/\/olssonjensen.se\/produkt\/delphine-bordstablett-brun\/#primaryimage","url":"https:\/\/olssonjensen.se\/wp-content\/uploads\/2026\/03\/NHT012514.jpg","contentUrl":"https:\/\/olssonjensen.se\/wp-content\/uploads\/2026\/03\/NHT012514.jpg","width":1280,"height":1920},{"@type":"BreadcrumbList","@id":"https:\/\/olssonjensen.se\/produkt\/delphine-bordstablett-brun\/#breadcrumb","itemListElement":[{"@type":"ListItem","position":1,"name":"Hem","item":"https:\/\/olssonjensen.se\/"},{"@type":"ListItem","position":2,"name":"Shop","item":"https:\/\/olssonjensen.se\/shop\/"},{"@type":"ListItem","position":3,"name":"Delphine bordstablett brun"}]},{"@type":"WebSite","@id":"https:\/\/olssonjensen.se\/#website","url":"https:\/\/olssonjensen.se\/","name":"Olsson &amp; Jensen","description":"Inredning, vintagem\u00f6bler och mycket mer","publisher":{"@id":"https:\/\/olssonjensen.se\/#organization"},"potentialAction":[{"@type":"SearchAction","target":{"@type":"EntryPoint","urlTemplate":"https:\/\/olssonjensen.se\/?s={search_term_string}"},"query-input":{"@type":"PropertyValueSpecification","valueRequired":true,"valueName":"search_term_string"}}],"inLanguage":"fr-FR"},{"@type":"Organization","@id":"https:\/\/olssonjensen.se\/#organization","name":"Olsson &amp; Jensen","url":"https:\/\/olssonjensen.se\/","logo":{"@type":"ImageObject","inLanguage":"fr-FR","@id":"https:\/\/olssonjensen.se\/#\/schema\/logo\/image\/","url":"https:\/\/olssonjensen.se\/wp-content\/uploads\/2022\/10\/oj_google.png","contentUrl":"https:\/\/olssonjensen.se\/wp-content\/uploads\/2022\/10\/oj_google.png","width":800,"height":615,"caption":"Olsson & Jensen"},"image":{"@id":"https:\/\/olssonjensen.se\/#\/schema\/logo\/image\/"},"sameAs":["https:\/\/www.facebook.com\/olssonjensen","https:\/\/www.instagram.com\/olssonjensen\/"]}]}},"_links":{"self":[{"href":"https:\/\/olssonjensen.se\/fr\/wp-json\/wp\/v2\/product\/55713","targetHints":{"allow":["GET"]}}],"collection":[{"href":"https:\/\/olssonjensen.se\/fr\/wp-json\/wp\/v2\/product"}],"about":[{"href":"https:\/\/olssonjensen.se\/fr\/wp-json\/wp\/v2\/types\/product"}],"wp:featuredmedia":[{"embeddable":true,"href":"https:\/\/olssonjensen.se\/fr\/wp-json\/wp\/v2\/media\/56141"}],"wp:attachment":[{"href":"https:\/\/olssonjensen.se\/fr\/wp-json\/wp\/v2\/media?parent=55713"}],"wp:term":[{"taxonomy":"product_brand","embeddable":true,"href":"https:\/\/olssonjensen.se\/fr\/wp-json\/wp\/v2\/product_brand?post=55713"},{"taxonomy":"product_cat","embeddable":true,"href":"https:\/\/olssonjensen.se\/fr\/wp-json\/wp\/v2\/product_cat?post=55713"},{"taxonomy":"product_tag","embeddable":true,"href":"https:\/\/olssonjensen.se\/fr\/wp-json\/wp\/v2\/product_tag?post=55713"}],"curies":[{"name":"wp","href":"https:\/\/api.w.org\/{rel}","templated":true}]}}